{"id":16696,"date":"2025-11-12T10:05:11","date_gmt":"2025-11-12T14:05:11","guid":{"rendered":"https:\/\/mawuartgallery.com\/?post_type=product&#038;p=16696"},"modified":"2025-11-18T14:17:14","modified_gmt":"2025-11-18T18:17:14","slug":"connections-ii","status":"publish","type":"product","link":"https:\/\/mawuartgallery.com\/fr\/produit\/connections-ii\/","title":{"rendered":"Connexions II"},"content":{"rendered":"<p>\u00ab Connections II \u00bb poursuit le dialogue entam\u00e9 dans \u00ab Connections I \u00bb, mais offre une perspective diff\u00e9rente : un \u00e9tat d'\u00eatre qui nous reconnecte \u00e0 la r\u00e9alit\u00e9 interd\u00e9pendante dans laquelle nous existons tous. Les enfants repr\u00e9sent\u00e9s dans le tableau, insouciants alors qu'ils jouent dans un cadre magnifique, incarnent visuellement le lien entre la beaut\u00e9 et l'innocence enfantine, un \u00e9tat que beaucoup d'entre nous ont d\u00e9pass\u00e9 et auquel nous revenons rarement.<br \/>\n&nbsp;<br \/>\nAlors que la masculinit\u00e9 et la f\u00e9minit\u00e9 sont largement encourag\u00e9es et explor\u00e9es, un \u00e9tat d'\u00eatre subtil mais essentiel est souvent n\u00e9glig\u00e9 : l'esprit enfantin. La beaut\u00e9 que l'on trouve dans cet \u00e9tat est sans pareille.<br \/>\n&nbsp;<br \/>\nCette \u0153uvre nous rappelle que nous avons tous \u00e9t\u00e9 des enfants un jour, et que certaines des le\u00e7ons les plus importantes pour rester humains dans un monde chaotique peuvent \u00eatre apprises aupr\u00e8s des enfants.<\/p>","protected":false},"excerpt":{"rendered":"<h6><strong>Artiste : <span style=\"color: #0000ff;\"><a style=\"color: #0000ff;\" href=\"https:\/\/mawuartgallery.com\/fr\/portfolio-item\/leonard-ogar\/\">LEONARD OGAR<\/a><\/span><\/strong><\/h6>\n<p>Huile sur toile<br \/>\n(121 x 91 cm \/ 48 x 36 po)<br \/>\nCr\u00e9\u00e9e en 2024<\/p>\n<p>&nbsp;<\/p>\n<p><em>Cet article est soigneusement enroul\u00e9 et exp\u00e9di\u00e9 dans un tube d'exp\u00e9dition afin de garantir une livraison en toute s\u00e9curit\u00e9.<\/em><\/p>\n<p>&nbsp;<\/p>\n<p><strong><em>Pour nous assurer que l'\u0153uvre r\u00e9pond \u00e0 vos attentes, nous serions ravis de vous en fournir une vid\u00e9o en haute d\u00e9finition accompagn\u00e9e des commentaires de l'artiste, avant que vous ne proc\u00e9diez \u00e0 l'achat. Pour ce faire, il vous suffit de communiquer avec nous par courriel \u00e0 <a rel=\"noopener\">mawuartgallery@gmail.com<\/a> D\u00e8s r\u00e9ception de votre demande, nous vous ferons parvenir une ou plusieurs vid\u00e9os\/photos selon votre choix.<\/em><\/strong><\/p>\n<p>&nbsp;<\/p>\n<p><strong>LIVRAISON GRATUITE POUR TOUTES LES COMMANDES<\/strong><\/p>","protected":false},"featured_media":16699,"comment_status":"open","ping_status":"closed","template":"","meta":{"nf_dc_page":""},"product_brand":[],"product_cat":[70,43],"product_tag":[32,34,42],"class_list":{"0":"post-16696","1":"product","2":"type-product","3":"status-publish","4":"has-post-thumbnail","6":"product_cat-oil-painting","7":"product_cat-paintings","8":"product_tag-art","9":"product_tag-color","10":"product_tag-painting","11":"product_shipping_class-mailing-tube","13":"first","14":"instock","15":"sold-individually","16":"shipping-taxable","17":"purchasable","18":"product-type-simple"},"_links":{"self":[{"href":"https:\/\/mawuartgallery.com\/fr\/wp-json\/wp\/v2\/product\/16696","targetHints":{"allow":["GET"]}}],"collection":[{"href":"https:\/\/mawuartgallery.com\/fr\/wp-json\/wp\/v2\/product"}],"about":[{"href":"https:\/\/mawuartgallery.com\/fr\/wp-json\/wp\/v2\/types\/product"}],"replies":[{"embeddable":true,"href":"https:\/\/mawuartgallery.com\/fr\/wp-json\/wp\/v2\/comments?post=16696"}],"version-history":[{"count":3,"href":"https:\/\/mawuartgallery.com\/fr\/wp-json\/wp\/v2\/product\/16696\/revisions"}],"predecessor-version":[{"id":16772,"href":"https:\/\/mawuartgallery.com\/fr\/wp-json\/wp\/v2\/product\/16696\/revisions\/16772"}],"wp:featuredmedia":[{"embeddable":true,"href":"https:\/\/mawuartgallery.com\/fr\/wp-json\/wp\/v2\/media\/16699"}],"wp:attachment":[{"href":"https:\/\/mawuartgallery.com\/fr\/wp-json\/wp\/v2\/media?parent=16696"}],"wp:term":[{"taxonomy":"product_brand","embeddable":true,"href":"https:\/\/mawuartgallery.com\/fr\/wp-json\/wp\/v2\/product_brand?post=16696"},{"taxonomy":"product_cat","embeddable":true,"href":"https:\/\/mawuartgallery.com\/fr\/wp-json\/wp\/v2\/product_cat?post=16696"},{"taxonomy":"product_tag","embeddable":true,"href":"https:\/\/mawuartgallery.com\/fr\/wp-json\/wp\/v2\/product_tag?post=16696"}],"curies":[{"name":"wp","href":"https:\/\/api.w.org\/{rel}","templated":true}]}}