{"id":16690,"date":"2025-11-12T09:51:32","date_gmt":"2025-11-12T13:51:32","guid":{"rendered":"https:\/\/mawuartgallery.com\/?post_type=product&#038;p=16690"},"modified":"2025-11-18T14:10:44","modified_gmt":"2025-11-18T18:10:44","slug":"connections-i","status":"publish","type":"product","link":"https:\/\/mawuartgallery.com\/fr\/produit\/connections-i\/","title":{"rendered":"Connexions I"},"content":{"rendered":"<p>Cette \u0153uvre, intitul\u00e9e \u00ab Connections I \u00bb, \u00e9voque la beaut\u00e9, l'espoir et l'h\u00e9ritage. Le th\u00e8me de l'\u0153uvre est impr\u00e9gn\u00e9 d'un message d'espoir qui transcende l'\u00e9vidence et l'apparence, un espoir qui voit au-del\u00e0 de la r\u00e9tine physique, un espoir qui d\u00e9passe les obstacles que l'injustice de la vie nous impose, refusant de se laisser d\u00e9finir par eux.<br \/>\n&nbsp;<br \/>\nEn tant qu'\u00eatres humains, cette peinture devient un pan\u00e9gyrique visuel qui c\u00e9l\u00e8bre notre beaut\u00e9 et notre potentiel invisibles, nous rappelant que la beaut\u00e9 peut \u00e9merger des endroits les plus inattendus et que de grandes choses peuvent na\u00eetre de petits commencements.<\/p>","protected":false},"excerpt":{"rendered":"<h6><strong>Artiste : <span style=\"color: #0000ff;\"><a style=\"color: #0000ff;\" href=\"https:\/\/mawuartgallery.com\/fr\/portfolio-item\/leonard-ogar\/\">LEONARD OGAR<\/a><\/span><\/strong><\/h6>\n<p>Huile sur toile<br \/>\n(121 x 91 cm \/ 48 x 36 po)<br \/>\nCr\u00e9\u00e9e en 2024<\/p>\n<p>&nbsp;<\/p>\n<p><em>Cet article est soigneusement enroul\u00e9 et exp\u00e9di\u00e9 dans un tube d'exp\u00e9dition afin de garantir une livraison en toute s\u00e9curit\u00e9.<\/em><\/p>\n<p>&nbsp;<\/p>\n<p><strong><em>Pour nous assurer que l'\u0153uvre r\u00e9pond \u00e0 vos attentes, nous serions ravis de vous en fournir une vid\u00e9o en haute d\u00e9finition accompagn\u00e9e des commentaires de l'artiste, avant que vous ne proc\u00e9diez \u00e0 l'achat. Pour ce faire, il vous suffit de communiquer avec nous par courriel \u00e0 <a rel=\"noopener\">mawuartgallery@gmail.com<\/a> D\u00e8s r\u00e9ception de votre demande, nous vous ferons parvenir une ou plusieurs vid\u00e9os\/photos selon votre choix.<\/em><\/strong><\/p>\n<p>&nbsp;<\/p>\n<p><strong>LIVRAISON GRATUITE POUR TOUTES LES COMMANDES<\/strong><\/p>","protected":false},"featured_media":16692,"comment_status":"open","ping_status":"closed","template":"","meta":{"nf_dc_page":""},"product_brand":[],"product_cat":[70,43],"product_tag":[32,34,42],"class_list":{"0":"post-16690","1":"product","2":"type-product","3":"status-publish","4":"has-post-thumbnail","6":"product_cat-oil-painting","7":"product_cat-paintings","8":"product_tag-art","9":"product_tag-color","10":"product_tag-painting","11":"product_shipping_class-mailing-tube","13":"first","14":"instock","15":"sold-individually","16":"shipping-taxable","17":"purchasable","18":"product-type-simple"},"_links":{"self":[{"href":"https:\/\/mawuartgallery.com\/fr\/wp-json\/wp\/v2\/product\/16690","targetHints":{"allow":["GET"]}}],"collection":[{"href":"https:\/\/mawuartgallery.com\/fr\/wp-json\/wp\/v2\/product"}],"about":[{"href":"https:\/\/mawuartgallery.com\/fr\/wp-json\/wp\/v2\/types\/product"}],"replies":[{"embeddable":true,"href":"https:\/\/mawuartgallery.com\/fr\/wp-json\/wp\/v2\/comments?post=16690"}],"version-history":[{"count":3,"href":"https:\/\/mawuartgallery.com\/fr\/wp-json\/wp\/v2\/product\/16690\/revisions"}],"predecessor-version":[{"id":16695,"href":"https:\/\/mawuartgallery.com\/fr\/wp-json\/wp\/v2\/product\/16690\/revisions\/16695"}],"wp:featuredmedia":[{"embeddable":true,"href":"https:\/\/mawuartgallery.com\/fr\/wp-json\/wp\/v2\/media\/16692"}],"wp:attachment":[{"href":"https:\/\/mawuartgallery.com\/fr\/wp-json\/wp\/v2\/media?parent=16690"}],"wp:term":[{"taxonomy":"product_brand","embeddable":true,"href":"https:\/\/mawuartgallery.com\/fr\/wp-json\/wp\/v2\/product_brand?post=16690"},{"taxonomy":"product_cat","embeddable":true,"href":"https:\/\/mawuartgallery.com\/fr\/wp-json\/wp\/v2\/product_cat?post=16690"},{"taxonomy":"product_tag","embeddable":true,"href":"https:\/\/mawuartgallery.com\/fr\/wp-json\/wp\/v2\/product_tag?post=16690"}],"curies":[{"name":"wp","href":"https:\/\/api.w.org\/{rel}","templated":true}]}}