{"id":16683,"date":"2025-11-12T09:33:24","date_gmt":"2025-11-12T13:33:24","guid":{"rendered":"https:\/\/mawuartgallery.com\/?post_type=product&#038;p=16683"},"modified":"2025-11-18T13:07:56","modified_gmt":"2025-11-18T17:07:56","slug":"my-world","status":"publish","type":"product","link":"https:\/\/mawuartgallery.com\/fr\/produit\/my-world\/","title":{"rendered":"Mon monde"},"content":{"rendered":"<p>\u00ab Mon monde \u00bb est une r\u00e9flexion sur le cycle continu de la vie et la qu\u00eate humaine de paix et de tranquillit\u00e9, \u00e0 l'image du b\u00e9b\u00e9 repr\u00e9sent\u00e9 dans l'\u0153uvre. Le plus souvent, le d\u00e9sir sous-jacent de chaque personne qui se pr\u00e9sente chaque jour pour travailler, ou m\u00eame de celles qui ont envie de jeter l'\u00e9ponge, est l'espoir d'une vie et d'un quotidien meilleurs.<br \/>\n&nbsp;<br \/>\nLe tableau offre une repr\u00e9sentation visuelle de ce d\u00e9sir universel : un \u00e9tat de calme et de s\u00e9r\u00e9nit\u00e9. Il rappelle aux observateurs que leur travail et leurs efforts sont reconnus et c\u00e9l\u00e9br\u00e9s, et devient ainsi une source de motivation pour ceux qui traversent eux aussi ce m\u00eame cycle de vie.<\/p>","protected":false},"excerpt":{"rendered":"<h6><strong>Artiste : <span style=\"color: #0000ff;\"><a style=\"color: #0000ff;\" href=\"https:\/\/mawuartgallery.com\/fr\/portfolio-item\/leonard-ogar\/\">LEONARD OGAR<\/a><\/span><\/strong><\/h6>\n<p>Huile sur toile<br \/>\n(106 x 91 cm \/ 42 x 36 po)<br \/>\nCr\u00e9\u00e9e en 2024<\/p>\n<p>&nbsp;<\/p>\n<p><em>Cet article est soigneusement enroul\u00e9 et exp\u00e9di\u00e9 dans un tube d'exp\u00e9dition afin de garantir une livraison en toute s\u00e9curit\u00e9.<\/em><\/p>\n<p>&nbsp;<\/p>\n<p><strong><em>Pour nous assurer que l'\u0153uvre r\u00e9pond \u00e0 vos attentes, nous serions ravis de vous en fournir une vid\u00e9o en haute d\u00e9finition accompagn\u00e9e des commentaires de l'artiste, avant que vous ne proc\u00e9diez \u00e0 l'achat. Pour ce faire, il vous suffit de communiquer avec nous par courriel \u00e0 <a rel=\"noopener\">mawuartgallery@gmail.com<\/a> D\u00e8s r\u00e9ception de votre demande, nous vous ferons parvenir une ou plusieurs vid\u00e9os\/photos selon votre choix.<\/em><\/strong><\/p>\n<p>&nbsp;<\/p>\n<p><strong>LIVRAISON GRATUITE POUR TOUTES LES COMMANDES<\/strong><\/p>","protected":false},"featured_media":16687,"comment_status":"open","ping_status":"closed","template":"","meta":{"nf_dc_page":""},"product_brand":[],"product_cat":[70,43],"product_tag":[32,34,42],"class_list":{"0":"post-16683","1":"product","2":"type-product","3":"status-publish","4":"has-post-thumbnail","6":"product_cat-oil-painting","7":"product_cat-paintings","8":"product_tag-art","9":"product_tag-color","10":"product_tag-painting","11":"product_shipping_class-mailing-tube","13":"first","14":"instock","15":"sold-individually","16":"shipping-taxable","17":"purchasable","18":"product-type-simple"},"_links":{"self":[{"href":"https:\/\/mawuartgallery.com\/fr\/wp-json\/wp\/v2\/product\/16683","targetHints":{"allow":["GET"]}}],"collection":[{"href":"https:\/\/mawuartgallery.com\/fr\/wp-json\/wp\/v2\/product"}],"about":[{"href":"https:\/\/mawuartgallery.com\/fr\/wp-json\/wp\/v2\/types\/product"}],"replies":[{"embeddable":true,"href":"https:\/\/mawuartgallery.com\/fr\/wp-json\/wp\/v2\/comments?post=16683"}],"version-history":[{"count":4,"href":"https:\/\/mawuartgallery.com\/fr\/wp-json\/wp\/v2\/product\/16683\/revisions"}],"predecessor-version":[{"id":16689,"href":"https:\/\/mawuartgallery.com\/fr\/wp-json\/wp\/v2\/product\/16683\/revisions\/16689"}],"wp:featuredmedia":[{"embeddable":true,"href":"https:\/\/mawuartgallery.com\/fr\/wp-json\/wp\/v2\/media\/16687"}],"wp:attachment":[{"href":"https:\/\/mawuartgallery.com\/fr\/wp-json\/wp\/v2\/media?parent=16683"}],"wp:term":[{"taxonomy":"product_brand","embeddable":true,"href":"https:\/\/mawuartgallery.com\/fr\/wp-json\/wp\/v2\/product_brand?post=16683"},{"taxonomy":"product_cat","embeddable":true,"href":"https:\/\/mawuartgallery.com\/fr\/wp-json\/wp\/v2\/product_cat?post=16683"},{"taxonomy":"product_tag","embeddable":true,"href":"https:\/\/mawuartgallery.com\/fr\/wp-json\/wp\/v2\/product_tag?post=16683"}],"curies":[{"name":"wp","href":"https:\/\/api.w.org\/{rel}","templated":true}]}}