{"id":16663,"date":"2025-11-11T11:21:32","date_gmt":"2025-11-11T15:21:32","guid":{"rendered":"https:\/\/mawuartgallery.com\/?post_type=product&#038;p=16663"},"modified":"2025-11-18T12:51:41","modified_gmt":"2025-11-18T16:51:41","slug":"praise-singers","status":"publish","type":"product","link":"https:\/\/mawuartgallery.com\/fr\/produit\/praise-singers\/","title":{"rendered":"Chanteuses de louanges"},"content":{"rendered":"<p><em>Chanteuses de louanges<\/em> \u00e9voque l'exp\u00e9rience euphorique que l'on trouve au sein d'une communaut\u00e9 fond\u00e9e sur la foi. Il s'agit d'une tentative de d\u00e9peindre la symphonie qui na\u00eet d'une belle interd\u00e9pendance entre les individus, une \u00e9nergie qui peut finalement se propager et fa\u00e7onner nos perspectives communes.<\/p>\n<p>&nbsp;<br \/>\nLes personnages du tableau se tiennent debout avec \u00e9l\u00e9gance et assurance, chacun tenant fermement une brochure. Cet objet commun symbolise les liens qui nous unissent et nous soutiennent collectivement.<\/p>\n<p>&nbsp;<br \/>\nCette \u0153uvre rappelle la forme \u00ab la plus \u00e9lev\u00e9e \u00bb de relation, telle que Stephen Covey la d\u00e9crit dans son livre Les 7 habitudes des gens efficaces : l'interd\u00e9pendance.<\/p>","protected":false},"excerpt":{"rendered":"<h6><strong>Artiste : <span style=\"color: #0000ff;\"><a style=\"color: #0000ff;\" href=\"https:\/\/mawuartgallery.com\/fr\/portfolio-item\/leonard-ogar\/\">LEONARD OGAR<\/a><\/span><\/strong><\/h6>\n<p>Huile sur toile<br \/>\n(42 x 42 in \/ 106 x 106 cm)<br \/>\nCr\u00e9\u00e9e en 2023<\/p>\n<p>&nbsp;<\/p>\n<p><em>Cet article est soigneusement enroul\u00e9 et exp\u00e9di\u00e9 dans un tube d'exp\u00e9dition afin de garantir une livraison en toute s\u00e9curit\u00e9.<\/em><\/p>\n<p>&nbsp;<\/p>\n<p><strong><em>Pour nous assurer que l'\u0153uvre r\u00e9pond \u00e0 vos attentes, nous serions ravis de vous en fournir une vid\u00e9o en haute d\u00e9finition accompagn\u00e9e des commentaires de l'artiste, avant que vous ne proc\u00e9diez \u00e0 l'achat. Pour ce faire, il vous suffit de communiquer avec nous par courriel \u00e0 <a rel=\"noopener\">mawuartgallery@gmail.com<\/a> D\u00e8s r\u00e9ception de votre demande, nous vous ferons parvenir une ou plusieurs vid\u00e9os\/photos selon votre choix.<\/em><\/strong><\/p>\n<p>&nbsp;<\/p>\n<p><strong>LIVRAISON GRATUITE POUR TOUTES LES COMMANDES<\/strong><\/p>","protected":false},"featured_media":16669,"comment_status":"open","ping_status":"closed","template":"","meta":{"nf_dc_page":""},"product_brand":[],"product_cat":[70,43],"product_tag":[32,34,42],"class_list":{"0":"post-16663","1":"product","2":"type-product","3":"status-publish","4":"has-post-thumbnail","6":"product_cat-oil-painting","7":"product_cat-paintings","8":"product_tag-art","9":"product_tag-color","10":"product_tag-painting","11":"product_shipping_class-mailing-tube","13":"first","14":"instock","15":"sold-individually","16":"shipping-taxable","17":"purchasable","18":"product-type-simple"},"_links":{"self":[{"href":"https:\/\/mawuartgallery.com\/fr\/wp-json\/wp\/v2\/product\/16663","targetHints":{"allow":["GET"]}}],"collection":[{"href":"https:\/\/mawuartgallery.com\/fr\/wp-json\/wp\/v2\/product"}],"about":[{"href":"https:\/\/mawuartgallery.com\/fr\/wp-json\/wp\/v2\/types\/product"}],"replies":[{"embeddable":true,"href":"https:\/\/mawuartgallery.com\/fr\/wp-json\/wp\/v2\/comments?post=16663"}],"version-history":[{"count":5,"href":"https:\/\/mawuartgallery.com\/fr\/wp-json\/wp\/v2\/product\/16663\/revisions"}],"predecessor-version":[{"id":16768,"href":"https:\/\/mawuartgallery.com\/fr\/wp-json\/wp\/v2\/product\/16663\/revisions\/16768"}],"wp:featuredmedia":[{"embeddable":true,"href":"https:\/\/mawuartgallery.com\/fr\/wp-json\/wp\/v2\/media\/16669"}],"wp:attachment":[{"href":"https:\/\/mawuartgallery.com\/fr\/wp-json\/wp\/v2\/media?parent=16663"}],"wp:term":[{"taxonomy":"product_brand","embeddable":true,"href":"https:\/\/mawuartgallery.com\/fr\/wp-json\/wp\/v2\/product_brand?post=16663"},{"taxonomy":"product_cat","embeddable":true,"href":"https:\/\/mawuartgallery.com\/fr\/wp-json\/wp\/v2\/product_cat?post=16663"},{"taxonomy":"product_tag","embeddable":true,"href":"https:\/\/mawuartgallery.com\/fr\/wp-json\/wp\/v2\/product_tag?post=16663"}],"curies":[{"name":"wp","href":"https:\/\/api.w.org\/{rel}","templated":true}]}}