{"id":15902,"date":"2025-09-24T11:19:10","date_gmt":"2025-09-24T15:19:10","guid":{"rendered":"https:\/\/mawuartgallery.com\/?post_type=product&#038;p=15902"},"modified":"2025-10-14T13:04:02","modified_gmt":"2025-10-14T17:04:02","slug":"metamorphosis","status":"publish","type":"product","link":"https:\/\/mawuartgallery.com\/fr\/produit\/metamorphosis\/","title":{"rendered":"M\u00e9tamorphose"},"content":{"rendered":"<p>Le changement est l'essence m\u00eame de la vie \u2014 un doux rappel que la croissance nous demande souvent de renoncer \u00e0 ce que nous sommes pour devenir ce que nous sommes en train de devenir. C'est la seule v\u00e9ritable constante, qui nous guide \u00e0 travers les saisons de transformation et de renouveau. Chaque nouveau d\u00e9part na\u00eet de la fin d'un autre, faisant \u00e9cho au rythme naturel de l'\u00e9volution. S'am\u00e9liorer, c'est changer ; \u00e9voluer vers la perfection, c'est accepter le changement en permanence.<\/p>","protected":false},"excerpt":{"rendered":"<h6><strong>Artiste : <span style=\"color: #0000ff;\"><a style=\"color: #0000ff;\" href=\"https:\/\/mawuartgallery.com\/fr\/portfolio-item\/gbonjubola-obatuyi\/\">BOLA OBATUYI<\/a><\/span><\/strong><\/h6>\n<p>Tissu et acrylique sur toile<br \/>\n(91 x 91 cm \/ 36 x 36 po)<br \/>\nCr\u00e9\u00e9e en 2025<\/p>\n<p>&nbsp;<\/p>\n<p><em>Cet article est soigneusement enroul\u00e9 et exp\u00e9di\u00e9 dans un tube d'exp\u00e9dition afin de garantir une livraison en toute s\u00e9curit\u00e9.<\/em><\/p>\n<p>&nbsp;<\/p>\n<p><strong><em>Pour nous assurer que l'\u0153uvre r\u00e9pond \u00e0 vos attentes, nous serions ravis de vous en fournir une vid\u00e9o en haute d\u00e9finition accompagn\u00e9e des commentaires de l'artiste, avant que vous ne proc\u00e9diez \u00e0 l'achat. Pour ce faire, il vous suffit de communiquer avec nous par courriel \u00e0 <a rel=\"noopener\">mawuartgallery@gmail.com<\/a> D\u00e8s r\u00e9ception de votre demande, nous vous ferons parvenir une ou plusieurs vid\u00e9os\/photos selon votre choix.\u00a0<\/em><\/strong><\/p>\n<p>&nbsp;<\/p>\n<p><strong>LIVRAISON GRATUITE POUR TOUTES LES COMMANDES<\/strong><\/p>","protected":false},"featured_media":15906,"comment_status":"open","ping_status":"closed","template":"","meta":{"nf_dc_page":""},"product_brand":[],"product_cat":[112,148,113,43],"product_tag":[32,34,42],"class_list":{"0":"post-15902","1":"product","2":"type-product","3":"status-publish","4":"has-post-thumbnail","6":"product_cat-acrylic","7":"product_cat-fabrics","8":"product_cat-mixed-media","9":"product_cat-paintings","10":"product_tag-art","11":"product_tag-color","12":"product_tag-painting","13":"product_shipping_class-mailing-tube","15":"first","16":"instock","17":"sold-individually","18":"shipping-taxable","19":"purchasable","20":"product-type-simple"},"_links":{"self":[{"href":"https:\/\/mawuartgallery.com\/fr\/wp-json\/wp\/v2\/product\/15902","targetHints":{"allow":["GET"]}}],"collection":[{"href":"https:\/\/mawuartgallery.com\/fr\/wp-json\/wp\/v2\/product"}],"about":[{"href":"https:\/\/mawuartgallery.com\/fr\/wp-json\/wp\/v2\/types\/product"}],"replies":[{"embeddable":true,"href":"https:\/\/mawuartgallery.com\/fr\/wp-json\/wp\/v2\/comments?post=15902"}],"version-history":[{"count":5,"href":"https:\/\/mawuartgallery.com\/fr\/wp-json\/wp\/v2\/product\/15902\/revisions"}],"predecessor-version":[{"id":16152,"href":"https:\/\/mawuartgallery.com\/fr\/wp-json\/wp\/v2\/product\/15902\/revisions\/16152"}],"wp:featuredmedia":[{"embeddable":true,"href":"https:\/\/mawuartgallery.com\/fr\/wp-json\/wp\/v2\/media\/15906"}],"wp:attachment":[{"href":"https:\/\/mawuartgallery.com\/fr\/wp-json\/wp\/v2\/media?parent=15902"}],"wp:term":[{"taxonomy":"product_brand","embeddable":true,"href":"https:\/\/mawuartgallery.com\/fr\/wp-json\/wp\/v2\/product_brand?post=15902"},{"taxonomy":"product_cat","embeddable":true,"href":"https:\/\/mawuartgallery.com\/fr\/wp-json\/wp\/v2\/product_cat?post=15902"},{"taxonomy":"product_tag","embeddable":true,"href":"https:\/\/mawuartgallery.com\/fr\/wp-json\/wp\/v2\/product_tag?post=15902"}],"curies":[{"name":"wp","href":"https:\/\/api.w.org\/{rel}","templated":true}]}}