{"id":15839,"date":"2025-09-12T16:36:36","date_gmt":"2025-09-12T20:36:36","guid":{"rendered":"https:\/\/mawuartgallery.com\/?post_type=product&#038;p=15839"},"modified":"2025-10-10T16:03:41","modified_gmt":"2025-10-10T20:03:41","slug":"in-the-grip-of-times-vines","status":"publish","type":"product","link":"https:\/\/mawuartgallery.com\/fr\/produit\/in-the-grip-of-times-vines\/","title":{"rendered":"Dans l'\u00e9treinte des vignes du temps"},"content":{"rendered":"<p data-start=\"105\" data-end=\"556\"><em data-start=\"105\" data-end=\"134\">Dans l'\u00e9treinte des vignes du temps<\/em> est une m\u00e9ditation sur les r\u00e9alit\u00e9s multiples de la condition f\u00e9minine, en particulier dans les soci\u00e9t\u00e9s o\u00f9 la vie d'une femme est rythm\u00e9e par des horloges qu'elle n'a jamais r\u00e9gl\u00e9es. Au centre, une femme tient tendrement son partenaire dans ses bras, mais dans son autre main, elle serre une horloge enlac\u00e9e par des vignes rampantes. Ces vignes symbolisent la lente invasion des attentes : quand aimer, quand se marier, quand avoir des enfants, quand se plier aux id\u00e9aux impos\u00e9s par l'ext\u00e9rieur.<\/p>\n<p>&nbsp;<\/p>\n<p data-start=\"558\" data-end=\"943\">Un serpent rouge vif se faufile \u00e0 travers cette intimit\u00e9, se d\u00e9pla\u00e7ant sous l'\u00e9treinte et au-dessus de la v\u00e9g\u00e9tation luxuriante. Inspir\u00e9 de l'histoire biblique d'Adam et \u00c8ve, le serpent n'est pas ici simplement une tentation, mais la pr\u00e9sence d'un savoir cach\u00e9, d'une tromperie d\u00e9guis\u00e9e en attention, d'une tradition masquant le contr\u00f4le. Il devient un symbole de la pression patriarcale : subtile, durable et lourde de cons\u00e9quences.<\/p>\n<p>&nbsp;<\/p>\n<p data-start=\"945\" data-end=\"1232\">En invoquant \u00c8ve, l'\u0153uvre red\u00e9finit le serpent non pas comme un pr\u00e9sage de chute, mais comme un symbole de conscience \u2014 les v\u00e9rit\u00e9s difficiles que les femmes sont souvent contraintes de porter seules. Le tableau capture une tension famili\u00e8re \u00e0 beaucoup : une intimit\u00e9 assombrie par des contraintes, un amour m\u00eal\u00e9 \u00e0 des attentes.<\/p>\n<p>&nbsp;<\/p>\n<p data-start=\"1234\" data-end=\"1396\">Cette \u0153uvre invite les spectateurs \u00e0 r\u00e9fl\u00e9chir : qu'est-ce qui nous lie? Quels h\u00e9ritages continuons-nous \u00e0 porter? Et \u00e0 partir de quand l'attention cesse-t-elle d'\u00eatre de l'attention pour devenir tout autre chose?<\/p>","protected":false},"excerpt":{"rendered":"<h6><strong>Artiste : <span style=\"color: #0000ff;\"><a style=\"color: #0000ff;\" href=\"https:\/\/mawuartgallery.com\/fr\/portfolio-item\/yakno-abasi-ene\/\">YAKNOABASI ENE<\/a><\/span><\/strong><\/h6>\n<p>M\u00e9dias mixtes sur toile<br \/>\n(120 x 95 cm \/ 47,5 x 37,5 po)<br \/>\nCr\u00e9\u00e9e en 2025<\/p>\n<p>&nbsp;<\/p>\n<p><em>Cet article est soigneusement enroul\u00e9 et exp\u00e9di\u00e9 dans un tube d'exp\u00e9dition afin de garantir une livraison en toute s\u00e9curit\u00e9.<\/em><\/p>\n<p>&nbsp;<\/p>\n<p><strong><em>Pour nous assurer que l'\u0153uvre r\u00e9pond \u00e0 vos attentes, nous serions ravis de vous en fournir une vid\u00e9o en haute d\u00e9finition accompagn\u00e9e des commentaires de l'artiste, avant que vous ne proc\u00e9diez \u00e0 l'achat. Pour ce faire, il vous suffit de communiquer avec nous par courriel \u00e0 <a rel=\"noopener\">mawuartgallery@gmail.com<\/a> D\u00e8s r\u00e9ception de votre demande, nous vous ferons parvenir une ou plusieurs vid\u00e9os\/photos selon votre choix.\u00a0<\/em><\/strong><\/p>\n<p>&nbsp;<\/p>\n<p><strong>LIVRAISON GRATUITE POUR TOUTES LES COMMANDES<\/strong><\/p>","protected":false},"featured_media":15802,"comment_status":"open","ping_status":"closed","template":"","meta":{"nf_dc_page":""},"product_brand":[],"product_cat":[112,113,43],"product_tag":[32,34,42],"class_list":{"0":"post-15839","1":"product","2":"type-product","3":"status-publish","4":"has-post-thumbnail","6":"product_cat-acrylic","7":"product_cat-mixed-media","8":"product_cat-paintings","9":"product_tag-art","10":"product_tag-color","11":"product_tag-painting","12":"product_shipping_class-mailing-tube","14":"first","15":"instock","16":"sold-individually","17":"shipping-taxable","18":"purchasable","19":"product-type-simple"},"_links":{"self":[{"href":"https:\/\/mawuartgallery.com\/fr\/wp-json\/wp\/v2\/product\/15839","targetHints":{"allow":["GET"]}}],"collection":[{"href":"https:\/\/mawuartgallery.com\/fr\/wp-json\/wp\/v2\/product"}],"about":[{"href":"https:\/\/mawuartgallery.com\/fr\/wp-json\/wp\/v2\/types\/product"}],"replies":[{"embeddable":true,"href":"https:\/\/mawuartgallery.com\/fr\/wp-json\/wp\/v2\/comments?post=15839"}],"version-history":[{"count":4,"href":"https:\/\/mawuartgallery.com\/fr\/wp-json\/wp\/v2\/product\/15839\/revisions"}],"predecessor-version":[{"id":15841,"href":"https:\/\/mawuartgallery.com\/fr\/wp-json\/wp\/v2\/product\/15839\/revisions\/15841"}],"wp:featuredmedia":[{"embeddable":true,"href":"https:\/\/mawuartgallery.com\/fr\/wp-json\/wp\/v2\/media\/15802"}],"wp:attachment":[{"href":"https:\/\/mawuartgallery.com\/fr\/wp-json\/wp\/v2\/media?parent=15839"}],"wp:term":[{"taxonomy":"product_brand","embeddable":true,"href":"https:\/\/mawuartgallery.com\/fr\/wp-json\/wp\/v2\/product_brand?post=15839"},{"taxonomy":"product_cat","embeddable":true,"href":"https:\/\/mawuartgallery.com\/fr\/wp-json\/wp\/v2\/product_cat?post=15839"},{"taxonomy":"product_tag","embeddable":true,"href":"https:\/\/mawuartgallery.com\/fr\/wp-json\/wp\/v2\/product_tag?post=15839"}],"curies":[{"name":"wp","href":"https:\/\/api.w.org\/{rel}","templated":true}]}}