{"id":15834,"date":"2025-09-12T16:12:00","date_gmt":"2025-09-12T20:12:00","guid":{"rendered":"https:\/\/mawuartgallery.com\/?post_type=product&#038;p=15834"},"modified":"2025-10-10T09:01:16","modified_gmt":"2025-10-10T13:01:16","slug":"what-else-must-i-become","status":"publish","type":"product","link":"https:\/\/mawuartgallery.com\/fr\/produit\/what-else-must-i-become\/","title":{"rendered":"Que dois-je devenir d'autre?"},"content":{"rendered":"<p data-start=\"151\" data-end=\"397\">Une r\u00e9bellion silencieuse se d\u00e9roule dans l'endroit le plus ordinaire qui soit : les toilettes pour femmes. Entour\u00e9e de cr\u00e8mes, de miroirs et des traces d'ins\u00e9curit\u00e9 tacite, elle est confront\u00e9e \u00e0 l'exigence incessante de se remodeler pour l'amour, pour l'approbation, pour l'appartenance.<\/p>\n<p>&nbsp;<\/p>\n<p data-start=\"399\" data-end=\"756\">Cette \u0153uvre retrace le co\u00fbt \u00e9motionnel de la vie sous le regard de la soci\u00e9t\u00e9, en particulier celui des hommes, o\u00f9 la beaut\u00e9 est mise en sc\u00e8ne et o\u00f9 la f\u00e9minit\u00e9 ressemble \u00e0 une audition permanente. Elle se plie au rituel, mais chaque geste vers la perfection est interpr\u00e9t\u00e9 comme une effacement. Le miroir fissur\u00e9 n'est pas un accident : il marque la fracture entre son reflet et la version qui lui est impos\u00e9e.<\/p>\n<p>&nbsp;<\/p>\n<p data-start=\"758\" data-end=\"983\">Ce qui commence comme une conformit\u00e9 devient un lent d\u00e9nouement, non pas vers la perfection, mais vers la disparition. La vuln\u00e9rabilit\u00e9, ici, devient r\u00e9sistance. L'\u0153uvre est \u00e0 la fois une question et un refus, un murmure port\u00e9 comme un cri de guerre.<\/p>","protected":false},"excerpt":{"rendered":"<h6><strong>Artiste : <span style=\"color: #0000ff;\"><a style=\"color: #0000ff;\" href=\"https:\/\/mawuartgallery.com\/fr\/portfolio-item\/yakno-abasi-ene\/\">YAKNOABASI ENE<\/a><\/span><\/strong><\/h6>\n<p>Huile et acrylique sur toile<br \/>\n(151 x 120 cm \/ 59.5 x 47.5 po)<br \/>\nCr\u00e9\u00e9e en 2025<\/p>\n<p>&nbsp;<\/p>\n<p><em>Cet article est soigneusement enroul\u00e9 et exp\u00e9di\u00e9 dans un tube d'exp\u00e9dition afin de garantir une livraison en toute s\u00e9curit\u00e9.<\/em><\/p>\n<p>&nbsp;<\/p>\n<p><strong><em>Pour nous assurer que l'\u0153uvre r\u00e9pond \u00e0 vos attentes, nous serions ravis de vous en fournir une vid\u00e9o en haute d\u00e9finition accompagn\u00e9e des commentaires de l'artiste, avant que vous ne proc\u00e9diez \u00e0 l'achat. Pour ce faire, il vous suffit de communiquer avec nous par courriel \u00e0 <a rel=\"noopener\">mawuartgallery@gmail.com<\/a> D\u00e8s r\u00e9ception de votre demande, nous vous ferons parvenir une ou plusieurs vid\u00e9os\/photos selon votre choix.\u00a0<\/em><\/strong><\/p>\n<p>&nbsp;<\/p>\n<p><strong>LIVRAISON GRATUITE POUR TOUTES LES COMMANDES<\/strong><\/p>","protected":false},"featured_media":15801,"comment_status":"open","ping_status":"closed","template":"","meta":{"nf_dc_page":""},"product_brand":[],"product_cat":[112,70,43],"product_tag":[32,34,42],"class_list":{"0":"post-15834","1":"product","2":"type-product","3":"status-publish","4":"has-post-thumbnail","6":"product_cat-acrylic","7":"product_cat-oil-painting","8":"product_cat-paintings","9":"product_tag-art","10":"product_tag-color","11":"product_tag-painting","12":"product_shipping_class-mailing-tube","14":"first","15":"instock","16":"sold-individually","17":"shipping-taxable","18":"purchasable","19":"product-type-simple"},"_links":{"self":[{"href":"https:\/\/mawuartgallery.com\/fr\/wp-json\/wp\/v2\/product\/15834","targetHints":{"allow":["GET"]}}],"collection":[{"href":"https:\/\/mawuartgallery.com\/fr\/wp-json\/wp\/v2\/product"}],"about":[{"href":"https:\/\/mawuartgallery.com\/fr\/wp-json\/wp\/v2\/types\/product"}],"replies":[{"embeddable":true,"href":"https:\/\/mawuartgallery.com\/fr\/wp-json\/wp\/v2\/comments?post=15834"}],"version-history":[{"count":5,"href":"https:\/\/mawuartgallery.com\/fr\/wp-json\/wp\/v2\/product\/15834\/revisions"}],"predecessor-version":[{"id":15837,"href":"https:\/\/mawuartgallery.com\/fr\/wp-json\/wp\/v2\/product\/15834\/revisions\/15837"}],"wp:featuredmedia":[{"embeddable":true,"href":"https:\/\/mawuartgallery.com\/fr\/wp-json\/wp\/v2\/media\/15801"}],"wp:attachment":[{"href":"https:\/\/mawuartgallery.com\/fr\/wp-json\/wp\/v2\/media?parent=15834"}],"wp:term":[{"taxonomy":"product_brand","embeddable":true,"href":"https:\/\/mawuartgallery.com\/fr\/wp-json\/wp\/v2\/product_brand?post=15834"},{"taxonomy":"product_cat","embeddable":true,"href":"https:\/\/mawuartgallery.com\/fr\/wp-json\/wp\/v2\/product_cat?post=15834"},{"taxonomy":"product_tag","embeddable":true,"href":"https:\/\/mawuartgallery.com\/fr\/wp-json\/wp\/v2\/product_tag?post=15834"}],"curies":[{"name":"wp","href":"https:\/\/api.w.org\/{rel}","templated":true}]}}