{"id":15829,"date":"2025-09-12T15:42:52","date_gmt":"2025-09-12T19:42:52","guid":{"rendered":"https:\/\/mawuartgallery.com\/?post_type=product&#038;p=15829"},"modified":"2025-10-10T16:01:38","modified_gmt":"2025-10-10T20:01:38","slug":"her-sanctuary-of-fading-rules-ii","status":"publish","type":"product","link":"https:\/\/mawuartgallery.com\/fr\/produit\/her-sanctuary-of-fading-rules-ii\/","title":{"rendered":"Son sanctuaire aux r\u00e8gles \u00e9vanescentes II"},"content":{"rendered":"<p data-start=\"132\" data-end=\"413\">Dans un monde o\u00f9 les femmes sont invit\u00e9es \u00e0 jouer un r\u00f4le, \u00e0 adoucir les angles, \u00e0 plaire, \u00e0 produire, cette \u0153uvre offre une autre image : celle d'une femme au repos. Allong\u00e9e sur un cheval blanc, elle ne pose pas pour \u00eatre approuv\u00e9e ni ne s'efforce d'\u00eatre valid\u00e9e. Son immobilit\u00e9 est d\u00e9lib\u00e9r\u00e9e; son silence est un refus.<\/p>\n<p>&nbsp;<\/p>\n<p data-start=\"415\" data-end=\"632\">Il ne s'agit pas d'une fuite, mais d'une r\u00e9appropriation \u2013 le terrain int\u00e9rieur qu'elle revendique pour elle-m\u00eame, o\u00f9 les \u00e9ch\u00e9ances disparaissent, les jugements se dissolvent et les r\u00f4les ne dictent plus l'\u00eatre. Elle n'est pas ce qu'on attend d'elle ; elle est simplement elle-m\u00eame.<\/p>\n<p>&nbsp;<\/p>\n<p data-start=\"634\" data-end=\"878\">Autour d'elle, le champ fleurit sous un soleil g\u00e9n\u00e9reux. La vie continue sans urgence. Ici, la douceur est une force, et l'immobilit\u00e9 est un pouvoir. Elle ne se retire pas ; elle choisit. Les anciennes r\u00e8gles s'estompent et disparaissent, la laissant pleinement pr\u00e9sente, enti\u00e8rement elle-m\u00eame.<\/p>","protected":false},"excerpt":{"rendered":"<h6><strong>Artiste : <span style=\"color: #0000ff;\"><a style=\"color: #0000ff;\" href=\"https:\/\/mawuartgallery.com\/fr\/portfolio-item\/yakno-abasi-ene\/\">YAKNOABASI ENE<\/a><\/span><\/strong><\/h6>\n<p>Acrylic and glitter on canvas<br \/>\n(175 x 160 cm \/ 69 x 63 po)<br \/>\nCr\u00e9\u00e9e en 2025<\/p>\n<p>&nbsp;<\/p>\n<p><em>Cet article est soigneusement enroul\u00e9 et exp\u00e9di\u00e9 dans un tube d'exp\u00e9dition afin de garantir une livraison en toute s\u00e9curit\u00e9.<\/em><\/p>\n<p>&nbsp;<\/p>\n<p><strong><em>Pour nous assurer que l'\u0153uvre r\u00e9pond \u00e0 vos attentes, nous serions ravis de vous en fournir une vid\u00e9o en haute d\u00e9finition accompagn\u00e9e des commentaires de l'artiste, avant que vous ne proc\u00e9diez \u00e0 l'achat. Pour ce faire, il vous suffit de communiquer avec nous par courriel \u00e0 <a rel=\"noopener\">mawuartgallery@gmail.com<\/a> D\u00e8s r\u00e9ception de votre demande, nous vous ferons parvenir une ou plusieurs vid\u00e9os\/photos selon votre choix.\u00a0<\/em><\/strong><\/p>\n<p>&nbsp;<\/p>\n<p><strong>LIVRAISON GRATUITE POUR TOUTES LES COMMANDES<\/strong><\/p>","protected":false},"featured_media":15800,"comment_status":"open","ping_status":"closed","template":"","meta":{"nf_dc_page":""},"product_brand":[],"product_cat":[112,113,43],"product_tag":[32,34,42],"class_list":{"0":"post-15829","1":"product","2":"type-product","3":"status-publish","4":"has-post-thumbnail","6":"product_cat-acrylic","7":"product_cat-mixed-media","8":"product_cat-paintings","9":"product_tag-art","10":"product_tag-color","11":"product_tag-painting","12":"product_shipping_class-mailing-tube","14":"first","15":"instock","16":"sold-individually","17":"shipping-taxable","18":"purchasable","19":"product-type-simple"},"_links":{"self":[{"href":"https:\/\/mawuartgallery.com\/fr\/wp-json\/wp\/v2\/product\/15829","targetHints":{"allow":["GET"]}}],"collection":[{"href":"https:\/\/mawuartgallery.com\/fr\/wp-json\/wp\/v2\/product"}],"about":[{"href":"https:\/\/mawuartgallery.com\/fr\/wp-json\/wp\/v2\/types\/product"}],"replies":[{"embeddable":true,"href":"https:\/\/mawuartgallery.com\/fr\/wp-json\/wp\/v2\/comments?post=15829"}],"version-history":[{"count":5,"href":"https:\/\/mawuartgallery.com\/fr\/wp-json\/wp\/v2\/product\/15829\/revisions"}],"predecessor-version":[{"id":15833,"href":"https:\/\/mawuartgallery.com\/fr\/wp-json\/wp\/v2\/product\/15829\/revisions\/15833"}],"wp:featuredmedia":[{"embeddable":true,"href":"https:\/\/mawuartgallery.com\/fr\/wp-json\/wp\/v2\/media\/15800"}],"wp:attachment":[{"href":"https:\/\/mawuartgallery.com\/fr\/wp-json\/wp\/v2\/media?parent=15829"}],"wp:term":[{"taxonomy":"product_brand","embeddable":true,"href":"https:\/\/mawuartgallery.com\/fr\/wp-json\/wp\/v2\/product_brand?post=15829"},{"taxonomy":"product_cat","embeddable":true,"href":"https:\/\/mawuartgallery.com\/fr\/wp-json\/wp\/v2\/product_cat?post=15829"},{"taxonomy":"product_tag","embeddable":true,"href":"https:\/\/mawuartgallery.com\/fr\/wp-json\/wp\/v2\/product_tag?post=15829"}],"curies":[{"name":"wp","href":"https:\/\/api.w.org\/{rel}","templated":true}]}}