{"id":15825,"date":"2025-09-12T15:23:41","date_gmt":"2025-09-12T19:23:41","guid":{"rendered":"https:\/\/mawuartgallery.com\/?post_type=product&#038;p=15825"},"modified":"2025-10-10T16:05:42","modified_gmt":"2025-10-10T20:05:42","slug":"her-sanctuary-of-fading-rules-i","status":"publish","type":"product","link":"https:\/\/mawuartgallery.com\/fr\/produit\/her-sanctuary-of-fading-rules-i\/","title":{"rendered":"Son sanctuaire aux r\u00e8gles \u00e9vanescentes I"},"content":{"rendered":"<p data-start=\"144\" data-end=\"477\">Cette \u0153uvre ne parle pas de conqu\u00eate, mais plut\u00f4t de pr\u00e9sence sans performance. Assise bien droite sur son cheval, la figure garde son \u00e9quilibre non pas gr\u00e2ce \u00e0 sa domination, mais gr\u00e2ce \u00e0 son calme. Elle est pos\u00e9e et s\u00fbre d'elle, une femme qui ne se remod\u00e8le plus pour apaiser le malaise des autres. Son assurance n'est pas une d\u00e9coration, c'est une d\u00e9claration.<\/p>\n<p>&nbsp;<\/p>\n<p data-start=\"479\" data-end=\"827\">Entour\u00e9e de fleurs sauvages et d'oiseaux jaune p\u00e2le, elle est embrass\u00e9e par la nature plut\u00f4t que jug\u00e9e par elle. Le jardin sauvage sous ses pieds refl\u00e8te son refus de se plier aux id\u00e9aux de la soci\u00e9t\u00e9. Elle ne chevauche pas pour s'\u00e9chapper, mais pour rester ancr\u00e9e en elle-m\u00eame, \u00e0 califourchon sur une cr\u00e9ature qui autrefois symbolisait le contr\u00f4le et la guerre, mais qui est aujourd'hui r\u00e9invent\u00e9e comme un symbole de douceur et de gr\u00e2ce.<\/p>\n<p>&nbsp;<\/p>\n<p data-start=\"829\" data-end=\"1326\">Dans ses mains, des lis calla portent des horloges : une m\u00e9taphore silencieuse de la tension entre le temps et la f\u00e9minit\u00e9. Les fleurs \u00e9voquent la beaut\u00e9 et le travail, tandis que les horloges marquent sa reconqu\u00eate du temps, son refus d'\u00eatre press\u00e9e, mesur\u00e9e ou \u00ab expir\u00e9e \u00bb. Les \u00e9tapes traditionnelles qui d\u00e9terminent quand et comment une femme doit \u00ab s'\u00e9panouir \u00bb se dissolvent dans le sanctuaire qu'elle s'est cr\u00e9\u00e9. Autour d'elle, les oiseaux s'attardent sans rien demander. M\u00eame la satire existe ici, mais avec douceur : les anciennes structures de pouvoir ne sont pas d\u00e9truites, elles sont simplement rendues inutiles.<\/p>\n<p>&nbsp;<\/p>\n<p data-start=\"1328\" data-end=\"1614\">Le sanctuaire qu'elle habite est luxuriant, non pas parce que le monde est devenu plus bienveillant, mais parce qu'elle a choisi ce qui m\u00e9rite de pousser autour d'elle. Ce paysage serein n'est pas emprunt\u00e9 \u00e0 la r\u00e9alit\u00e9, mais imagin\u00e9 \u2014 un monde fa\u00e7onn\u00e9 non pas par les attentes, mais par l'autorit\u00e9 tranquille de la ma\u00eetrise de soi.<\/p>\n<p>&nbsp;<\/p>\n<p data-start=\"1616\" data-end=\"1665\">Ce n'est pas un r\u00eave.<br data-start=\"1636\" data-end=\"1639\" \/>C'est une possibilit\u00e9 r\u00e9elle.<\/p>","protected":false},"excerpt":{"rendered":"<h6><strong>Artiste : <span style=\"color: #0000ff;\"><a style=\"color: #0000ff;\" href=\"https:\/\/mawuartgallery.com\/fr\/portfolio-item\/yakno-abasi-ene\/\">YAKNOABASI ENE<\/a><\/span><\/strong><\/h6>\n<p>Acrylique sur toile<br \/>\n(175 x 160 cm \/ 69 x 63 po)<br \/>\nCr\u00e9\u00e9e en 2025<\/p>\n<p>&nbsp;<\/p>\n<p><em>Cet article est soigneusement enroul\u00e9 et exp\u00e9di\u00e9 dans un tube d'exp\u00e9dition afin de garantir une livraison en toute s\u00e9curit\u00e9.<\/em><\/p>\n<p>&nbsp;<\/p>\n<p><strong><em>Pour nous assurer que l'\u0153uvre r\u00e9pond \u00e0 vos attentes, nous serions ravis de vous en fournir une vid\u00e9o en haute d\u00e9finition accompagn\u00e9e des commentaires de l'artiste, avant que vous ne proc\u00e9diez \u00e0 l'achat. Pour ce faire, il vous suffit de communiquer avec nous par courriel \u00e0 <a rel=\"noopener\">mawuartgallery@gmail.com<\/a> D\u00e8s r\u00e9ception de votre demande, nous vous ferons parvenir une ou plusieurs vid\u00e9os\/photos selon votre choix.\u00a0<\/em><\/strong><\/p>\n<p>&nbsp;<\/p>\n<p><strong>LIVRAISON GRATUITE POUR TOUTES LES COMMANDES<\/strong><\/p>","protected":false},"featured_media":15795,"comment_status":"open","ping_status":"closed","template":"","meta":{"nf_dc_page":""},"product_brand":[],"product_cat":[112,113,43],"product_tag":[32,34,42],"class_list":{"0":"post-15825","1":"product","2":"type-product","3":"status-publish","4":"has-post-thumbnail","6":"product_cat-acrylic","7":"product_cat-mixed-media","8":"product_cat-paintings","9":"product_tag-art","10":"product_tag-color","11":"product_tag-painting","12":"product_shipping_class-mailing-tube","14":"first","15":"instock","16":"sold-individually","17":"shipping-taxable","18":"purchasable","19":"product-type-simple"},"_links":{"self":[{"href":"https:\/\/mawuartgallery.com\/fr\/wp-json\/wp\/v2\/product\/15825","targetHints":{"allow":["GET"]}}],"collection":[{"href":"https:\/\/mawuartgallery.com\/fr\/wp-json\/wp\/v2\/product"}],"about":[{"href":"https:\/\/mawuartgallery.com\/fr\/wp-json\/wp\/v2\/types\/product"}],"replies":[{"embeddable":true,"href":"https:\/\/mawuartgallery.com\/fr\/wp-json\/wp\/v2\/comments?post=15825"}],"version-history":[{"count":4,"href":"https:\/\/mawuartgallery.com\/fr\/wp-json\/wp\/v2\/product\/15825\/revisions"}],"predecessor-version":[{"id":16086,"href":"https:\/\/mawuartgallery.com\/fr\/wp-json\/wp\/v2\/product\/15825\/revisions\/16086"}],"wp:featuredmedia":[{"embeddable":true,"href":"https:\/\/mawuartgallery.com\/fr\/wp-json\/wp\/v2\/media\/15795"}],"wp:attachment":[{"href":"https:\/\/mawuartgallery.com\/fr\/wp-json\/wp\/v2\/media?parent=15825"}],"wp:term":[{"taxonomy":"product_brand","embeddable":true,"href":"https:\/\/mawuartgallery.com\/fr\/wp-json\/wp\/v2\/product_brand?post=15825"},{"taxonomy":"product_cat","embeddable":true,"href":"https:\/\/mawuartgallery.com\/fr\/wp-json\/wp\/v2\/product_cat?post=15825"},{"taxonomy":"product_tag","embeddable":true,"href":"https:\/\/mawuartgallery.com\/fr\/wp-json\/wp\/v2\/product_tag?post=15825"}],"curies":[{"name":"wp","href":"https:\/\/api.w.org\/{rel}","templated":true}]}}