{"id":15821,"date":"2025-09-12T15:05:02","date_gmt":"2025-09-12T19:05:02","guid":{"rendered":"https:\/\/mawuartgallery.com\/?post_type=product&#038;p=15821"},"modified":"2025-10-10T16:02:35","modified_gmt":"2025-10-10T20:02:35","slug":"in-the-rhythm-of-unity","status":"publish","type":"product","link":"https:\/\/mawuartgallery.com\/fr\/produit\/in-the-rhythm-of-unity\/","title":{"rendered":"Au rythme de l'unit\u00e9"},"content":{"rendered":"<p data-start=\"139\" data-end=\"428\">Dans un paysage culturel o\u00f9 le genre est trop souvent pr\u00e9sent\u00e9 comme antagoniste, <em data-start=\"213\" data-end=\"237\">Au rythme de l'unit\u00e9<\/em> imagine une autre possibilit\u00e9, o\u00f9 la masculinit\u00e9 et la f\u00e9minit\u00e9 coexistent dans le dialogue plut\u00f4t que dans le conflit. Ici, les r\u00f4les et les hi\u00e9rarchies c\u00e8dent la place au rythme, au mouvement et \u00e0 la pr\u00e9sence partag\u00e9e.<\/p>\n<p>&nbsp;<\/p>\n<p data-start=\"430\" data-end=\"729\">Inspir\u00e9e d'une photographie des parents de l'artiste dans les ann\u00e9es 1980, passionn\u00e9s de disco dans leur jeunesse, cette \u0153uvre r\u00e9habilite la danse comme langage de connexion plut\u00f4t que comme performance. Charg\u00e9e d'intimit\u00e9 et de mouvement, l'image devient un fondement pour explorer l'\u00e9quilibre, l'harmonie et la joie collective.<\/p>\n<p>&nbsp;<\/p>\n<p data-start=\"731\" data-end=\"1077\">Les personnages sont repr\u00e9sent\u00e9s avec un minimum de v\u00eatements afin de mettre en valeur la libert\u00e9, la vuln\u00e9rabilit\u00e9 et l'acceptation mutuelle. Leur danse n'est pas un spectacle, mais une c\u00e9l\u00e9bration de l'unit\u00e9. En embrassant la fluidit\u00e9 et la force relationnelle, l'\u0153uvre r\u00e9siste aux r\u00e9cits binaires et r\u00e9v\u00e8le que le v\u00e9ritable pouvoir ne r\u00e9side pas dans la domination, mais dans la douceur, l'abandon et la r\u00e9ciprocit\u00e9.<\/p>\n<p>&nbsp;<\/p>\n<p data-start=\"1079\" data-end=\"1279\">Ici, le rire lui-m\u00eame devient r\u00e9sistance, et la joie \u00e9trange \u00e9merge non pas comme une perturbation, mais comme un pont. Lorsque le bruit de la division s'estompe, ce qui reste, c'est le rythme \u2014 un rythme sur lequel nous pouvons encore bouger, ensemble.<\/p>\n<p>&nbsp;<\/p>\n<p data-start=\"1281\" data-end=\"1446\">En fin de compte, <em data-start=\"1293\" data-end=\"1317\">Au rythme de l'unit\u00e9<\/em> affirme que l'unit\u00e9 n'est pas l'uniformit\u00e9. C'est la gr\u00e2ce de coexister dans la diff\u00e9rence et le choix de se rencontrer dans le mouvement.<\/p>","protected":false},"excerpt":{"rendered":"<h6><strong>Artiste : <a href=\"https:\/\/mawuartgallery.com\/fr\/portfolio-item\/yakno-abasi-ene\/\"><span style=\"color: #0000ff;\">YAKNOABASI ENE<\/span><\/a><\/strong><\/h6>\n<p>M\u00e9dias mixtes sur toile<br \/>\n(157 x 125 cm \/ 62 x 49,5 po)<br \/>\nCr\u00e9\u00e9e en 2025<\/p>\n<p>&nbsp;<\/p>\n<p><em>Cet article est soigneusement enroul\u00e9 et exp\u00e9di\u00e9 dans un tube d'exp\u00e9dition afin de garantir une livraison en toute s\u00e9curit\u00e9.<\/em><\/p>\n<p>&nbsp;<\/p>\n<p><strong><em>Pour nous assurer que l'\u0153uvre r\u00e9pond \u00e0 vos attentes, nous serions ravis de vous en fournir une vid\u00e9o en haute d\u00e9finition accompagn\u00e9e des commentaires de l'artiste, avant que vous ne proc\u00e9diez \u00e0 l'achat. Pour ce faire, il vous suffit de communiquer avec nous par courriel \u00e0 <a rel=\"noopener\">mawuartgallery@gmail.com<\/a> D\u00e8s r\u00e9ception de votre demande, nous vous ferons parvenir une ou plusieurs vid\u00e9os\/photos selon votre choix.\u00a0<\/em><\/strong><\/p>\n<p>&nbsp;<\/p>\n<p><strong>LIVRAISON GRATUITE POUR TOUTES LES COMMANDES<\/strong><\/p>","protected":false},"featured_media":15799,"comment_status":"open","ping_status":"closed","template":"","meta":{"nf_dc_page":""},"product_brand":[],"product_cat":[112,113,43],"product_tag":[32,34,42],"class_list":{"0":"post-15821","1":"product","2":"type-product","3":"status-publish","4":"has-post-thumbnail","6":"product_cat-acrylic","7":"product_cat-mixed-media","8":"product_cat-paintings","9":"product_tag-art","10":"product_tag-color","11":"product_tag-painting","12":"product_shipping_class-mailing-tube","14":"first","15":"instock","16":"sold-individually","17":"shipping-taxable","18":"purchasable","19":"product-type-simple"},"_links":{"self":[{"href":"https:\/\/mawuartgallery.com\/fr\/wp-json\/wp\/v2\/product\/15821","targetHints":{"allow":["GET"]}}],"collection":[{"href":"https:\/\/mawuartgallery.com\/fr\/wp-json\/wp\/v2\/product"}],"about":[{"href":"https:\/\/mawuartgallery.com\/fr\/wp-json\/wp\/v2\/types\/product"}],"replies":[{"embeddable":true,"href":"https:\/\/mawuartgallery.com\/fr\/wp-json\/wp\/v2\/comments?post=15821"}],"version-history":[{"count":4,"href":"https:\/\/mawuartgallery.com\/fr\/wp-json\/wp\/v2\/product\/15821\/revisions"}],"predecessor-version":[{"id":15824,"href":"https:\/\/mawuartgallery.com\/fr\/wp-json\/wp\/v2\/product\/15821\/revisions\/15824"}],"wp:featuredmedia":[{"embeddable":true,"href":"https:\/\/mawuartgallery.com\/fr\/wp-json\/wp\/v2\/media\/15799"}],"wp:attachment":[{"href":"https:\/\/mawuartgallery.com\/fr\/wp-json\/wp\/v2\/media?parent=15821"}],"wp:term":[{"taxonomy":"product_brand","embeddable":true,"href":"https:\/\/mawuartgallery.com\/fr\/wp-json\/wp\/v2\/product_brand?post=15821"},{"taxonomy":"product_cat","embeddable":true,"href":"https:\/\/mawuartgallery.com\/fr\/wp-json\/wp\/v2\/product_cat?post=15821"},{"taxonomy":"product_tag","embeddable":true,"href":"https:\/\/mawuartgallery.com\/fr\/wp-json\/wp\/v2\/product_tag?post=15821"}],"curies":[{"name":"wp","href":"https:\/\/api.w.org\/{rel}","templated":true}]}}