{"id":15798,"date":"2025-09-11T11:39:20","date_gmt":"2025-09-11T15:39:20","guid":{"rendered":"https:\/\/mawuartgallery.com\/?post_type=product&#038;p=15798"},"modified":"2025-10-10T15:58:30","modified_gmt":"2025-10-10T19:58:30","slug":"dancing-with-time","status":"publish","type":"product","link":"https:\/\/mawuartgallery.com\/fr\/produit\/dancing-with-time\/","title":{"rendered":"Dansant avec le temps"},"content":{"rendered":"<p>Depuis des g\u00e9n\u00e9rations, le temps est utilis\u00e9 comme une mesure de la valeur d'une femme, la qualifiant de \u00ab m\u00fbre \u00bb, \u00ab en retard \u00bb ou m\u00eame \u00ab p\u00e9rim\u00e9e \u00bb. La soci\u00e9t\u00e9 lui a impos\u00e9 des horloges qui lui sont rarement favorables : d\u00e9lais biologiques, attentes rigides en mati\u00e8re de mariage, de maternit\u00e9 et de r\u00e9ussite.<br \/>\n&nbsp;<br \/>\nCette peinture est un acte de r\u00e9sistance discret mais puissant.<br \/>\n&nbsp;<br \/>\nLe personnage central ne lutte pas contre le temps, elle danse avec lui. Sa jambe lev\u00e9e et sa posture ouverte d\u00e9fient \u00e0 la fois les limites physiques et les normes sociales, transformant l'opposition en gr\u00e2ce. L'horloge sans aiguilles qu'elle brandit au-dessus de sa t\u00eate signale une rupture d\u00e9cisive : son temps n'est plus dict\u00e9 par des horaires ext\u00e9rieurs.<br \/>\n&nbsp;<br \/>\nSous ses pieds, des horloges \u00e9parpill\u00e9es reposent parmi des plantes luxuriantes. Partiellement cach\u00e9es mais marqu\u00e9es d'heures symboliques, elles repr\u00e9sentent les \u00e9tapes importantes autrefois impos\u00e9es aux femmes : la beaut\u00e9, le mariage, la maternit\u00e9 et la disparition des r\u00eaves personnels avec l'\u00e2ge. Aujourd'hui, elles gisent sous ses pieds, soumises \u00e0 son pouvoir.<br \/>\n&nbsp;<br \/>\nIci, le temps n'est plus une limite, mais une toile de fond. Les horloges s'adoucissent, les sabliers s'estompent, les calendriers perdent leur pouvoir.<br \/>\n&nbsp;<br \/>\nElle m\u00e8ne, elle ne suit pas.<br \/>\n&nbsp;<br \/>\nGuid\u00e9e par son intuition, sa libert\u00e9 et sa ma\u00eetrise d'elle-m\u00eame, elle incarne la v\u00e9rit\u00e9 selon laquelle le v\u00e9ritable pouvoir ne r\u00e9side pas dans la course contre le temps, mais dans le rejet de sa domination.<\/p>","protected":false},"excerpt":{"rendered":"<h6><strong>Artiste : <span style=\"color: #0000ff;\"><a style=\"color: #0000ff;\" href=\"https:\/\/mawuartgallery.com\/fr\/portfolio-item\/yakno-abasi-ene\/\">YAKNOABASI ENE<\/a><\/span><\/strong><\/h6>\n<p>M\u00e9dias mixtes sur toile<br \/>\n(157 x 132 cm \/ 62 x 52,5 po)<br \/>\nCr\u00e9\u00e9e en 2025<\/p>\n<p>&nbsp;<\/p>\n<p><em>Cet article est soigneusement enroul\u00e9 et exp\u00e9di\u00e9 dans un tube d'exp\u00e9dition afin de garantir une livraison en toute s\u00e9curit\u00e9.<\/em><\/p>\n<p>&nbsp;<\/p>\n<p><strong><em>Pour nous assurer que l'\u0153uvre r\u00e9pond \u00e0 vos attentes, nous serions ravis de vous en fournir une vid\u00e9o en haute d\u00e9finition accompagn\u00e9e des commentaires de l'artiste, avant que vous ne proc\u00e9diez \u00e0 l'achat. Pour ce faire, il vous suffit de communiquer avec nous par courriel \u00e0 <a rel=\"noopener\">mawuartgallery@gmail.com<\/a> D\u00e8s r\u00e9ception de votre demande, nous vous ferons parvenir une ou plusieurs vid\u00e9os\/photos selon votre choix.\u00a0<\/em><\/strong><\/p>\n<p>&nbsp;<\/p>\n<p><strong>LIVRAISON GRATUITE POUR TOUTES LES COMMANDES<\/strong><\/p>","protected":false},"featured_media":15794,"comment_status":"open","ping_status":"closed","template":"","meta":{"nf_dc_page":""},"product_brand":[],"product_cat":[112,113,43],"product_tag":[32,34,42],"class_list":{"0":"post-15798","1":"product","2":"type-product","3":"status-publish","4":"has-post-thumbnail","6":"product_cat-acrylic","7":"product_cat-mixed-media","8":"product_cat-paintings","9":"product_tag-art","10":"product_tag-color","11":"product_tag-painting","12":"product_shipping_class-mailing-tube","14":"first","15":"instock","16":"sold-individually","17":"shipping-taxable","18":"purchasable","19":"product-type-simple"},"_links":{"self":[{"href":"https:\/\/mawuartgallery.com\/fr\/wp-json\/wp\/v2\/product\/15798","targetHints":{"allow":["GET"]}}],"collection":[{"href":"https:\/\/mawuartgallery.com\/fr\/wp-json\/wp\/v2\/product"}],"about":[{"href":"https:\/\/mawuartgallery.com\/fr\/wp-json\/wp\/v2\/types\/product"}],"replies":[{"embeddable":true,"href":"https:\/\/mawuartgallery.com\/fr\/wp-json\/wp\/v2\/comments?post=15798"}],"version-history":[{"count":5,"href":"https:\/\/mawuartgallery.com\/fr\/wp-json\/wp\/v2\/product\/15798\/revisions"}],"predecessor-version":[{"id":15819,"href":"https:\/\/mawuartgallery.com\/fr\/wp-json\/wp\/v2\/product\/15798\/revisions\/15819"}],"wp:featuredmedia":[{"embeddable":true,"href":"https:\/\/mawuartgallery.com\/fr\/wp-json\/wp\/v2\/media\/15794"}],"wp:attachment":[{"href":"https:\/\/mawuartgallery.com\/fr\/wp-json\/wp\/v2\/media?parent=15798"}],"wp:term":[{"taxonomy":"product_brand","embeddable":true,"href":"https:\/\/mawuartgallery.com\/fr\/wp-json\/wp\/v2\/product_brand?post=15798"},{"taxonomy":"product_cat","embeddable":true,"href":"https:\/\/mawuartgallery.com\/fr\/wp-json\/wp\/v2\/product_cat?post=15798"},{"taxonomy":"product_tag","embeddable":true,"href":"https:\/\/mawuartgallery.com\/fr\/wp-json\/wp\/v2\/product_tag?post=15798"}],"curies":[{"name":"wp","href":"https:\/\/api.w.org\/{rel}","templated":true}]}}