{"id":15595,"date":"2025-08-21T07:49:08","date_gmt":"2025-08-21T11:49:08","guid":{"rendered":"https:\/\/mawuartgallery.com\/?post_type=product&#038;p=15595"},"modified":"2025-08-26T07:08:43","modified_gmt":"2025-08-26T11:08:43","slug":"man-in-a-pool","status":"publish","type":"product","link":"https:\/\/mawuartgallery.com\/fr\/produit\/man-in-a-pool\/","title":{"rendered":"Man in a pool"},"content":{"rendered":"<p>J'aime me rendre \u00e0 diff\u00e9rents \u00e9v\u00e9nements pour trouver l'inspiration pour mon art, en esp\u00e9rant vivre des moments ou rencontrer des personnes qui \u00e9veillent mon int\u00e9r\u00eat. Si tout ce que je vois n'est pas forc\u00e9ment remarquable, il y a eu un moment particulier o\u00f9 un homme, debout dans une piscine bleue, a attir\u00e9 mon attention \npar sa posture et son anatomie. Cela m'a vraiment inspir\u00e9.<\/p>","protected":false},"excerpt":{"rendered":"<h6><strong>Artiste : <a href=\"https:\/\/mawuartgallery.com\/fr\/portfolio-item\/mayowa-akingbade\/\">MAYOWA AKINGBADE<\/a><\/strong><\/h6>\n<p>Acrylique sur toile<br \/>\n(91 x 68 cm \/ 36 x 27 po)<br \/>\nCr\u00e9\u00e9e en 2024<\/p>\n<p>&nbsp;<\/p>\n<h6>\ud83d\udd04Dans cette ench\u00e8re invers\u00e9e, le prix baisse quotidiennement\ud83d\udcc9. SOYEZ LE 1er ou la 1re \u00e0 atteindre le myst\u00e9rieux prix minimum de l'artiste\ud83c\udfafet l'\u0153uvre\ud83d\uddbc\ufe0f est \u00e0 vous! Ench\u00e9rissez avec audace!<\/h6>\n<p>&nbsp;<\/p>\n<p><strong>LIVRAISON GRATUITE POUR TOUTES LES COMMANDES<\/strong><\/p>","protected":false},"featured_media":15593,"comment_status":"open","ping_status":"closed","template":"","meta":{"nf_dc_page":""},"product_brand":[],"product_cat":[112,43],"product_tag":[32,34,42],"class_list":{"0":"post-15595","1":"product","2":"type-product","3":"status-publish","4":"has-post-thumbnail","6":"product_cat-acrylic","7":"product_cat-paintings","8":"product_tag-art","9":"product_tag-color","10":"product_tag-painting","11":"product_shipping_class-mailing-tube","13":"first","14":"instock","15":"sold-individually","16":"shipping-taxable","17":"purchasable","18":"product-type-auction"},"_links":{"self":[{"href":"https:\/\/mawuartgallery.com\/fr\/wp-json\/wp\/v2\/product\/15595","targetHints":{"allow":["GET"]}}],"collection":[{"href":"https:\/\/mawuartgallery.com\/fr\/wp-json\/wp\/v2\/product"}],"about":[{"href":"https:\/\/mawuartgallery.com\/fr\/wp-json\/wp\/v2\/types\/product"}],"replies":[{"embeddable":true,"href":"https:\/\/mawuartgallery.com\/fr\/wp-json\/wp\/v2\/comments?post=15595"}],"version-history":[{"count":2,"href":"https:\/\/mawuartgallery.com\/fr\/wp-json\/wp\/v2\/product\/15595\/revisions"}],"predecessor-version":[{"id":15690,"href":"https:\/\/mawuartgallery.com\/fr\/wp-json\/wp\/v2\/product\/15595\/revisions\/15690"}],"wp:featuredmedia":[{"embeddable":true,"href":"https:\/\/mawuartgallery.com\/fr\/wp-json\/wp\/v2\/media\/15593"}],"wp:attachment":[{"href":"https:\/\/mawuartgallery.com\/fr\/wp-json\/wp\/v2\/media?parent=15595"}],"wp:term":[{"taxonomy":"product_brand","embeddable":true,"href":"https:\/\/mawuartgallery.com\/fr\/wp-json\/wp\/v2\/product_brand?post=15595"},{"taxonomy":"product_cat","embeddable":true,"href":"https:\/\/mawuartgallery.com\/fr\/wp-json\/wp\/v2\/product_cat?post=15595"},{"taxonomy":"product_tag","embeddable":true,"href":"https:\/\/mawuartgallery.com\/fr\/wp-json\/wp\/v2\/product_tag?post=15595"}],"curies":[{"name":"wp","href":"https:\/\/api.w.org\/{rel}","templated":true}]}}