{"id":15369,"date":"2025-08-06T18:47:44","date_gmt":"2025-08-06T22:47:44","guid":{"rendered":"https:\/\/mawuartgallery.com\/?post_type=product&#038;p=15369"},"modified":"2025-08-06T18:53:45","modified_gmt":"2025-08-06T22:53:45","slug":"youthful-days","status":"publish","type":"product","link":"https:\/\/mawuartgallery.com\/fr\/produit\/youthful-days\/","title":{"rendered":"Jours de jeunesse"},"content":{"rendered":"<div dir=\"auto\">La jeunesse n'est pas une p\u00e9riode de la vie, c'est un \u00e9tat d'esprit... une vigueur des \u00e9motions, c'est la fra\u00eecheur des sources profondes de la vie.... Personne ne vieillit simplement par le nombre d'ann\u00e9es. Nous vieillissons en abandonnant nos id\u00e9aux. \u00bb<\/div>\n<div dir=\"auto\"><\/div>\n<p><!--more--><\/p>\n<div dir=\"auto\"><em>Samuel Ullman, \u201cYouth (Jeunesse),<\/em>\u201d 1918.<\/div>","protected":false},"excerpt":{"rendered":"<h6><strong>Artiste : <a href=\"https:\/\/mawuartgallery.com\/fr\/portfolio-item\/annah-nkyalu\/\">ANNAH NKYALU<\/a><\/strong><\/h6>\n<p>Stylo \u00e0 bille et pastel sur papier<br \/>\n(119 x 88 cm \/ 47 x 35 po)<br \/>\nCr\u00e9\u00e9e en 2023<\/p>\n<p>&nbsp;<\/p>\n<h6>\ud83d\udd04Dans cette ench\u00e8re invers\u00e9e, le prix baisse quotidiennement\ud83d\udcc9. SOYEZ LE 1er ou la 1re \u00e0 atteindre le myst\u00e9rieux prix minimum de l'artiste\ud83c\udfafet l'\u0153uvre\ud83d\uddbc\ufe0f est \u00e0 vous! Ench\u00e9rissez avec audace!<\/h6>\n<p>&nbsp;<\/p>\n<p><strong>LIVRAISON GRATUITE POUR TOUTES LES COMMANDES<\/strong><\/p>","protected":false},"featured_media":14866,"comment_status":"open","ping_status":"closed","template":"","meta":{"nf_dc_page":""},"product_brand":[],"product_cat":[114,37,115],"product_tag":[32,34,116],"class_list":{"0":"post-15369","1":"product","2":"type-product","3":"status-publish","4":"has-post-thumbnail","6":"product_cat-ballpoint-pen","7":"product_cat-drawings","8":"product_cat-pastel","9":"product_tag-art","10":"product_tag-color","11":"product_tag-drawing","12":"product_shipping_class-mailing-tube","14":"first","15":"instock","16":"sold-individually","17":"shipping-taxable","18":"purchasable","19":"product-type-auction"},"_links":{"self":[{"href":"https:\/\/mawuartgallery.com\/fr\/wp-json\/wp\/v2\/product\/15369","targetHints":{"allow":["GET"]}}],"collection":[{"href":"https:\/\/mawuartgallery.com\/fr\/wp-json\/wp\/v2\/product"}],"about":[{"href":"https:\/\/mawuartgallery.com\/fr\/wp-json\/wp\/v2\/types\/product"}],"replies":[{"embeddable":true,"href":"https:\/\/mawuartgallery.com\/fr\/wp-json\/wp\/v2\/comments?post=15369"}],"version-history":[{"count":0,"href":"https:\/\/mawuartgallery.com\/fr\/wp-json\/wp\/v2\/product\/15369\/revisions"}],"wp:featuredmedia":[{"embeddable":true,"href":"https:\/\/mawuartgallery.com\/fr\/wp-json\/wp\/v2\/media\/14866"}],"wp:attachment":[{"href":"https:\/\/mawuartgallery.com\/fr\/wp-json\/wp\/v2\/media?parent=15369"}],"wp:term":[{"taxonomy":"product_brand","embeddable":true,"href":"https:\/\/mawuartgallery.com\/fr\/wp-json\/wp\/v2\/product_brand?post=15369"},{"taxonomy":"product_cat","embeddable":true,"href":"https:\/\/mawuartgallery.com\/fr\/wp-json\/wp\/v2\/product_cat?post=15369"},{"taxonomy":"product_tag","embeddable":true,"href":"https:\/\/mawuartgallery.com\/fr\/wp-json\/wp\/v2\/product_tag?post=15369"}],"curies":[{"name":"wp","href":"https:\/\/api.w.org\/{rel}","templated":true}]}}