{"id":15352,"date":"2025-08-04T09:10:10","date_gmt":"2025-08-04T13:10:10","guid":{"rendered":"https:\/\/mawuartgallery.com\/?post_type=product&#038;p=15352"},"modified":"2025-10-14T09:20:23","modified_gmt":"2025-10-14T13:20:23","slug":"symphony-of-two-ireti-meji","status":"publish","type":"product","link":"https:\/\/mawuartgallery.com\/fr\/produit\/symphony-of-two-ireti-meji\/","title":{"rendered":"Symphonie \u00e0 deux (\u00ccr\u00e8ti M\u00e9j\u00ec)"},"content":{"rendered":"<p>\u00ab \u00ccr\u00e8ti \u00bb signifie symphonie et \u00ab M\u00e9j\u00ec \u00bb signifie deux en yoruba. Ainsi, Symphonie \u00e0 deux se traduit litt\u00e9ralement par \u00ccr\u00e8ti M\u00e9j\u00ec.<br \/>\n&nbsp;<br \/>\nDans la culture yoruba, le concept de dualit\u00e9 rev\u00eat une signification profonde : il repr\u00e9sente l'\u00e9quilibre et l'harmonie entre des forces oppos\u00e9es telles que le masculin et le f\u00e9minin, la lumi\u00e8re et l'obscurit\u00e9, ou le bien et le mal. Cette \u0153uvre incarne ce principe, symbolisant l'unit\u00e9, l'\u00e9quilibre et la beaut\u00e9 dans la diversit\u00e9.<\/p>","protected":false},"excerpt":{"rendered":"<h6><strong>Artiste : <span style=\"color: #0000ff;\"><a style=\"color: #0000ff;\" href=\"https:\/\/mawuartgallery.com\/fr\/portfolio-item\/afeez-aregbede\/\">AFEEZ AREGBEDE<\/a><\/span><\/strong><\/h6>\n<p>Huile et acrylique sur toile<br \/>\n(130 x 110 cm \/ 51 x 43 po)<br \/>\nCr\u00e9\u00e9e en 2024<\/p>\n<p>&nbsp;<\/p>\n<p><em>Cet article est soigneusement enroul\u00e9 et exp\u00e9di\u00e9 dans un tube d'exp\u00e9dition afin de garantir une livraison en toute s\u00e9curit\u00e9.<\/em><\/p>\n<p>&nbsp;<\/p>\n<p><strong><em>Pour nous assurer que l'\u0153uvre r\u00e9pond \u00e0 vos attentes, nous serions ravis de vous en fournir une vid\u00e9o en haute d\u00e9finition accompagn\u00e9e des commentaires de l'artiste, avant que vous ne proc\u00e9diez \u00e0 l'achat. Pour ce faire, il vous suffit de communiquer avec nous par courriel \u00e0 <a rel=\"noopener\">mawuartgallery@gmail.com<\/a> D\u00e8s r\u00e9ception de votre demande, nous vous ferons parvenir une ou plusieurs vid\u00e9os\/photos selon votre choix.<\/em><\/strong><\/p>\n<p>&nbsp;<\/p>\n<p><strong>LIVRAISON GRATUITE POUR TOUTES LES COMMANDES<\/strong><\/p>","protected":false},"featured_media":15355,"comment_status":"open","ping_status":"closed","template":"","meta":{"nf_dc_page":""},"product_brand":[],"product_cat":[112,70,43],"product_tag":[32,34,42],"class_list":{"0":"post-15352","1":"product","2":"type-product","3":"status-publish","4":"has-post-thumbnail","6":"product_cat-acrylic","7":"product_cat-oil-painting","8":"product_cat-paintings","9":"product_tag-art","10":"product_tag-color","11":"product_tag-painting","12":"product_shipping_class-mailing-tube","14":"first","15":"instock","16":"sold-individually","17":"shipping-taxable","18":"purchasable","19":"product-type-simple"},"_links":{"self":[{"href":"https:\/\/mawuartgallery.com\/fr\/wp-json\/wp\/v2\/product\/15352","targetHints":{"allow":["GET"]}}],"collection":[{"href":"https:\/\/mawuartgallery.com\/fr\/wp-json\/wp\/v2\/product"}],"about":[{"href":"https:\/\/mawuartgallery.com\/fr\/wp-json\/wp\/v2\/types\/product"}],"replies":[{"embeddable":true,"href":"https:\/\/mawuartgallery.com\/fr\/wp-json\/wp\/v2\/comments?post=15352"}],"version-history":[{"count":3,"href":"https:\/\/mawuartgallery.com\/fr\/wp-json\/wp\/v2\/product\/15352\/revisions"}],"predecessor-version":[{"id":16134,"href":"https:\/\/mawuartgallery.com\/fr\/wp-json\/wp\/v2\/product\/15352\/revisions\/16134"}],"wp:featuredmedia":[{"embeddable":true,"href":"https:\/\/mawuartgallery.com\/fr\/wp-json\/wp\/v2\/media\/15355"}],"wp:attachment":[{"href":"https:\/\/mawuartgallery.com\/fr\/wp-json\/wp\/v2\/media?parent=15352"}],"wp:term":[{"taxonomy":"product_brand","embeddable":true,"href":"https:\/\/mawuartgallery.com\/fr\/wp-json\/wp\/v2\/product_brand?post=15352"},{"taxonomy":"product_cat","embeddable":true,"href":"https:\/\/mawuartgallery.com\/fr\/wp-json\/wp\/v2\/product_cat?post=15352"},{"taxonomy":"product_tag","embeddable":true,"href":"https:\/\/mawuartgallery.com\/fr\/wp-json\/wp\/v2\/product_tag?post=15352"}],"curies":[{"name":"wp","href":"https:\/\/api.w.org\/{rel}","templated":true}]}}