{"id":15345,"date":"2025-08-04T08:48:02","date_gmt":"2025-08-04T12:48:02","guid":{"rendered":"https:\/\/mawuartgallery.com\/?post_type=product&#038;p=15345"},"modified":"2025-08-04T09:09:09","modified_gmt":"2025-08-04T13:09:09","slug":"crowned-in-confidence","status":"publish","type":"product","link":"https:\/\/mawuartgallery.com\/fr\/produit\/crowned-in-confidence\/","title":{"rendered":"Crowned in Confidence"},"content":{"rendered":"<p>Elle se tient au centre de tout cela \u2013 pass\u00e9, pr\u00e9sent et futur \u2013 avec un calme qui semble dire \u00ab Je sais qui je suis \u00bb. Ses cheveux, volumineux et libres, ne sont pas seulement une coiffure, ils sont une couronne. Une d\u00e9claration silencieuse. Une histoire.<br \/>\n&nbsp;<br \/>\nIl y a quelque chose dans son regard \u2014 stable, in\u00e9branlable \u2014 qui invite \u00e0 la r\u00e9flexion. Elle n\u2019est pas l\u00e0 pour prouver quoi que ce soit. Elle est simplement l\u00e0.<br \/>\n&nbsp;<br \/>\nLa robe qu\u2019elle porte est bien plus qu\u2019un tissu. C\u2019est une histoire racont\u00e9e \u00e0 travers les couleurs, les formes et les rythmes. Chaque carr\u00e9, chaque cercle a sa signification. C\u2019est audacieux, ludique et profond\u00e9ment enracin\u00e9. Elle ne porte pas seulement des v\u00eatements ; elle porte une culture.<br \/>\n&nbsp;<br \/>\nDerri\u00e8re elle, le monde s\u2019\u00e9panouit : des fleurs aux couleurs \u00e9clatantes, l\u2019oc\u00e9an \u00e0 perte de vue, un chemin sinueux qui s\u2019\u00e9tire comme une histoire encore en train de s\u2019\u00e9crire. Tout semble li\u00e9. Comme si la nature la reconnaissait. Comme si elle l\u2019encourageait.<br \/>\n&nbsp;<br \/>\nLes bras crois\u00e9s \u2014 non pas ferm\u00e9s, mais ancr\u00e9s. S\u00fbrs. Il n\u2019est pas n\u00e9cessaire de crier quand on se sent d\u00e9j\u00e0 entier.<br \/>\n&nbsp;<br \/>\nCe tableau n'est pas seulement un portrait. C'est une d\u00e9claration.<br \/>\n&nbsp;<br \/>\nVoici une c\u00e9l\u00e9bration de l\u2019enfance des filles noires, de la richesse culturelle et d\u2019une identit\u00e9 pleinement assum\u00e9e.<\/p>","protected":false},"excerpt":{"rendered":"<h6><strong>Artiste : <a href=\"https:\/\/mawuartgallery.com\/fr\/portfolio-item\/afeez-aregbede\/\">AFEEZ AREGBEDE<\/a><\/strong><\/h6>\n<p>Huile et acrylique sur toile<br \/>\n(43 x 31 in \/ 110 x 79 cm)<br \/>\nCr\u00e9\u00e9e en 2024<\/p>\n<p>&nbsp;<\/p>\n<p><em>Cet article est soigneusement enroul\u00e9 et exp\u00e9di\u00e9 dans un tube d'exp\u00e9dition afin de garantir une livraison en toute s\u00e9curit\u00e9.<\/em><\/p>\n<p>&nbsp;<\/p>\n<p><strong><em>Pour nous assurer que l'\u0153uvre r\u00e9pond \u00e0 vos attentes, nous serions ravis de vous en fournir une vid\u00e9o en haute d\u00e9finition accompagn\u00e9e des commentaires de l'artiste, avant que vous ne proc\u00e9diez \u00e0 l'achat. Pour ce faire, il vous suffit de communiquer avec nous par courriel \u00e0 <a rel=\"noopener\">mawuartgallery@gmail.com<\/a> D\u00e8s r\u00e9ception de votre demande, nous vous ferons parvenir une ou plusieurs vid\u00e9os\/photos selon votre choix.<\/em><\/strong><\/p>\n<p>&nbsp;<\/p>\n<p><strong>LIVRAISON GRATUITE POUR TOUTES LES COMMANDES<\/strong><\/p>","protected":false},"featured_media":15348,"comment_status":"open","ping_status":"closed","template":"","meta":{"nf_dc_page":""},"product_brand":[],"product_cat":[112,70,43],"product_tag":[32,34,42],"class_list":{"0":"post-15345","1":"product","2":"type-product","3":"status-publish","4":"has-post-thumbnail","6":"product_cat-acrylic","7":"product_cat-oil-painting","8":"product_cat-paintings","9":"product_tag-art","10":"product_tag-color","11":"product_tag-painting","12":"product_shipping_class-mailing-tube","14":"first","15":"instock","16":"sold-individually","17":"shipping-taxable","18":"purchasable","19":"product-type-simple"},"_links":{"self":[{"href":"https:\/\/mawuartgallery.com\/fr\/wp-json\/wp\/v2\/product\/15345","targetHints":{"allow":["GET"]}}],"collection":[{"href":"https:\/\/mawuartgallery.com\/fr\/wp-json\/wp\/v2\/product"}],"about":[{"href":"https:\/\/mawuartgallery.com\/fr\/wp-json\/wp\/v2\/types\/product"}],"replies":[{"embeddable":true,"href":"https:\/\/mawuartgallery.com\/fr\/wp-json\/wp\/v2\/comments?post=15345"}],"version-history":[{"count":0,"href":"https:\/\/mawuartgallery.com\/fr\/wp-json\/wp\/v2\/product\/15345\/revisions"}],"wp:featuredmedia":[{"embeddable":true,"href":"https:\/\/mawuartgallery.com\/fr\/wp-json\/wp\/v2\/media\/15348"}],"wp:attachment":[{"href":"https:\/\/mawuartgallery.com\/fr\/wp-json\/wp\/v2\/media?parent=15345"}],"wp:term":[{"taxonomy":"product_brand","embeddable":true,"href":"https:\/\/mawuartgallery.com\/fr\/wp-json\/wp\/v2\/product_brand?post=15345"},{"taxonomy":"product_cat","embeddable":true,"href":"https:\/\/mawuartgallery.com\/fr\/wp-json\/wp\/v2\/product_cat?post=15345"},{"taxonomy":"product_tag","embeddable":true,"href":"https:\/\/mawuartgallery.com\/fr\/wp-json\/wp\/v2\/product_tag?post=15345"}],"curies":[{"name":"wp","href":"https:\/\/api.w.org\/{rel}","templated":true}]}}