{"id":15327,"date":"2025-07-30T13:01:48","date_gmt":"2025-07-30T17:01:48","guid":{"rendered":"https:\/\/mawuartgallery.com\/?post_type=product&#038;p=15327"},"modified":"2025-10-25T17:18:20","modified_gmt":"2025-10-25T21:18:20","slug":"threelittlebirds","status":"publish","type":"product","link":"https:\/\/mawuartgallery.com\/fr\/produit\/threelittlebirds\/","title":{"rendered":"Trois petits oiseaux"},"content":{"rendered":"<p><strong data-start=\"41\" data-end=\"59\"><em data-start=\"43\" data-end=\"57\">TROIS PETITS OISEAUX<\/em><\/strong>\u00a0est l'une des \u0153uvres de la s\u00e9rie <em data-start=\"88\" data-end=\"100\">SISTERHOOD (Sororit\u00e9)<\/em> dans laquelle je c\u00e9l\u00e8bre l'unit\u00e9 des femmes qui se soutiennent et se comprennent mutuellement. C'est une b\u00e9n\u00e9diction d'avoir une amie comme une s\u0153ur avec qui partager les moments de la vie.<\/p>","protected":false},"excerpt":{"rendered":"<h6><strong>Artiste : <span style=\"color: #0000ff;\"><a style=\"color: #0000ff;\" href=\"https:\/\/mawuartgallery.com\/fr\/portfolio-item\/annah-nkyalu\/\">ANNAH NKYALU<\/a><\/span><\/strong><\/h6>\n<p>Stylo \u00e0 bille et pastel sur papier<br \/>\n(33 x 22 in. \/ 84 x 58 cm)<br \/>\nCr\u00e9\u00e9e en 2025<\/p>\n<p>&nbsp;<\/p>\n<p><strong><em>Pour nous assurer que l'\u0153uvre r\u00e9pond \u00e0 vos attentes, nous serions ravis de vous en fournir une vid\u00e9o en haute d\u00e9finition accompagn\u00e9e des commentaires de l'artiste, avant que vous ne proc\u00e9diez \u00e0 l'achat. Pour ce faire, il vous suffit de communiquer avec nous par courriel \u00e0 <a rel=\"noopener\">mawuartgallery@gmail.com<\/a> D\u00e8s r\u00e9ception de votre demande, nous vous ferons parvenir une ou plusieurs vid\u00e9os\/photos selon votre choix.<\/em><\/strong><\/p>\n<p>&nbsp;<\/p>\n<p><strong>LIVRAISON GRATUITE POUR TOUTES LES COMMANDES<\/strong><\/p>","protected":false},"featured_media":15329,"comment_status":"open","ping_status":"closed","template":"","meta":{"nf_dc_page":""},"product_brand":[],"product_cat":[114,37,115],"product_tag":[32,34,116],"class_list":{"0":"post-15327","1":"product","2":"type-product","3":"status-publish","4":"has-post-thumbnail","6":"product_cat-ballpoint-pen","7":"product_cat-drawings","8":"product_cat-pastel","9":"product_tag-art","10":"product_tag-color","11":"product_tag-drawing","12":"product_shipping_class-mailing-tube","14":"first","15":"instock","16":"sold-individually","17":"shipping-taxable","18":"purchasable","19":"product-type-simple"},"_links":{"self":[{"href":"https:\/\/mawuartgallery.com\/fr\/wp-json\/wp\/v2\/product\/15327","targetHints":{"allow":["GET"]}}],"collection":[{"href":"https:\/\/mawuartgallery.com\/fr\/wp-json\/wp\/v2\/product"}],"about":[{"href":"https:\/\/mawuartgallery.com\/fr\/wp-json\/wp\/v2\/types\/product"}],"replies":[{"embeddable":true,"href":"https:\/\/mawuartgallery.com\/fr\/wp-json\/wp\/v2\/comments?post=15327"}],"version-history":[{"count":5,"href":"https:\/\/mawuartgallery.com\/fr\/wp-json\/wp\/v2\/product\/15327\/revisions"}],"predecessor-version":[{"id":16470,"href":"https:\/\/mawuartgallery.com\/fr\/wp-json\/wp\/v2\/product\/15327\/revisions\/16470"}],"wp:featuredmedia":[{"embeddable":true,"href":"https:\/\/mawuartgallery.com\/fr\/wp-json\/wp\/v2\/media\/15329"}],"wp:attachment":[{"href":"https:\/\/mawuartgallery.com\/fr\/wp-json\/wp\/v2\/media?parent=15327"}],"wp:term":[{"taxonomy":"product_brand","embeddable":true,"href":"https:\/\/mawuartgallery.com\/fr\/wp-json\/wp\/v2\/product_brand?post=15327"},{"taxonomy":"product_cat","embeddable":true,"href":"https:\/\/mawuartgallery.com\/fr\/wp-json\/wp\/v2\/product_cat?post=15327"},{"taxonomy":"product_tag","embeddable":true,"href":"https:\/\/mawuartgallery.com\/fr\/wp-json\/wp\/v2\/product_tag?post=15327"}],"curies":[{"name":"wp","href":"https:\/\/api.w.org\/{rel}","templated":true}]}}