{"id":14916,"date":"2025-07-15T13:11:45","date_gmt":"2025-07-15T17:11:45","guid":{"rendered":"https:\/\/mawuartgallery.com\/?post_type=product&#038;p=14916"},"modified":"2025-10-31T10:30:09","modified_gmt":"2025-10-31T14:30:09","slug":"wambui","status":"publish","type":"product","link":"https:\/\/mawuartgallery.com\/fr\/produit\/wambui\/","title":{"rendered":"Wambui"},"content":{"rendered":"<p>Elle s'appelle Wambui et appartient \u00e0 la communaut\u00e9 Kikuyu. Wambui est une toile vivante et vibrante, dont le nom m\u00eame r\u00e9sonne des m\u00e9lodies ancestrales du c\u0153ur du pays Kikuyu. Elle incarne le chant de la terre, son esprit faisant \u00e9cho au rythme des tambours ancestraux qui battent \u00e0 travers les collines verdoyantes et les plaines fertiles de son h\u00e9ritage.<\/p>\n<p>&nbsp;<\/p>\n<p>Originaire du Kenya, le peuple Kikuyu est le groupe ethnique le plus important du pays. Il est r\u00e9put\u00e9 pour ses traditions profond\u00e9ment enracin\u00e9es et son lien \u00e9troit avec la terre. Cette peinture refl\u00e8te cet h\u00e9ritage, o\u00f9 chaque battement, chaque nom et chaque geste s'inscrivent dans l'histoire m\u00eame de la terre.<\/p>","protected":false},"excerpt":{"rendered":"<h6><strong>Artiste : <span style=\"color: #0000ff;\"><a style=\"color: #0000ff;\" href=\"https:\/\/mawuartgallery.com\/fr\/portfolio-item\/steve-nyaga\/\">STEVE NYAGA<\/a><\/span><\/strong><\/h6>\n<p>Fusain, craie, pastels et acrylique sur toile invers\u00e9e<br \/>\n(150 x 150 cm \/ 59 x 59 po)<br \/>\nCr\u00e9\u00e9e en 2025<\/p>\n<p>&nbsp;<\/p>\n<p><em>Cet article est soigneusement enroul\u00e9 et exp\u00e9di\u00e9 dans un tube d'exp\u00e9dition afin de garantir une livraison en toute s\u00e9curit\u00e9.<\/em><\/p>\n<p>&nbsp;<\/p>\n<p><strong><em>Pour nous assurer que l'\u0153uvre r\u00e9pond \u00e0 vos attentes, nous serions ravis de vous en fournir une vid\u00e9o en haute d\u00e9finition accompagn\u00e9e des commentaires de l'artiste, avant que vous ne proc\u00e9diez \u00e0 l'achat. Pour ce faire, il vous suffit de communiquer avec nous par courriel \u00e0 <a rel=\"noopener\">mawuartgallery@gmail.com<\/a> D\u00e8s r\u00e9ception de votre demande, nous vous ferons parvenir une ou plusieurs vid\u00e9os\/photos selon votre choix.<\/em><\/strong><\/p>\n<p>&nbsp;<\/p>\n<p><strong>LIVRAISON GRATUITE POUR TOUTES LES COMMANDES<\/strong><\/p>","protected":false},"featured_media":14919,"comment_status":"open","ping_status":"closed","template":"","meta":{"nf_dc_page":""},"product_brand":[],"product_cat":[112,146,121,43,115],"product_tag":[32,34,42],"class_list":{"0":"post-14916","1":"product","2":"type-product","3":"status-publish","4":"has-post-thumbnail","6":"product_cat-acrylic","7":"product_cat-chalk","8":"product_cat-charcoal","9":"product_cat-paintings","10":"product_cat-pastel","11":"product_tag-art","12":"product_tag-color","13":"product_tag-painting","14":"product_shipping_class-mailing-tube","16":"first","17":"instock","18":"shipping-taxable","19":"purchasable","20":"product-type-simple"},"_links":{"self":[{"href":"https:\/\/mawuartgallery.com\/fr\/wp-json\/wp\/v2\/product\/14916","targetHints":{"allow":["GET"]}}],"collection":[{"href":"https:\/\/mawuartgallery.com\/fr\/wp-json\/wp\/v2\/product"}],"about":[{"href":"https:\/\/mawuartgallery.com\/fr\/wp-json\/wp\/v2\/types\/product"}],"replies":[{"embeddable":true,"href":"https:\/\/mawuartgallery.com\/fr\/wp-json\/wp\/v2\/comments?post=14916"}],"version-history":[{"count":2,"href":"https:\/\/mawuartgallery.com\/fr\/wp-json\/wp\/v2\/product\/14916\/revisions"}],"predecessor-version":[{"id":16527,"href":"https:\/\/mawuartgallery.com\/fr\/wp-json\/wp\/v2\/product\/14916\/revisions\/16527"}],"wp:featuredmedia":[{"embeddable":true,"href":"https:\/\/mawuartgallery.com\/fr\/wp-json\/wp\/v2\/media\/14919"}],"wp:attachment":[{"href":"https:\/\/mawuartgallery.com\/fr\/wp-json\/wp\/v2\/media?parent=14916"}],"wp:term":[{"taxonomy":"product_brand","embeddable":true,"href":"https:\/\/mawuartgallery.com\/fr\/wp-json\/wp\/v2\/product_brand?post=14916"},{"taxonomy":"product_cat","embeddable":true,"href":"https:\/\/mawuartgallery.com\/fr\/wp-json\/wp\/v2\/product_cat?post=14916"},{"taxonomy":"product_tag","embeddable":true,"href":"https:\/\/mawuartgallery.com\/fr\/wp-json\/wp\/v2\/product_tag?post=14916"}],"curies":[{"name":"wp","href":"https:\/\/api.w.org\/{rel}","templated":true}]}}