{"id":14911,"date":"2025-07-15T12:20:29","date_gmt":"2025-07-15T16:20:29","guid":{"rendered":"https:\/\/mawuartgallery.com\/?post_type=product&#038;p=14911"},"modified":"2025-10-31T10:33:18","modified_gmt":"2025-10-31T14:33:18","slug":"anjarasit","status":"publish","type":"product","link":"https:\/\/mawuartgallery.com\/fr\/produit\/anjarasit\/","title":{"rendered":"Anjarasit"},"content":{"rendered":"<p>Elle s'appelle Anjarasit et appartient \u00e0 la communaut\u00e9 Turkana au Kenya. Les traditions Turkana en mati\u00e8re de pr\u00e9noms f\u00e9minins sont riches de sens et refl\u00e8tent souvent les circonstances entourant la naissance d'un enfant, les lieux g\u00e9ographiques, les ph\u00e9nom\u00e8nes naturels ou m\u00eame les qualit\u00e9s souhait\u00e9es.<\/p>\n<p>&nbsp;<\/p>\n<p>Les Turkana sont un peuple semi-nomade du nord-ouest du Kenya, connu pour sa r\u00e9silience, ses parures saisissantes et son lien profond avec les paysages rudes mais magnifiques qu'il consid\u00e8re comme sa patrie. Cette peinture fait \u00e9cho \u00e0 cet h\u00e9ritage, un nom tiss\u00e9 d'histoire, d'identit\u00e9 et de l'esprit indomptable des vents du d\u00e9sert.<\/p>","protected":false},"excerpt":{"rendered":"<h6><strong>Artiste : <span style=\"color: #0000ff;\"><a style=\"color: #0000ff;\" href=\"https:\/\/mawuartgallery.com\/fr\/portfolio-item\/steve-nyaga\/\">STEVE NYAGA<\/a><\/span><\/strong><\/h6>\n<p>Fusain, craie, pastels et acrylique sur toile invers\u00e9e<br \/>\n(150 x 150 cm \/ 59 x 59 po)<br \/>\nCr\u00e9\u00e9e en 2025<\/p>\n<p>&nbsp;<\/p>\n<p><em>Cet article est soigneusement enroul\u00e9 et exp\u00e9di\u00e9 dans un tube d'exp\u00e9dition afin de garantir une livraison en toute s\u00e9curit\u00e9.<\/em><\/p>\n<p>&nbsp;<\/p>\n<p><strong><em>Pour nous assurer que l'\u0153uvre r\u00e9pond \u00e0 vos attentes, nous serions ravis de vous en fournir une vid\u00e9o en haute d\u00e9finition accompagn\u00e9e des commentaires de l'artiste, avant que vous ne proc\u00e9diez \u00e0 l'achat. Pour ce faire, il vous suffit de communiquer avec nous par courriel \u00e0 <a rel=\"noopener\">mawuartgallery@gmail.com<\/a> D\u00e8s r\u00e9ception de votre demande, nous vous ferons parvenir une ou plusieurs vid\u00e9os\/photos selon votre choix.<\/em><\/strong><\/p>\n<p>&nbsp;<\/p>\n<p><strong>LIVRAISON GRATUITE POUR TOUTES LES COMMANDES<\/strong><\/p>","protected":false},"featured_media":14914,"comment_status":"open","ping_status":"closed","template":"","meta":{"nf_dc_page":""},"product_brand":[],"product_cat":[112,146,121,43,115],"product_tag":[32,34,42],"class_list":{"0":"post-14911","1":"product","2":"type-product","3":"status-publish","4":"has-post-thumbnail","6":"product_cat-acrylic","7":"product_cat-chalk","8":"product_cat-charcoal","9":"product_cat-paintings","10":"product_cat-pastel","11":"product_tag-art","12":"product_tag-color","13":"product_tag-painting","14":"product_shipping_class-mailing-tube","16":"first","17":"instock","18":"shipping-taxable","19":"purchasable","20":"product-type-simple"},"_links":{"self":[{"href":"https:\/\/mawuartgallery.com\/fr\/wp-json\/wp\/v2\/product\/14911","targetHints":{"allow":["GET"]}}],"collection":[{"href":"https:\/\/mawuartgallery.com\/fr\/wp-json\/wp\/v2\/product"}],"about":[{"href":"https:\/\/mawuartgallery.com\/fr\/wp-json\/wp\/v2\/types\/product"}],"replies":[{"embeddable":true,"href":"https:\/\/mawuartgallery.com\/fr\/wp-json\/wp\/v2\/comments?post=14911"}],"version-history":[{"count":2,"href":"https:\/\/mawuartgallery.com\/fr\/wp-json\/wp\/v2\/product\/14911\/revisions"}],"predecessor-version":[{"id":16529,"href":"https:\/\/mawuartgallery.com\/fr\/wp-json\/wp\/v2\/product\/14911\/revisions\/16529"}],"wp:featuredmedia":[{"embeddable":true,"href":"https:\/\/mawuartgallery.com\/fr\/wp-json\/wp\/v2\/media\/14914"}],"wp:attachment":[{"href":"https:\/\/mawuartgallery.com\/fr\/wp-json\/wp\/v2\/media?parent=14911"}],"wp:term":[{"taxonomy":"product_brand","embeddable":true,"href":"https:\/\/mawuartgallery.com\/fr\/wp-json\/wp\/v2\/product_brand?post=14911"},{"taxonomy":"product_cat","embeddable":true,"href":"https:\/\/mawuartgallery.com\/fr\/wp-json\/wp\/v2\/product_cat?post=14911"},{"taxonomy":"product_tag","embeddable":true,"href":"https:\/\/mawuartgallery.com\/fr\/wp-json\/wp\/v2\/product_tag?post=14911"}],"curies":[{"name":"wp","href":"https:\/\/api.w.org\/{rel}","templated":true}]}}