{"id":14903,"date":"2025-07-15T09:22:30","date_gmt":"2025-07-15T13:22:30","guid":{"rendered":"https:\/\/mawuartgallery.com\/?post_type=product&#038;p=14903"},"modified":"2026-04-10T11:46:39","modified_gmt":"2026-04-10T15:46:39","slug":"nyambura","status":"publish","type":"product","link":"https:\/\/mawuartgallery.com\/fr\/produit\/nyambura\/","title":{"rendered":"Nyambura"},"content":{"rendered":"<p>Elle s'appelle Nyambura et appartient \u00e0 la communaut\u00e9 Kikuyu. Nyambura est une figure n\u00e9e de l'essence m\u00eame de la pluie qui donne la vie. Sa pr\u00e9sence est comme les premi\u00e8res gouttes sur une terre dess\u00e9ch\u00e9e, apportant un soupir de soulagement, un parfum de renouveau et la promesse de la croissance. Elle pourrait \u00eatre repr\u00e9sent\u00e9e avec une aura de fra\u00eecheur et de vitalit\u00e9.<\/p>\n<p>&nbsp;<\/p>\n<p>Dans la culture Kikuyu, originaire du Kenya, le nom Nyambura est souvent donn\u00e9 aux filles n\u00e9es pendant la saison des pluies, une p\u00e9riode sacr\u00e9e symbolisant l'abondance et la b\u00e9n\u00e9diction. Cette peinture incarne non seulement une personne, mais aussi une c\u00e9l\u00e9bration de la g\u00e9n\u00e9rosit\u00e9 de la nature et du lien spirituel profond qui unit l'Afrique \u00e0 la terre.<\/p>","protected":false},"excerpt":{"rendered":"<h6><strong>Artiste : <span style=\"color: #0000ff;\"><a style=\"color: #0000ff;\" href=\"https:\/\/mawuartgallery.com\/fr\/portfolio-item\/steve-nyaga\/\">STEVE NYAGA<\/a><\/span><\/strong><\/h6>\n<p>Fusain, craie, pastels et acrylique sur toile invers\u00e9e<br \/>\n(150 x 150 cm \/ 59 x 59 po)<br \/>\nCr\u00e9\u00e9e en 2025<\/p>\n<p>&nbsp;<\/p>\n<p><em>Cet article est soigneusement enroul\u00e9 et exp\u00e9di\u00e9 dans un tube d'exp\u00e9dition afin de garantir une livraison en toute s\u00e9curit\u00e9.<\/em><\/p>\n<p>&nbsp;<\/p>\n<p><strong><em>Pour nous assurer que l'\u0153uvre r\u00e9pond \u00e0 vos attentes, nous serions ravis de vous en fournir une vid\u00e9o en haute d\u00e9finition accompagn\u00e9e des commentaires de l'artiste, avant que vous ne proc\u00e9diez \u00e0 l'achat. Pour ce faire, il vous suffit de communiquer avec nous par courriel \u00e0 <a rel=\"noopener\">mawuartgallery@gmail.com<\/a> D\u00e8s r\u00e9ception de votre demande, nous vous ferons parvenir une ou plusieurs vid\u00e9os\/photos selon votre choix.<\/em><\/strong><\/p>\n<p>&nbsp;<\/p>\n<p><strong>LIVRAISON GRATUITE POUR TOUTES LES COMMANDES<\/strong><\/p>","protected":false},"featured_media":14906,"comment_status":"open","ping_status":"closed","template":"","meta":{"nf_dc_page":""},"product_brand":[],"product_cat":[112,146,121,43,115],"product_tag":[32,34,42],"class_list":{"0":"post-14903","1":"product","2":"type-product","3":"status-publish","4":"has-post-thumbnail","6":"product_cat-acrylic","7":"product_cat-chalk","8":"product_cat-charcoal","9":"product_cat-paintings","10":"product_cat-pastel","11":"product_tag-art","12":"product_tag-color","13":"product_tag-painting","14":"product_shipping_class-mailing-tube","16":"first","17":"outofstock","18":"sold-individually","19":"shipping-taxable","20":"product-type-simple"},"_links":{"self":[{"href":"https:\/\/mawuartgallery.com\/fr\/wp-json\/wp\/v2\/product\/14903","targetHints":{"allow":["GET"]}}],"collection":[{"href":"https:\/\/mawuartgallery.com\/fr\/wp-json\/wp\/v2\/product"}],"about":[{"href":"https:\/\/mawuartgallery.com\/fr\/wp-json\/wp\/v2\/types\/product"}],"replies":[{"embeddable":true,"href":"https:\/\/mawuartgallery.com\/fr\/wp-json\/wp\/v2\/comments?post=14903"}],"version-history":[{"count":3,"href":"https:\/\/mawuartgallery.com\/fr\/wp-json\/wp\/v2\/product\/14903\/revisions"}],"predecessor-version":[{"id":15671,"href":"https:\/\/mawuartgallery.com\/fr\/wp-json\/wp\/v2\/product\/14903\/revisions\/15671"}],"wp:featuredmedia":[{"embeddable":true,"href":"https:\/\/mawuartgallery.com\/fr\/wp-json\/wp\/v2\/media\/14906"}],"wp:attachment":[{"href":"https:\/\/mawuartgallery.com\/fr\/wp-json\/wp\/v2\/media?parent=14903"}],"wp:term":[{"taxonomy":"product_brand","embeddable":true,"href":"https:\/\/mawuartgallery.com\/fr\/wp-json\/wp\/v2\/product_brand?post=14903"},{"taxonomy":"product_cat","embeddable":true,"href":"https:\/\/mawuartgallery.com\/fr\/wp-json\/wp\/v2\/product_cat?post=14903"},{"taxonomy":"product_tag","embeddable":true,"href":"https:\/\/mawuartgallery.com\/fr\/wp-json\/wp\/v2\/product_tag?post=14903"}],"curies":[{"name":"wp","href":"https:\/\/api.w.org\/{rel}","templated":true}]}}