{"id":14689,"date":"2025-07-07T12:04:49","date_gmt":"2025-07-07T16:04:49","guid":{"rendered":"https:\/\/mawuartgallery.com\/?post_type=product&#038;p=14689"},"modified":"2026-01-17T10:54:59","modified_gmt":"2026-01-17T14:54:59","slug":"till-the-sun-goes-down","status":"publish","type":"product","link":"https:\/\/mawuartgallery.com\/fr\/produit\/till-the-sun-goes-down\/","title":{"rendered":"Jusqu'au coucher du soleil"},"content":{"rendered":"<p data-start=\"146\" data-end=\"461\"><em>Jusqu'au coucher du soleil<\/em>\u00a0explore la r\u00e9silience, la solitude et la force tranquille que l'on trouve dans les moments de r\u00e9flexion. Sur fond de soleil couchant, le personnage se tient entre ombre et lumi\u00e8re, symbole de transition : entre le jour et la nuit, la certitude et l'incertitude, la pr\u00e9sence et l'absence.<\/p>\n<p>&nbsp;<\/p>\n<p data-start=\"463\" data-end=\"786\">Le langage corporel du sujet, subtilement tendu mais ancr\u00e9, t\u00e9moigne des combats int\u00e9rieurs que nous menons tous, qui persistent silencieusement en nous jusqu'\u00e0 la fin de chaque journ\u00e9e. La lueur orange intense du coucher de soleil contraste avec le bleu froid de la chemise du personnage, \u00e9voquant une tension \u00e9motionnelle entre chaleur et d\u00e9tachement, espoir et endurance.<\/p>\n<p>&nbsp;<\/p>\n<p data-start=\"788\" data-end=\"1007\">Cette \u0153uvre est une m\u00e9ditation sur le temps, l'attente et la r\u00e9silience de l'esprit humain. Elle capture l'exp\u00e9rience universelle qui consiste \u00e0 tenir bon, \u00e0 rester ferme et \u00e0 trouver un sens dans les espaces interm\u00e9diaires, jusqu'au coucher du soleil.<\/p>","protected":false},"excerpt":{"rendered":"<h6><strong>Artiste : <\/strong><a href=\"https:\/\/mawuartgallery.com\/fr\/portfolio-item\/linus-aba\/\"><strong><span style=\"color: #0000ff;\">LINUS ABA<\/span><\/strong><\/a><\/h6>\n<p>Acrylique sur toile<br \/>\n(78 x 78 cm \/ 31 x 31 po)<br \/>\nCr\u00e9\u00e9e en 2025<\/p>\n<p>&nbsp;<\/p>\n<h6>\ud83d\udd04Dans cette ench\u00e8re invers\u00e9e, le prix baisse quotidiennement\ud83d\udcc9. SOYEZ LE 1er ou la 1re \u00e0 atteindre le myst\u00e9rieux prix minimum de l'artiste\ud83c\udfafet l'\u0153uvre\ud83d\uddbc\ufe0f est \u00e0 vous! Ench\u00e9rissez avec audace!<\/h6>\n<p>&nbsp;<\/p>\n<p><strong>LIVRAISON GRATUITE POUR TOUTES LES COMMANDES<\/strong><\/p>","protected":false},"featured_media":14692,"comment_status":"open","ping_status":"closed","template":"","meta":{"nf_dc_page":""},"product_brand":[],"product_cat":[70,43],"product_tag":[32,34,42],"class_list":{"0":"post-14689","1":"product","2":"type-product","3":"status-publish","4":"has-post-thumbnail","6":"product_cat-oil-painting","7":"product_cat-paintings","8":"product_tag-art","9":"product_tag-color","10":"product_tag-painting","11":"product_shipping_class-mailing-tube","13":"first","14":"instock","15":"sold-individually","16":"shipping-taxable","17":"purchasable","18":"product-type-auction"},"_links":{"self":[{"href":"https:\/\/mawuartgallery.com\/fr\/wp-json\/wp\/v2\/product\/14689","targetHints":{"allow":["GET"]}}],"collection":[{"href":"https:\/\/mawuartgallery.com\/fr\/wp-json\/wp\/v2\/product"}],"about":[{"href":"https:\/\/mawuartgallery.com\/fr\/wp-json\/wp\/v2\/types\/product"}],"replies":[{"embeddable":true,"href":"https:\/\/mawuartgallery.com\/fr\/wp-json\/wp\/v2\/comments?post=14689"}],"version-history":[{"count":1,"href":"https:\/\/mawuartgallery.com\/fr\/wp-json\/wp\/v2\/product\/14689\/revisions"}],"predecessor-version":[{"id":17418,"href":"https:\/\/mawuartgallery.com\/fr\/wp-json\/wp\/v2\/product\/14689\/revisions\/17418"}],"wp:featuredmedia":[{"embeddable":true,"href":"https:\/\/mawuartgallery.com\/fr\/wp-json\/wp\/v2\/media\/14692"}],"wp:attachment":[{"href":"https:\/\/mawuartgallery.com\/fr\/wp-json\/wp\/v2\/media?parent=14689"}],"wp:term":[{"taxonomy":"product_brand","embeddable":true,"href":"https:\/\/mawuartgallery.com\/fr\/wp-json\/wp\/v2\/product_brand?post=14689"},{"taxonomy":"product_cat","embeddable":true,"href":"https:\/\/mawuartgallery.com\/fr\/wp-json\/wp\/v2\/product_cat?post=14689"},{"taxonomy":"product_tag","embeddable":true,"href":"https:\/\/mawuartgallery.com\/fr\/wp-json\/wp\/v2\/product_tag?post=14689"}],"curies":[{"name":"wp","href":"https:\/\/api.w.org\/{rel}","templated":true}]}}