{"id":14447,"date":"2025-06-27T18:01:43","date_gmt":"2025-06-27T22:01:43","guid":{"rendered":"https:\/\/mawuartgallery.com\/?post_type=product&#038;p=14447"},"modified":"2026-03-27T10:39:44","modified_gmt":"2026-03-27T14:39:44","slug":"chilling-out","status":"publish","type":"product","link":"https:\/\/mawuartgallery.com\/fr\/produit\/chilling-out\/","title":{"rendered":"D\u00c9TENTE"},"content":{"rendered":"<p>\u00ab D\u00e9tente \u00bb est une \u0153uvre connotant le moment de s\u00e9r\u00e9nit\u00e9 et d'intimit\u00e9 d''une femme qui se d\u00e9tend apr\u00e8s une longue journ\u00e9e de travail. Elle est confortablement assise, dans un cadre chaleureux et douillet, \u00e9vacuant le stress et les tensions de la journ\u00e9e. Sa posture d\u00e9tendue et son expression de soulagement \u00e9voquent un sentiment de calme et de satisfaction, comme si elle avait enfin trouv\u00e9 un moment de paix et de solitude.<\/p>","protected":false},"excerpt":{"rendered":"<h6><strong>Artiste : <\/strong><a href=\"https:\/\/mawuartgallery.com\/fr\/portfolio-item\/gloria-mmaduako\/\"><strong><span style=\"color: #0000ff;\">GLORIA MMADUAKO<\/span><\/strong><\/a><\/h6>\n<p>Huile et acrylique sur toile<br \/>\n(76 x 76 cm \/ 30 x 30 po)<br \/>\nCr\u00e9\u00e9e en 2023<\/p>\n<p>&nbsp;<\/p>\n<h6>\ud83d\udd04Dans cette ench\u00e8re invers\u00e9e, le prix baisse quotidiennement\ud83d\udcc9. SOYEZ LE 1er ou la 1re \u00e0 atteindre le myst\u00e9rieux prix minimum de l'artiste\ud83c\udfafet l'\u0153uvre\ud83d\uddbc\ufe0f est \u00e0 vous! Ench\u00e9rissez avec audace!<\/h6>\n<p>&nbsp;<\/p>\n<p><strong>LIVRAISON GRATUITE POUR TOUTES LES COMMANDES<\/strong><\/p>","protected":false},"featured_media":11366,"comment_status":"open","ping_status":"closed","template":"","meta":{"nf_dc_page":""},"product_brand":[],"product_cat":[112,70,43],"product_tag":[32,34,42],"class_list":{"0":"post-14447","1":"product","2":"type-product","3":"status-publish","4":"has-post-thumbnail","6":"product_cat-acrylic","7":"product_cat-oil-painting","8":"product_cat-paintings","9":"product_tag-art","10":"product_tag-color","11":"product_tag-painting","12":"product_shipping_class-mailing-tube","14":"first","15":"instock","16":"sold-individually","17":"shipping-taxable","18":"purchasable","19":"product-type-auction"},"_links":{"self":[{"href":"https:\/\/mawuartgallery.com\/fr\/wp-json\/wp\/v2\/product\/14447","targetHints":{"allow":["GET"]}}],"collection":[{"href":"https:\/\/mawuartgallery.com\/fr\/wp-json\/wp\/v2\/product"}],"about":[{"href":"https:\/\/mawuartgallery.com\/fr\/wp-json\/wp\/v2\/types\/product"}],"replies":[{"embeddable":true,"href":"https:\/\/mawuartgallery.com\/fr\/wp-json\/wp\/v2\/comments?post=14447"}],"version-history":[{"count":2,"href":"https:\/\/mawuartgallery.com\/fr\/wp-json\/wp\/v2\/product\/14447\/revisions"}],"predecessor-version":[{"id":17932,"href":"https:\/\/mawuartgallery.com\/fr\/wp-json\/wp\/v2\/product\/14447\/revisions\/17932"}],"wp:featuredmedia":[{"embeddable":true,"href":"https:\/\/mawuartgallery.com\/fr\/wp-json\/wp\/v2\/media\/11366"}],"wp:attachment":[{"href":"https:\/\/mawuartgallery.com\/fr\/wp-json\/wp\/v2\/media?parent=14447"}],"wp:term":[{"taxonomy":"product_brand","embeddable":true,"href":"https:\/\/mawuartgallery.com\/fr\/wp-json\/wp\/v2\/product_brand?post=14447"},{"taxonomy":"product_cat","embeddable":true,"href":"https:\/\/mawuartgallery.com\/fr\/wp-json\/wp\/v2\/product_cat?post=14447"},{"taxonomy":"product_tag","embeddable":true,"href":"https:\/\/mawuartgallery.com\/fr\/wp-json\/wp\/v2\/product_tag?post=14447"}],"curies":[{"name":"wp","href":"https:\/\/api.w.org\/{rel}","templated":true}]}}