{"id":14436,"date":"2025-06-27T09:18:46","date_gmt":"2025-06-27T13:18:46","guid":{"rendered":"https:\/\/mawuartgallery.com\/?post_type=product&#038;p=14436"},"modified":"2026-02-02T10:39:37","modified_gmt":"2026-02-02T14:39:37","slug":"hope-in-captivity","status":"publish","type":"product","link":"https:\/\/mawuartgallery.com\/fr\/produit\/hope-in-captivity\/","title":{"rendered":"L'espoir en captivit\u00e9"},"content":{"rendered":"<p data-start=\"219\" data-end=\"593\"><em>L'espoir en captivit\u00e9<\/em> interroge la fronti\u00e8re fragile entre r\u00e9silience et r\u00e9pression, essence et apparence<strong data-start=\"219\" data-end=\"335\">.<\/strong> Au centre se trouve une figure sans visage, dont la t\u00eate a \u00e9t\u00e9 remplac\u00e9e par une chaussure us\u00e9e, qui fleurit d\u00e9sormais de mani\u00e8re \u00e9clatante au sommet d'une bouteille de gaz sous pression. M\u00e9taphore de l'endurance, la fleur-chaussure devient une couronne de survie, mais aussi une question : <em data-start=\"561\" data-end=\"593\">peut-on vraiment s'\u00e9panouir si l'on est invisible?<\/em><\/p>\n<p>&nbsp;<\/p>\n<p data-start=\"595\" data-end=\"1011\">La poitrine du personnage est repr\u00e9sent\u00e9e comme une cage \u00e0 oiseaux contenant deux colombes, symboles de la vie int\u00e9rieure et du d\u00e9sir. L'une s'\u00e9tire vers le haut, l'autre h\u00e9site, incarnant la tension entre le d\u00e9sir de s'\u00e9chapper et la peur de l'inconnu. Derri\u00e8re elles, des teintes enfum\u00e9es \u00e9voquent le traumatisme et la pression sociale. L'ensemble de la composition pose une question troublante : <em data-start=\"945\" data-end=\"1011\">la r\u00e9silience est-elle une forme de libert\u00e9 ou une performance bien rod\u00e9e?<\/em><\/p>\n<p>&nbsp;<\/p>\n<p data-start=\"1013\" data-end=\"1248\">Faisant \u00e9cho aux th\u00e8mes de la captivit\u00e9 int\u00e9rieure et de l'\u00e9touffement spirituel, l'\u0153uvre n'offre pas de r\u00e9ponses faciles. Il s'agit plut\u00f4t d'une m\u00e9ditation silencieuse, qui nous demande non seulement si nous pouvons respirer, mais aussi si nous vivons vraiment ou si nous nous contentons de survivre en apparence.<\/p>","protected":false},"excerpt":{"rendered":"<h6><strong>Artiste : <\/strong><strong><span style=\"color: #0000ff;\"><a style=\"color: #0000ff;\" href=\"https:\/\/mawuartgallery.com\/fr\/portfolio-item\/olaonipekun-samuel-onafuye\/\">OLAONIPEKUN SAMUEL ONAFUYE<\/a><\/span><\/strong><\/h6>\n<p>Acrylique sur toile<br \/>\n(48 x 36 in. \/ 121 x 90 cm)<br \/>\nCr\u00e9\u00e9e en 2025<\/p>\n<p>&nbsp;<\/p>\n<h6>\ud83d\udd04Dans cette ench\u00e8re invers\u00e9e, le prix baisse quotidiennement\ud83d\udcc9. SOYEZ LE 1er ou la 1re \u00e0 atteindre le myst\u00e9rieux prix minimum de l'artiste\ud83c\udfafet l'\u0153uvre\ud83d\uddbc\ufe0f est \u00e0 vous! Ench\u00e9rissez avec audace!<\/h6>\n<p>&nbsp;<\/p>\n<p><strong>LIVRAISON GRATUITE POUR TOUTES LES COMMANDES<\/strong><\/p>","protected":false},"featured_media":14439,"comment_status":"open","ping_status":"closed","template":"","meta":{"nf_dc_page":""},"product_brand":[],"product_cat":[112,43],"product_tag":[32,34,42],"class_list":{"0":"post-14436","1":"product","2":"type-product","3":"status-publish","4":"has-post-thumbnail","6":"product_cat-acrylic","7":"product_cat-paintings","8":"product_tag-art","9":"product_tag-color","10":"product_tag-painting","11":"product_shipping_class-mailing-tube","13":"first","14":"instock","15":"sold-individually","16":"shipping-taxable","17":"purchasable","18":"product-type-auction"},"_links":{"self":[{"href":"https:\/\/mawuartgallery.com\/fr\/wp-json\/wp\/v2\/product\/14436","targetHints":{"allow":["GET"]}}],"collection":[{"href":"https:\/\/mawuartgallery.com\/fr\/wp-json\/wp\/v2\/product"}],"about":[{"href":"https:\/\/mawuartgallery.com\/fr\/wp-json\/wp\/v2\/types\/product"}],"replies":[{"embeddable":true,"href":"https:\/\/mawuartgallery.com\/fr\/wp-json\/wp\/v2\/comments?post=14436"}],"version-history":[{"count":1,"href":"https:\/\/mawuartgallery.com\/fr\/wp-json\/wp\/v2\/product\/14436\/revisions"}],"predecessor-version":[{"id":17542,"href":"https:\/\/mawuartgallery.com\/fr\/wp-json\/wp\/v2\/product\/14436\/revisions\/17542"}],"wp:featuredmedia":[{"embeddable":true,"href":"https:\/\/mawuartgallery.com\/fr\/wp-json\/wp\/v2\/media\/14439"}],"wp:attachment":[{"href":"https:\/\/mawuartgallery.com\/fr\/wp-json\/wp\/v2\/media?parent=14436"}],"wp:term":[{"taxonomy":"product_brand","embeddable":true,"href":"https:\/\/mawuartgallery.com\/fr\/wp-json\/wp\/v2\/product_brand?post=14436"},{"taxonomy":"product_cat","embeddable":true,"href":"https:\/\/mawuartgallery.com\/fr\/wp-json\/wp\/v2\/product_cat?post=14436"},{"taxonomy":"product_tag","embeddable":true,"href":"https:\/\/mawuartgallery.com\/fr\/wp-json\/wp\/v2\/product_tag?post=14436"}],"curies":[{"name":"wp","href":"https:\/\/api.w.org\/{rel}","templated":true}]}}