{"id":14357,"date":"2025-06-23T09:00:20","date_gmt":"2025-06-23T13:00:20","guid":{"rendered":"https:\/\/mawuartgallery.com\/?post_type=product&#038;p=14357"},"modified":"2025-10-15T09:30:42","modified_gmt":"2025-10-15T13:30:42","slug":"in-my-feelings","status":"publish","type":"product","link":"https:\/\/mawuartgallery.com\/fr\/produit\/in-my-feelings\/","title":{"rendered":"Dans mes sentiments"},"content":{"rendered":"<p><em>Dans mes sentiments<\/em> est le premier tableau de la s\u00e9rie. Il repr\u00e9sente une silhouette solitaire dans une ville sombre et d\u00e9form\u00e9e, sous des nuages tourbillonnants. L'\u0153uvre incarne l'expression \u00ab tel \u00e0 l'int\u00e9rieur, tel \u00e0 l'ext\u00e9rieur \u00bb, exprimant comment les tourments int\u00e9rieurs peuvent fa\u00e7onner notre perception du monde qui nous entoure, et vice versa.<\/p>","protected":false},"excerpt":{"rendered":"<h6><strong>Artiste : <span style=\"color: #0000ff;\"><a style=\"color: #0000ff;\" href=\"https:\/\/mawuartgallery.com\/fr\/portfolio-item\/christine-karuma\/\">CHRISTINE KARUMA<\/a><\/span><\/strong><\/h6>\n<p>Acrylique sur toile<br \/>\n(27 x 23 in. \/ 70 x 60 cm)<br \/>\nCr\u00e9\u00e9e en 2024<\/p>\n<p>&nbsp;<\/p>\n<p><em>Cet article est soigneusement enroul\u00e9 et exp\u00e9di\u00e9 dans un tube d'exp\u00e9dition afin de garantir une livraison en toute s\u00e9curit\u00e9.<\/em><\/p>\n<p>&nbsp;<\/p>\n<p><strong><em>Pour nous assurer que l'\u0153uvre r\u00e9pond \u00e0 vos attentes, nous serions ravis de vous en fournir une vid\u00e9o en haute d\u00e9finition accompagn\u00e9e des commentaires de l'artiste, avant que vous ne proc\u00e9diez \u00e0 l'achat. Pour ce faire, il vous suffit de communiquer avec nous par courriel \u00e0 <a rel=\"noopener\">mawuartgallery@gmail.com<\/a> D\u00e8s r\u00e9ception de votre demande, nous vous ferons parvenir une ou plusieurs vid\u00e9os\/photos selon votre choix.<\/em><\/strong><\/p>\n<p>&nbsp;<\/p>\n<p><strong>LIVRAISON GRATUITE POUR TOUTES LES COMMANDES<\/strong><\/p>","protected":false},"featured_media":14360,"comment_status":"open","ping_status":"closed","template":"","meta":{"nf_dc_page":""},"product_brand":[],"product_cat":[112,43],"product_tag":[32,34,42],"class_list":{"0":"post-14357","1":"product","2":"type-product","3":"status-publish","4":"has-post-thumbnail","6":"product_cat-acrylic","7":"product_cat-paintings","8":"product_tag-art","9":"product_tag-color","10":"product_tag-painting","11":"product_shipping_class-mailing-tube","13":"first","14":"instock","15":"shipping-taxable","16":"purchasable","17":"product-type-simple"},"_links":{"self":[{"href":"https:\/\/mawuartgallery.com\/fr\/wp-json\/wp\/v2\/product\/14357","targetHints":{"allow":["GET"]}}],"collection":[{"href":"https:\/\/mawuartgallery.com\/fr\/wp-json\/wp\/v2\/product"}],"about":[{"href":"https:\/\/mawuartgallery.com\/fr\/wp-json\/wp\/v2\/types\/product"}],"replies":[{"embeddable":true,"href":"https:\/\/mawuartgallery.com\/fr\/wp-json\/wp\/v2\/comments?post=14357"}],"version-history":[{"count":1,"href":"https:\/\/mawuartgallery.com\/fr\/wp-json\/wp\/v2\/product\/14357\/revisions"}],"predecessor-version":[{"id":16207,"href":"https:\/\/mawuartgallery.com\/fr\/wp-json\/wp\/v2\/product\/14357\/revisions\/16207"}],"wp:featuredmedia":[{"embeddable":true,"href":"https:\/\/mawuartgallery.com\/fr\/wp-json\/wp\/v2\/media\/14360"}],"wp:attachment":[{"href":"https:\/\/mawuartgallery.com\/fr\/wp-json\/wp\/v2\/media?parent=14357"}],"wp:term":[{"taxonomy":"product_brand","embeddable":true,"href":"https:\/\/mawuartgallery.com\/fr\/wp-json\/wp\/v2\/product_brand?post=14357"},{"taxonomy":"product_cat","embeddable":true,"href":"https:\/\/mawuartgallery.com\/fr\/wp-json\/wp\/v2\/product_cat?post=14357"},{"taxonomy":"product_tag","embeddable":true,"href":"https:\/\/mawuartgallery.com\/fr\/wp-json\/wp\/v2\/product_tag?post=14357"}],"curies":[{"name":"wp","href":"https:\/\/api.w.org\/{rel}","templated":true}]}}