{"id":14337,"date":"2025-06-20T17:16:36","date_gmt":"2025-06-20T21:16:36","guid":{"rendered":"https:\/\/mawuartgallery.com\/?post_type=product&#038;p=14337"},"modified":"2025-10-15T09:27:57","modified_gmt":"2025-10-15T13:27:57","slug":"meltdown-i","status":"publish","type":"product","link":"https:\/\/mawuartgallery.com\/fr\/produit\/meltdown-i\/","title":{"rendered":"Dissolution (I)"},"content":{"rendered":"<p>Dans <em>Dissolution (I),<\/em>j'utilise des mouvements exag\u00e9r\u00e9s et des couleurs chaudes pour d\u00e9peindre les \u00e9motions extr\u00eames et bouleversantes qui accompagnent une d\u00e9pression nerveuse. Le personnage semble se dissoudre dans son environnement, refl\u00e9tant ainsi la nature incontr\u00f4lable de ces moments.<\/p>","protected":false},"excerpt":{"rendered":"<h6><strong>Artiste : <span style=\"color: #0000ff;\"><a style=\"color: #0000ff;\" href=\"https:\/\/mawuartgallery.com\/fr\/portfolio-item\/christine-karuma\/\">CHRISTINE KARUMA<\/a><\/span><\/strong><\/h6>\n<p>Acrylique sur toile<br \/>\n(16 x 12 in \/ 42 x 33 cm)<br \/>\nCr\u00e9\u00e9e en 2025<\/p>\n<p>&nbsp;<\/p>\n<p><em>Cet \u0153uvre est exp\u00e9di\u00e9e tendue sur son cadre en bois d'origine.<\/em><\/p>\n<p>&nbsp;<\/p>\n<p><strong><em>Pour nous assurer que l'\u0153uvre r\u00e9pond \u00e0 vos attentes, nous serions ravis de vous en fournir une vid\u00e9o en haute d\u00e9finition accompagn\u00e9e des commentaires de l'artiste, avant que vous ne proc\u00e9diez \u00e0 l'achat. Pour ce faire, il vous suffit de communiquer avec nous par courriel \u00e0 <a rel=\"noopener\">mawuartgallery@gmail.com<\/a> D\u00e8s r\u00e9ception de votre demande, nous vous ferons parvenir une ou plusieurs vid\u00e9os\/photos selon votre choix.<\/em><\/strong><\/p>\n<p>&nbsp;<\/p>\n<p><strong>LIVRAISON GRATUITE POUR TOUTES LES COMMANDES<\/strong><\/p>","protected":false},"featured_media":14341,"comment_status":"open","ping_status":"closed","template":"","meta":{"nf_dc_page":""},"product_brand":[],"product_cat":[112,43],"product_tag":[32,34,42],"class_list":{"0":"post-14337","1":"product","2":"type-product","3":"status-publish","4":"has-post-thumbnail","6":"product_cat-acrylic","7":"product_cat-paintings","8":"product_tag-art","9":"product_tag-color","10":"product_tag-painting","11":"product_shipping_class-mailing-tube","13":"first","14":"instock","15":"shipping-taxable","16":"purchasable","17":"product-type-simple"},"_links":{"self":[{"href":"https:\/\/mawuartgallery.com\/fr\/wp-json\/wp\/v2\/product\/14337","targetHints":{"allow":["GET"]}}],"collection":[{"href":"https:\/\/mawuartgallery.com\/fr\/wp-json\/wp\/v2\/product"}],"about":[{"href":"https:\/\/mawuartgallery.com\/fr\/wp-json\/wp\/v2\/types\/product"}],"replies":[{"embeddable":true,"href":"https:\/\/mawuartgallery.com\/fr\/wp-json\/wp\/v2\/comments?post=14337"}],"version-history":[{"count":2,"href":"https:\/\/mawuartgallery.com\/fr\/wp-json\/wp\/v2\/product\/14337\/revisions"}],"predecessor-version":[{"id":16206,"href":"https:\/\/mawuartgallery.com\/fr\/wp-json\/wp\/v2\/product\/14337\/revisions\/16206"}],"wp:featuredmedia":[{"embeddable":true,"href":"https:\/\/mawuartgallery.com\/fr\/wp-json\/wp\/v2\/media\/14341"}],"wp:attachment":[{"href":"https:\/\/mawuartgallery.com\/fr\/wp-json\/wp\/v2\/media?parent=14337"}],"wp:term":[{"taxonomy":"product_brand","embeddable":true,"href":"https:\/\/mawuartgallery.com\/fr\/wp-json\/wp\/v2\/product_brand?post=14337"},{"taxonomy":"product_cat","embeddable":true,"href":"https:\/\/mawuartgallery.com\/fr\/wp-json\/wp\/v2\/product_cat?post=14337"},{"taxonomy":"product_tag","embeddable":true,"href":"https:\/\/mawuartgallery.com\/fr\/wp-json\/wp\/v2\/product_tag?post=14337"}],"curies":[{"name":"wp","href":"https:\/\/api.w.org\/{rel}","templated":true}]}}