{"id":14287,"date":"2025-06-17T15:27:30","date_gmt":"2025-06-17T19:27:30","guid":{"rendered":"https:\/\/mawuartgallery.com\/?post_type=product&#038;p=14287"},"modified":"2026-02-08T10:08:06","modified_gmt":"2026-02-08T14:08:06","slug":"kindred-echoes","status":"publish","type":"product","link":"https:\/\/mawuartgallery.com\/fr\/produit\/kindred-echoes\/","title":{"rendered":"\u00c9chos jumeaux"},"content":{"rendered":"<p>Dans un monde entre r\u00eave et souvenir, deux \u00e2mes sont enlac\u00e9es dans une compr\u00e9hension silencieuse \u2014 s\u0153urs non seulement par le sang, mais aussi par l'esprit. L'a\u00een\u00e9e, sereine et protectrice, veille sur la cadette, qui se penche vers elle avec une confiance tranquille.<\/p>\n<p>&nbsp;<\/p>\n<p>Leurs yeux, grands et cercl\u00e9s de rouge et de blanc vifs, sont des portails \u2014 non seulement vers leur monde int\u00e9rieur, mais aussi vers la sagesse ancestrale transmise de g\u00e9n\u00e9ration en g\u00e9n\u00e9ration. Leur peau est une tapisserie de motifs sacr\u00e9s \u2014 marques d'identit\u00e9, de culture et de survie. Chaque ligne est une histoire, un rite, un murmure de ceux qui les ont pr\u00e9c\u00e9d\u00e9s. Leurs cheveux se fondent comme des rivi\u00e8res qui se rejoignent, s'\u00e9panouissant dans les rouges et les noirs vibrants du feu et de la terre \u2014 l'amour et la r\u00e9silience.<\/p>","protected":false},"excerpt":{"rendered":"<h6><strong>Artiste : <\/strong><a href=\"https:\/\/mawuartgallery.com\/fr\/portfolio-item\/segun-abraham\/\"><strong><span style=\"color: #0000ff;\">segun abraham<\/span><\/strong><\/a><\/h6>\n<p>Acrylique sur toile<br \/>\n(91 x 91 cm \/ 36 x 36 po)<br \/>\nCr\u00e9\u00e9e en 2025<\/p>\n<p>&nbsp;<\/p>\n<p><em>Cet article est soigneusement enroul\u00e9 et exp\u00e9di\u00e9 dans un tube d'exp\u00e9dition afin de garantir une livraison en toute s\u00e9curit\u00e9.<\/em><\/p>\n<p>&nbsp;<\/p>\n<p><strong><em>Pour nous assurer que l'\u0153uvre r\u00e9pond \u00e0 vos attentes, nous serions ravis de vous en fournir une vid\u00e9o en haute d\u00e9finition accompagn\u00e9e des commentaires de l'artiste, avant que vous ne proc\u00e9diez \u00e0 l'achat. Pour ce faire, il vous suffit de communiquer avec nous par courriel \u00e0 <a rel=\"noopener\">mawuartgallery@gmail.com<\/a> D\u00e8s r\u00e9ception de votre demande, nous vous ferons parvenir une ou plusieurs vid\u00e9os\/photos selon votre choix.<\/em><\/strong><\/p>\n<p>&nbsp;<\/p>\n<p><strong>LIVRAISON GRATUITE POUR TOUTES LES COMMANDES<\/strong><\/p>","protected":false},"featured_media":14290,"comment_status":"open","ping_status":"closed","template":"","meta":{"nf_dc_page":""},"product_brand":[],"product_cat":[112,43],"product_tag":[32,34,42],"class_list":{"0":"post-14287","1":"product","2":"type-product","3":"status-publish","4":"has-post-thumbnail","6":"product_cat-acrylic","7":"product_cat-paintings","8":"product_tag-art","9":"product_tag-color","10":"product_tag-painting","11":"product_shipping_class-mailing-tube","13":"first","14":"instock","15":"shipping-taxable","16":"purchasable","17":"product-type-simple"},"_links":{"self":[{"href":"https:\/\/mawuartgallery.com\/fr\/wp-json\/wp\/v2\/product\/14287","targetHints":{"allow":["GET"]}}],"collection":[{"href":"https:\/\/mawuartgallery.com\/fr\/wp-json\/wp\/v2\/product"}],"about":[{"href":"https:\/\/mawuartgallery.com\/fr\/wp-json\/wp\/v2\/types\/product"}],"replies":[{"embeddable":true,"href":"https:\/\/mawuartgallery.com\/fr\/wp-json\/wp\/v2\/comments?post=14287"}],"version-history":[{"count":1,"href":"https:\/\/mawuartgallery.com\/fr\/wp-json\/wp\/v2\/product\/14287\/revisions"}],"predecessor-version":[{"id":17664,"href":"https:\/\/mawuartgallery.com\/fr\/wp-json\/wp\/v2\/product\/14287\/revisions\/17664"}],"wp:featuredmedia":[{"embeddable":true,"href":"https:\/\/mawuartgallery.com\/fr\/wp-json\/wp\/v2\/media\/14290"}],"wp:attachment":[{"href":"https:\/\/mawuartgallery.com\/fr\/wp-json\/wp\/v2\/media?parent=14287"}],"wp:term":[{"taxonomy":"product_brand","embeddable":true,"href":"https:\/\/mawuartgallery.com\/fr\/wp-json\/wp\/v2\/product_brand?post=14287"},{"taxonomy":"product_cat","embeddable":true,"href":"https:\/\/mawuartgallery.com\/fr\/wp-json\/wp\/v2\/product_cat?post=14287"},{"taxonomy":"product_tag","embeddable":true,"href":"https:\/\/mawuartgallery.com\/fr\/wp-json\/wp\/v2\/product_tag?post=14287"}],"curies":[{"name":"wp","href":"https:\/\/api.w.org\/{rel}","templated":true}]}}