{"id":14278,"date":"2025-06-17T12:10:46","date_gmt":"2025-06-17T16:10:46","guid":{"rendered":"https:\/\/mawuartgallery.com\/?post_type=product&#038;p=14278"},"modified":"2025-10-31T17:01:55","modified_gmt":"2025-10-31T21:01:55","slug":"colors-of-innocence-9-agna","status":"publish","type":"product","link":"https:\/\/mawuartgallery.com\/fr\/produit\/colors-of-innocence-9-agna\/","title":{"rendered":"Couleurs de l'innocence (Agna)"},"content":{"rendered":"<p>Entre les plis et les tissages d'un turban majestueux aux couleurs vives et aux ornements dor\u00e9s, appara\u00eet le visage d'une charmante petite princesse africaine. Son regard intense et serein, ainsi que sa peau fonc\u00e9e, soulignent ses traits exotiques, repr\u00e9sentant la noblesse et la richesse de sa culture.<\/p>\n<p>&nbsp;<\/p>\n<p>Cette peinture, inspir\u00e9e du chakra Agna, est \u00e9galement une all\u00e9gorie spirituelle du pouvoir de voir au-del\u00e0, de percevoir avec le c\u0153ur et de voir la v\u00e9rit\u00e9 gr\u00e2ce \u00e0 la vision int\u00e9rieure.<\/p>\n<p>&nbsp;<\/p>\n<p>Couleurs de l'innocence est une s\u00e9rie de portraits o\u00f9, par ses couleurs, l'artiste nous invite \u00e0 appr\u00e9cier la richesse et la profondeur de la m\u00e9lanine, remettant en question les normes de beaut\u00e9 conventionnelles. Les tons chauds des pastels \u00e0 l'huile sont m\u00e9lang\u00e9s sur du papier Bristol, cr\u00e9ant une palette qui englobe une vari\u00e9t\u00e9 de tons de peau. Chaque enfant est un t\u00e9moignage de la diversit\u00e9 humaine et de la beaut\u00e9 qui lui est inh\u00e9rente.<\/p>","protected":false},"excerpt":{"rendered":"<h6><strong>Artiste : <span style=\"color: #0000ff;\"><a style=\"color: #0000ff;\" href=\"https:\/\/mawuartgallery.com\/fr\/portfolio-item\/dora-alis-mera-velasco\/\" rel=\"noopener\">DORA ALIS MERA VELASCO<\/a><\/span><\/strong><\/h6>\n<p>Huile et acrylique sur toile<br \/>\n(39 x 31 in. \/ 100 x 80 cm)<br \/>\nCr\u00e9\u00e9e en 2025<\/p>\n<p>&nbsp;<\/p>\n<p><em>Cet article est soigneusement enroul\u00e9 et exp\u00e9di\u00e9 dans un tube d'exp\u00e9dition afin de garantir une livraison en toute s\u00e9curit\u00e9.<\/em><\/p>\n<p>&nbsp;<\/p>\n<p><strong><em>Pour nous assurer que l'\u0153uvre r\u00e9pond \u00e0 vos attentes, nous serions ravis de vous en fournir une vid\u00e9o en haute d\u00e9finition accompagn\u00e9e des commentaires de l'artiste, avant que vous ne proc\u00e9diez \u00e0 l'achat. Pour ce faire, il vous suffit de communiquer avec nous par courriel \u00e0 <a rel=\"noopener\">mawuartgallery@gmail.com<\/a> D\u00e8s r\u00e9ception de votre demande, nous vous ferons parvenir une ou plusieurs vid\u00e9os\/photos selon votre choix.\u00a0<\/em><\/strong><\/p>\n<p>&nbsp;<\/p>\n<p><strong>LIVRAISON GRATUITE POUR TOUTES LES COMMANDES<\/strong><\/p>","protected":false},"featured_media":14281,"comment_status":"open","ping_status":"closed","template":"","meta":{"nf_dc_page":""},"product_brand":[],"product_cat":[112,37,70],"product_tag":[32,34,42],"class_list":{"0":"post-14278","1":"product","2":"type-product","3":"status-publish","4":"has-post-thumbnail","6":"product_cat-acrylic","7":"product_cat-drawings","8":"product_cat-oil-painting","9":"product_tag-art","10":"product_tag-color","11":"product_tag-painting","12":"product_shipping_class-mailing-tube","14":"first","15":"instock","16":"sold-individually","17":"shipping-taxable","18":"purchasable","19":"product-type-simple"},"_links":{"self":[{"href":"https:\/\/mawuartgallery.com\/fr\/wp-json\/wp\/v2\/product\/14278","targetHints":{"allow":["GET"]}}],"collection":[{"href":"https:\/\/mawuartgallery.com\/fr\/wp-json\/wp\/v2\/product"}],"about":[{"href":"https:\/\/mawuartgallery.com\/fr\/wp-json\/wp\/v2\/types\/product"}],"replies":[{"embeddable":true,"href":"https:\/\/mawuartgallery.com\/fr\/wp-json\/wp\/v2\/comments?post=14278"}],"version-history":[{"count":3,"href":"https:\/\/mawuartgallery.com\/fr\/wp-json\/wp\/v2\/product\/14278\/revisions"}],"predecessor-version":[{"id":16533,"href":"https:\/\/mawuartgallery.com\/fr\/wp-json\/wp\/v2\/product\/14278\/revisions\/16533"}],"wp:featuredmedia":[{"embeddable":true,"href":"https:\/\/mawuartgallery.com\/fr\/wp-json\/wp\/v2\/media\/14281"}],"wp:attachment":[{"href":"https:\/\/mawuartgallery.com\/fr\/wp-json\/wp\/v2\/media?parent=14278"}],"wp:term":[{"taxonomy":"product_brand","embeddable":true,"href":"https:\/\/mawuartgallery.com\/fr\/wp-json\/wp\/v2\/product_brand?post=14278"},{"taxonomy":"product_cat","embeddable":true,"href":"https:\/\/mawuartgallery.com\/fr\/wp-json\/wp\/v2\/product_cat?post=14278"},{"taxonomy":"product_tag","embeddable":true,"href":"https:\/\/mawuartgallery.com\/fr\/wp-json\/wp\/v2\/product_tag?post=14278"}],"curies":[{"name":"wp","href":"https:\/\/api.w.org\/{rel}","templated":true}]}}