{"id":14244,"date":"2025-05-31T10:37:16","date_gmt":"2025-05-31T14:37:16","guid":{"rendered":"https:\/\/mawuartgallery.com\/?post_type=product&#038;p=14244"},"modified":"2025-10-30T16:19:22","modified_gmt":"2025-10-30T20:19:22","slug":"the-inheritance","status":"publish","type":"product","link":"https:\/\/mawuartgallery.com\/fr\/produit\/the-inheritance\/","title":{"rendered":"L'h\u00e9ritage"},"content":{"rendered":"<p data-start=\"213\" data-end=\"610\"><strong data-start=\"213\" data-end=\"234\"><em data-start=\"215\" data-end=\"232\">L'h\u00e9ritage<\/em><\/strong> est une exploration poignante du devoir, de la lign\u00e9e et du poids des attentes.<br \/>\n<br data-start=\"309\" data-end=\"312\" \/>Ce dessin repr\u00e9sente un jeune homme v\u00eatu d'habits traditionnels, symbole de l'h\u00e9ritage et du poids des responsabilit\u00e9s ancestrales.<\/p>\n<p>Dans sa main, une plume, d\u00e9licate mais puissante, symbolise le r\u00f4le qu'il doit assumer en tant que scribe sacerdotal ou conteur, gardien de la sagesse transmise de g\u00e9n\u00e9ration en g\u00e9n\u00e9ration.<\/p>\n<p>&nbsp;<\/p>\n<p data-start=\"612\" data-end=\"978\">Pourtant, sa jeunesse est ind\u00e9niable. Son visage, marqu\u00e9 par l'incertitude, sugg\u00e8re qu'il n'est peut-\u00eatre pas encore pr\u00eat \u00e0 assumer le r\u00f4le dont il a h\u00e9rit\u00e9. Le poids de la tradition p\u00e8se lourdement sur ses \u00e9paules, un h\u00e9ritage qui exige \u00e0 la fois force et compr\u00e9hension.<br data-start=\"849\" data-end=\"852\" \/>La composition elle-m\u00eame refl\u00e8te cette tension : le contraste entre l'immensit\u00e9 de son r\u00f4le et la vuln\u00e9rabilit\u00e9 de son \u00e2ge.<\/p>\n<p>&nbsp;<\/p>\n<p data-start=\"980\" data-end=\"1206\">Cependant, \u00e0 l'arri\u00e8re-plan, de petits signes de croissance, mais significatifs, apparaissent. De nouvelles feuilles poussent, subtiles mais persistantes, laissant entrevoir un potentiel de transformation. Bien que pes\u00e9 par les attentes, il n'est pas stagnant; il est en train de devenir.<\/p>\n<p>&nbsp;<\/p>\n<p data-start=\"1208\" data-end=\"1448\"><strong data-start=\"1208\" data-end=\"1229\"><em data-start=\"1210\" data-end=\"1227\">L'h\u00e9ritage<\/em><\/strong> \u00e9voque la lutte universelle que repr\u00e9sente le fait d'assumer des r\u00f4les qui semblent trop vastes pour \u00eatre remplis, tout en reconnaissant que la croissance est in\u00e9vitable. C'est un t\u00e9moignage de r\u00e9silience, de transmission de la sagesse et de la beaut\u00e9 tranquille du devenir.<\/p>","protected":false},"excerpt":{"rendered":"<h6><strong>Artiste : <span style=\"color: #0000ff;\"><a style=\"color: #0000ff;\" href=\"https:\/\/mawuartgallery.com\/fr\/portfolio-item\/austen-amaefule\/\">AUSTEN AMAEFULE (A.k.a. styn)<\/a><\/span><\/strong><\/h6>\n<p>Graphite, fusain et acrylique sur papier<br \/>\n(41 x 38 in \/ 106 x 97 cm)<br \/>\nCr\u00e9\u00e9e en 2025<\/p>\n<p>&nbsp;<\/p>\n<p><em>Cet article est soigneusement enroul\u00e9 et exp\u00e9di\u00e9 dans un tube d'exp\u00e9dition afin de garantir une livraison en toute s\u00e9curit\u00e9.<\/em><\/p>\n<p>&nbsp;<\/p>\n<p><strong><em>Pour nous assurer que l'\u0153uvre r\u00e9pond \u00e0 vos attentes, nous serions ravis de vous en fournir une vid\u00e9o en haute d\u00e9finition accompagn\u00e9e des commentaires de l'artiste, avant que vous ne proc\u00e9diez \u00e0 l'achat. Pour ce faire, il vous suffit de communiquer avec nous par courriel \u00e0 <a rel=\"noopener\">mawuartgallery@gmail.com<\/a> D\u00e8s r\u00e9ception de votre demande, nous vous ferons parvenir une ou plusieurs vid\u00e9os\/photos selon votre choix.<\/em><\/strong><\/p>\n<p>&nbsp;<\/p>\n<p><strong>LIVRAISON GRATUITE POUR TOUTES LES COMMANDES<\/strong><\/p>","protected":false},"featured_media":14248,"comment_status":"open","ping_status":"closed","template":"","meta":{"nf_dc_page":""},"product_brand":[],"product_cat":[112,70,43],"product_tag":[32,34,42],"class_list":{"0":"post-14244","1":"product","2":"type-product","3":"status-publish","4":"has-post-thumbnail","6":"product_cat-acrylic","7":"product_cat-oil-painting","8":"product_cat-paintings","9":"product_tag-art","10":"product_tag-color","11":"product_tag-painting","12":"product_shipping_class-mailing-tube","14":"first","15":"instock","16":"sold-individually","17":"shipping-taxable","18":"purchasable","19":"product-type-simple"},"_links":{"self":[{"href":"https:\/\/mawuartgallery.com\/fr\/wp-json\/wp\/v2\/product\/14244","targetHints":{"allow":["GET"]}}],"collection":[{"href":"https:\/\/mawuartgallery.com\/fr\/wp-json\/wp\/v2\/product"}],"about":[{"href":"https:\/\/mawuartgallery.com\/fr\/wp-json\/wp\/v2\/types\/product"}],"replies":[{"embeddable":true,"href":"https:\/\/mawuartgallery.com\/fr\/wp-json\/wp\/v2\/comments?post=14244"}],"version-history":[{"count":2,"href":"https:\/\/mawuartgallery.com\/fr\/wp-json\/wp\/v2\/product\/14244\/revisions"}],"predecessor-version":[{"id":16500,"href":"https:\/\/mawuartgallery.com\/fr\/wp-json\/wp\/v2\/product\/14244\/revisions\/16500"}],"wp:featuredmedia":[{"embeddable":true,"href":"https:\/\/mawuartgallery.com\/fr\/wp-json\/wp\/v2\/media\/14248"}],"wp:attachment":[{"href":"https:\/\/mawuartgallery.com\/fr\/wp-json\/wp\/v2\/media?parent=14244"}],"wp:term":[{"taxonomy":"product_brand","embeddable":true,"href":"https:\/\/mawuartgallery.com\/fr\/wp-json\/wp\/v2\/product_brand?post=14244"},{"taxonomy":"product_cat","embeddable":true,"href":"https:\/\/mawuartgallery.com\/fr\/wp-json\/wp\/v2\/product_cat?post=14244"},{"taxonomy":"product_tag","embeddable":true,"href":"https:\/\/mawuartgallery.com\/fr\/wp-json\/wp\/v2\/product_tag?post=14244"}],"curies":[{"name":"wp","href":"https:\/\/api.w.org\/{rel}","templated":true}]}}