{"id":14237,"date":"2025-05-31T10:03:24","date_gmt":"2025-05-31T14:03:24","guid":{"rendered":"https:\/\/mawuartgallery.com\/?post_type=product&#038;p=14237"},"modified":"2025-10-30T16:20:26","modified_gmt":"2025-10-30T20:20:26","slug":"a-tribute-to-sorrow","status":"publish","type":"product","link":"https:\/\/mawuartgallery.com\/fr\/produit\/a-tribute-to-sorrow\/","title":{"rendered":"Un hommage \u00e0 la tristesse"},"content":{"rendered":"<p data-start=\"226\" data-end=\"658\"><strong data-start=\"226\" data-end=\"251\"><em data-start=\"228\" data-end=\"249\">Un hommage \u00e0 la tristesse<\/em><\/strong> est une \u0153uvre profond\u00e9ment \u00e9mouvante qui explore la beaut\u00e9 profonde que l'on peut trouver dans le chagrin.<\/p>\n<p>&nbsp;<\/p>\n<p data-start=\"226\" data-end=\"658\">Cette \u0153uvre repr\u00e9sente un jeune gar\u00e7on dans un moment de r\u00e9flexion solennelle, son expression empreinte d'une tristesse presque tangible. Des larmes, lourdes d'\u00e9motions inexprim\u00e9es, coulent sur son visage, mais ce ne sont pas des larmes ordinaires. Rendues en or, elles symbolisent la valeur intrins\u00e8que du chagrin, t\u00e9moignage de la profondeur de l'exp\u00e9rience humaine.<\/p>\n<p>&nbsp;<\/p>\n<p data-start=\"660\" data-end=\"1042\">Dans cette \u0153uvre, le chagrin n'est pas seulement un fardeau, mais une force transformatrice qui fa\u00e7onne et affine l'\u00e2me, tout comme l'or est purifi\u00e9 par le feu.<br data-start=\"801\" data-end=\"804\" \/>Le contraste entre l'expression sombre du gar\u00e7on et la richesse de ses larmes invite le spectateur \u00e0 r\u00e9fl\u00e9chir \u00e0 la dualit\u00e9 de la douleur et de la croissance. Il s'agit d'une m\u00e9ditation visuelle sur la perte, la gu\u00e9rison et le pouvoir silencieux d'\u00e9motions trop profondes pour \u00eatre exprim\u00e9es par des mots.<\/p>\n<p>&nbsp;<\/p>\n<p data-start=\"1044\" data-end=\"1300\">\u00c0 travers <em data-start=\"1052\" data-end=\"1073\">Un hommage \u00e0 la tristesse<\/em>je cherche \u00e0 remettre en question la perception du chagrin comme une source unique de souffrance. Au contraire, je le pr\u00e9sente comme quelque chose de sacr\u00e9, une partie in\u00e9vitable du parcours humain qui, bien que douloureuse, porte en elle sa propre beaut\u00e9, sa sagesse et sa force.<\/p>","protected":false},"excerpt":{"rendered":"<h6><strong>Artiste : <span style=\"color: #0000ff;\"><a style=\"color: #0000ff;\" href=\"https:\/\/mawuartgallery.com\/fr\/portfolio-item\/austen-amaefule\/\">AUSTEN AMAEFULE (A.k.a. styn)<\/a><\/span><\/strong><\/h6>\n<p>Graphite, fusain et acrylique sur papier<br \/>\n(40 x 28 in \/ 102 x 73 cm)<br \/>\nCr\u00e9\u00e9e en 2024<\/p>\n<p>&nbsp;<\/p>\n<p><em>Cet article est soigneusement enroul\u00e9 et exp\u00e9di\u00e9 dans un tube d'exp\u00e9dition afin de garantir une livraison en toute s\u00e9curit\u00e9.<\/em><\/p>\n<p>&nbsp;<\/p>\n<p><strong><em>Pour nous assurer que l'\u0153uvre r\u00e9pond \u00e0 vos attentes, nous serions ravis de vous en fournir une vid\u00e9o en haute d\u00e9finition accompagn\u00e9e des commentaires de l'artiste, avant que vous ne proc\u00e9diez \u00e0 l'achat. Pour ce faire, il vous suffit de communiquer avec nous par courriel \u00e0 <a rel=\"noopener\">mawuartgallery@gmail.com<\/a> D\u00e8s r\u00e9ception de votre demande, nous vous ferons parvenir une ou plusieurs vid\u00e9os\/photos selon votre choix.<\/em><\/strong><\/p>\n<p>&nbsp;<\/p>\n<p><strong>LIVRAISON GRATUITE POUR TOUTES LES COMMANDES<\/strong><\/p>","protected":false},"featured_media":14241,"comment_status":"open","ping_status":"closed","template":"","meta":{"nf_dc_page":""},"product_brand":[],"product_cat":[112,70,43],"product_tag":[32,34,42],"class_list":{"0":"post-14237","1":"product","2":"type-product","3":"status-publish","4":"has-post-thumbnail","6":"product_cat-acrylic","7":"product_cat-oil-painting","8":"product_cat-paintings","9":"product_tag-art","10":"product_tag-color","11":"product_tag-painting","12":"product_shipping_class-mailing-tube","14":"first","15":"instock","16":"sold-individually","17":"shipping-taxable","18":"purchasable","19":"product-type-simple"},"_links":{"self":[{"href":"https:\/\/mawuartgallery.com\/fr\/wp-json\/wp\/v2\/product\/14237","targetHints":{"allow":["GET"]}}],"collection":[{"href":"https:\/\/mawuartgallery.com\/fr\/wp-json\/wp\/v2\/product"}],"about":[{"href":"https:\/\/mawuartgallery.com\/fr\/wp-json\/wp\/v2\/types\/product"}],"replies":[{"embeddable":true,"href":"https:\/\/mawuartgallery.com\/fr\/wp-json\/wp\/v2\/comments?post=14237"}],"version-history":[{"count":2,"href":"https:\/\/mawuartgallery.com\/fr\/wp-json\/wp\/v2\/product\/14237\/revisions"}],"predecessor-version":[{"id":16502,"href":"https:\/\/mawuartgallery.com\/fr\/wp-json\/wp\/v2\/product\/14237\/revisions\/16502"}],"wp:featuredmedia":[{"embeddable":true,"href":"https:\/\/mawuartgallery.com\/fr\/wp-json\/wp\/v2\/media\/14241"}],"wp:attachment":[{"href":"https:\/\/mawuartgallery.com\/fr\/wp-json\/wp\/v2\/media?parent=14237"}],"wp:term":[{"taxonomy":"product_brand","embeddable":true,"href":"https:\/\/mawuartgallery.com\/fr\/wp-json\/wp\/v2\/product_brand?post=14237"},{"taxonomy":"product_cat","embeddable":true,"href":"https:\/\/mawuartgallery.com\/fr\/wp-json\/wp\/v2\/product_cat?post=14237"},{"taxonomy":"product_tag","embeddable":true,"href":"https:\/\/mawuartgallery.com\/fr\/wp-json\/wp\/v2\/product_tag?post=14237"}],"curies":[{"name":"wp","href":"https:\/\/api.w.org\/{rel}","templated":true}]}}