{"id":14231,"date":"2025-05-31T09:27:12","date_gmt":"2025-05-31T13:27:12","guid":{"rendered":"https:\/\/mawuartgallery.com\/?post_type=product&#038;p=14231"},"modified":"2025-10-30T16:18:33","modified_gmt":"2025-10-30T20:18:33","slug":"tell-me-when-it-falls-ii","status":"publish","type":"product","link":"https:\/\/mawuartgallery.com\/fr\/produit\/tell-me-when-it-falls-ii\/","title":{"rendered":"Dis-moi quand \u00e7a tombe II"},"content":{"rendered":"<p data-start=\"203\" data-end=\"678\"><strong data-start=\"203\" data-end=\"230\"><em data-start=\"205\" data-end=\"228\">Dis-moi quand \u00e7a tombe<\/em><\/strong> est une s\u00e9rie profond\u00e9ment introspective qui transforme le chagrin en une occasion de r\u00e9flexion et de croissance.<\/p>\n<p>&nbsp;<\/p>\n<p data-start=\"203\" data-end=\"678\">Chaque peinture invite le spectateur \u00e0 reconsid\u00e9rer la fa\u00e7on dont nous percevons la tristesse, non pas comme quelque chose \u00e0 \u00e9viter ou \u00e0 craindre, mais comme une partie naturelle et significative de la vie. La s\u00e9rie raconte une histoire d'acceptation, nous encourageant \u00e0 embrasser la perte plut\u00f4t qu'\u00e0 y r\u00e9sister. En changeant notre perspective, nous pouvons d\u00e9couvrir une beaut\u00e9 inattendue m\u00eame dans les moments les plus difficiles.<\/p>\n<p>&nbsp;<\/p>\n<p data-start=\"680\" data-end=\"789\">Cette \u0153uvre nous rappelle que m\u00eame dans la tristesse, il y a toujours de la place pour la lumi\u00e8re, la gr\u00e2ce et la compr\u00e9hension.<\/p>\n<p>&nbsp;<\/p>\n<p data-start=\"791\" data-end=\"1236\">Au c\u0153ur de cette s\u00e9rie se trouve une jeune femme tenant une fleur d\u00e9licate, tandis qu'une autre repose doucement sur son oreille. Ces fleurs symbolisent sa prise de conscience silencieuse : m\u00eame dans la perte, il y a quelque chose \u00e0 ch\u00e9rir. Autour d'elle, des plumes sombres flottent dans les airs, manifestation visuelle du chagrin et du poids des mauvaises nouvelles. Pourtant, plut\u00f4t que de leur r\u00e9sister, elle existe en leur sein, in\u00e9branlable, choisissant plut\u00f4t de trouver la gr\u00e2ce dans leur descente.<\/p>\n<p>&nbsp;<\/p>\n<p data-start=\"1238\" data-end=\"1603\"><strong data-start=\"1238\" data-end=\"1265\"><em data-start=\"1240\" data-end=\"1263\">Dis-moi quand \u00e7a tombe<\/em><\/strong> remet en question notre instinct de reculer devant la douleur, nous exhortant plut\u00f4t \u00e0 \u00eatre t\u00e9moins de sa po\u00e9sie tranquille. C'est une m\u00e9ditation sur la r\u00e9silience, sur la recherche de la beaut\u00e9 non pas malgr\u00e9 la douleur, mais en son sein.<\/p>\n<p>&nbsp;<\/p>\n<p data-start=\"1238\" data-end=\"1603\">\u00c0 travers cette \u0153uvre, je cherche \u00e0 red\u00e9finir l'acte de deuil, non pas comme une fin, mais comme une \u00e9volution, un processus \u00e0 travers lequel la force et la gr\u00e2ce \u00e9mergent main dans la main.<\/p>","protected":false},"excerpt":{"rendered":"<h6><strong>Artiste : <span style=\"color: #0000ff;\"><a style=\"color: #0000ff;\" href=\"https:\/\/mawuartgallery.com\/fr\/portfolio-item\/austen-amaefule\/\">AUSTEN AMAEFULE (A.k.a. styn)<\/a><\/span><\/strong><\/h6>\n<p>Huile et acrylique sur toile<br \/>\n(47 x 35 in \/ 121 x 91 cm)<br \/>\nCr\u00e9\u00e9e en 2024<\/p>\n<p>&nbsp;<\/p>\n<p><em>Cet article est soigneusement enroul\u00e9 et exp\u00e9di\u00e9 dans un tube d'exp\u00e9dition afin de garantir une livraison en toute s\u00e9curit\u00e9.<\/em><\/p>\n<p>&nbsp;<\/p>\n<p><strong><em>Pour nous assurer que l'\u0153uvre r\u00e9pond \u00e0 vos attentes, nous serions ravis de vous en fournir une vid\u00e9o en haute d\u00e9finition accompagn\u00e9e des commentaires de l'artiste, avant que vous ne proc\u00e9diez \u00e0 l'achat. Pour ce faire, il vous suffit de communiquer avec nous par courriel \u00e0 <a rel=\"noopener\">mawuartgallery@gmail.com<\/a> D\u00e8s r\u00e9ception de votre demande, nous vous ferons parvenir une ou plusieurs vid\u00e9os\/photos selon votre choix.<\/em><\/strong><\/p>\n<p>&nbsp;<\/p>\n<p><strong>LIVRAISON GRATUITE POUR TOUTES LES COMMANDES<\/strong><\/p>","protected":false},"featured_media":14234,"comment_status":"open","ping_status":"closed","template":"","meta":{"nf_dc_page":""},"product_brand":[],"product_cat":[112,70,43],"product_tag":[32,34,42],"class_list":{"0":"post-14231","1":"product","2":"type-product","3":"status-publish","4":"has-post-thumbnail","6":"product_cat-acrylic","7":"product_cat-oil-painting","8":"product_cat-paintings","9":"product_tag-art","10":"product_tag-color","11":"product_tag-painting","12":"product_shipping_class-mailing-tube","14":"first","15":"instock","16":"sold-individually","17":"shipping-taxable","18":"purchasable","19":"product-type-simple"},"_links":{"self":[{"href":"https:\/\/mawuartgallery.com\/fr\/wp-json\/wp\/v2\/product\/14231","targetHints":{"allow":["GET"]}}],"collection":[{"href":"https:\/\/mawuartgallery.com\/fr\/wp-json\/wp\/v2\/product"}],"about":[{"href":"https:\/\/mawuartgallery.com\/fr\/wp-json\/wp\/v2\/types\/product"}],"replies":[{"embeddable":true,"href":"https:\/\/mawuartgallery.com\/fr\/wp-json\/wp\/v2\/comments?post=14231"}],"version-history":[{"count":2,"href":"https:\/\/mawuartgallery.com\/fr\/wp-json\/wp\/v2\/product\/14231\/revisions"}],"predecessor-version":[{"id":16498,"href":"https:\/\/mawuartgallery.com\/fr\/wp-json\/wp\/v2\/product\/14231\/revisions\/16498"}],"wp:featuredmedia":[{"embeddable":true,"href":"https:\/\/mawuartgallery.com\/fr\/wp-json\/wp\/v2\/media\/14234"}],"wp:attachment":[{"href":"https:\/\/mawuartgallery.com\/fr\/wp-json\/wp\/v2\/media?parent=14231"}],"wp:term":[{"taxonomy":"product_brand","embeddable":true,"href":"https:\/\/mawuartgallery.com\/fr\/wp-json\/wp\/v2\/product_brand?post=14231"},{"taxonomy":"product_cat","embeddable":true,"href":"https:\/\/mawuartgallery.com\/fr\/wp-json\/wp\/v2\/product_cat?post=14231"},{"taxonomy":"product_tag","embeddable":true,"href":"https:\/\/mawuartgallery.com\/fr\/wp-json\/wp\/v2\/product_tag?post=14231"}],"curies":[{"name":"wp","href":"https:\/\/api.w.org\/{rel}","templated":true}]}}