{"id":14208,"date":"2025-05-30T17:28:50","date_gmt":"2025-05-30T21:28:50","guid":{"rendered":"https:\/\/mawuartgallery.com\/?post_type=product&#038;p=14208"},"modified":"2025-10-30T16:17:37","modified_gmt":"2025-10-30T20:17:37","slug":"i-hoped-to-feel-you-i","status":"publish","type":"product","link":"https:\/\/mawuartgallery.com\/fr\/produit\/i-hoped-to-feel-you-i\/","title":{"rendered":"J'esp\u00e9rais te sentir I"},"content":{"rendered":"<p data-start=\"194\" data-end=\"683\"><em data-start=\"196\" data-end=\"217\">J'esp\u00e9rais te sentir<\/em> est une exploration tendre de la pr\u00e9sence durable de l'amour, m\u00eame en son absence.<\/p>\n<p>&nbsp;<\/p>\n<p data-start=\"194\" data-end=\"683\">Cette peinture capture un moment calme et charg\u00e9 d'\u00e9motion : une jeune femme tient d\u00e9licatement une fleur qui lui a \u00e9t\u00e9 offerte par quelqu'un qui n'est plus pr\u00e9sent dans sa vie. Bien que le donateur soit parti, la fleur devient un vecteur de souvenirs, de chaleur et de lien \u00e9motionnel. \u00c0 travers ce fragile symbole, elle traverse le temps et l'espace, dans l'espoir de ressentir \u00e0 nouveau l'amour qui l'enveloppait autrefois.<\/p>\n<p>&nbsp;<\/p>\n<p data-start=\"685\" data-end=\"1115\">Cette \u0153uvre \u00e9voque le pouvoir durable de l'amour, qui perdure dans les objets, les espaces et les moments qui nous sont chers. Elle illustre le d\u00e9sir humain de s'accrocher, non pas par d\u00e9ni, mais comme un moyen de rester attach\u00e9 \u00e0 quelque chose qui a du sens. Dans la d\u00e9licate \u00e9treinte de la femme, la fleur n'est plus seulement une fleur, elle devient un symbole de r\u00e9silience \u00e9motionnelle, d'espoir et de la force tranquille que l'amour insuffle, m\u00eame face \u00e0 la distance ou \u00e0 la perte.<\/p>\n<p>&nbsp;<\/p>\n<p data-start=\"1117\" data-end=\"1270\"><em data-start=\"1119\" data-end=\"1140\">J'esp\u00e9rais te sentir<\/em> invite le spectateur \u00e0 r\u00e9fl\u00e9chir \u00e0 la mani\u00e8re dont nous portons l'amour en nous, et comment celui-ci peut continuer \u00e0 nourrir l'\u00e2me, m\u00eame dans le silence.<\/p>","protected":false},"excerpt":{"rendered":"<h6><strong>Artiste : <span style=\"color: #0000ff;\"><a style=\"color: #0000ff;\" href=\"https:\/\/mawuartgallery.com\/fr\/portfolio-item\/austen-amaefule\/\">AUSTEN AMAEFULE (A.k.a. styn)<\/a><\/span><\/strong><\/h6>\n<p>Huile et acrylique sur toile<br \/>\n(47 x 35 in \/ 121 x 91 cm)<br \/>\nCr\u00e9\u00e9e en 2025<\/p>\n<p>&nbsp;<\/p>\n<p><em>Cet article est soigneusement enroul\u00e9 et exp\u00e9di\u00e9 dans un tube d'exp\u00e9dition afin de garantir une livraison en toute s\u00e9curit\u00e9.<\/em><\/p>\n<p>&nbsp;<\/p>\n<p><strong><em>Pour nous assurer que l'\u0153uvre r\u00e9pond \u00e0 vos attentes, nous serions ravis de vous en fournir une vid\u00e9o en haute d\u00e9finition accompagn\u00e9e des commentaires de l'artiste, avant que vous ne proc\u00e9diez \u00e0 l'achat. Pour ce faire, il vous suffit de communiquer avec nous par courriel \u00e0 <a rel=\"noopener\">mawuartgallery@gmail.com<\/a> D\u00e8s r\u00e9ception de votre demande, nous vous ferons parvenir une ou plusieurs vid\u00e9os\/photos selon votre choix.<\/em><\/strong><\/p>\n<p>&nbsp;<\/p>\n<p><strong>LIVRAISON GRATUITE POUR TOUTES LES COMMANDES<\/strong><\/p>","protected":false},"featured_media":14213,"comment_status":"open","ping_status":"closed","template":"","meta":{"nf_dc_page":""},"product_brand":[],"product_cat":[112,70,43],"product_tag":[32,34,42],"class_list":{"0":"post-14208","1":"product","2":"type-product","3":"status-publish","4":"has-post-thumbnail","6":"product_cat-acrylic","7":"product_cat-oil-painting","8":"product_cat-paintings","9":"product_tag-art","10":"product_tag-color","11":"product_tag-painting","12":"product_shipping_class-mailing-tube","14":"first","15":"instock","16":"sold-individually","17":"shipping-taxable","18":"purchasable","19":"product-type-simple"},"_links":{"self":[{"href":"https:\/\/mawuartgallery.com\/fr\/wp-json\/wp\/v2\/product\/14208","targetHints":{"allow":["GET"]}}],"collection":[{"href":"https:\/\/mawuartgallery.com\/fr\/wp-json\/wp\/v2\/product"}],"about":[{"href":"https:\/\/mawuartgallery.com\/fr\/wp-json\/wp\/v2\/types\/product"}],"replies":[{"embeddable":true,"href":"https:\/\/mawuartgallery.com\/fr\/wp-json\/wp\/v2\/comments?post=14208"}],"version-history":[{"count":2,"href":"https:\/\/mawuartgallery.com\/fr\/wp-json\/wp\/v2\/product\/14208\/revisions"}],"predecessor-version":[{"id":16496,"href":"https:\/\/mawuartgallery.com\/fr\/wp-json\/wp\/v2\/product\/14208\/revisions\/16496"}],"wp:featuredmedia":[{"embeddable":true,"href":"https:\/\/mawuartgallery.com\/fr\/wp-json\/wp\/v2\/media\/14213"}],"wp:attachment":[{"href":"https:\/\/mawuartgallery.com\/fr\/wp-json\/wp\/v2\/media?parent=14208"}],"wp:term":[{"taxonomy":"product_brand","embeddable":true,"href":"https:\/\/mawuartgallery.com\/fr\/wp-json\/wp\/v2\/product_brand?post=14208"},{"taxonomy":"product_cat","embeddable":true,"href":"https:\/\/mawuartgallery.com\/fr\/wp-json\/wp\/v2\/product_cat?post=14208"},{"taxonomy":"product_tag","embeddable":true,"href":"https:\/\/mawuartgallery.com\/fr\/wp-json\/wp\/v2\/product_tag?post=14208"}],"curies":[{"name":"wp","href":"https:\/\/api.w.org\/{rel}","templated":true}]}}