{"id":14138,"date":"2025-05-20T14:27:42","date_gmt":"2025-05-20T18:27:42","guid":{"rendered":"https:\/\/mawuartgallery.com\/?post_type=product&#038;p=14138"},"modified":"2025-10-23T09:31:59","modified_gmt":"2025-10-23T13:31:59","slug":"therapy","status":"publish","type":"product","link":"https:\/\/mawuartgallery.com\/fr\/produit\/therapy\/","title":{"rendered":"Th\u00e9rapie"},"content":{"rendered":"<p class=\"\" data-start=\"134\" data-end=\"395\">Cette \u0153uvre s'inspire d'exp\u00e9riences d'homologues artistes et des d\u00e9fis auxquels nous sommes confront\u00e9s en tant qu'artistes, qui sont souvent mal compris par les non-artistes. Pour bien d'entre nous, l'atelier devient un sanctuaire, un espace o\u00f9 les \u00e9motions se d\u00e9versent sur la toile, offrant gu\u00e9rison et r\u00e9confort.<\/p>\n<p>&nbsp;<\/p>\n<p class=\"\" data-start=\"397\" data-end=\"828\"><strong data-start=\"397\" data-end=\"410\">\u00ab Th\u00e9rapie \u00bb<\/strong> explore l'agitation int\u00e9rieure et la sant\u00e9 mentale li\u00e9es \u00e0 la vie d'artiste. Cette \u0153uvre d\u00e9peint un artiste aux prises avec une d\u00e9tresse \u00e9motionnelle, qui cherche un soulagement temporaire en fumant et en passant de longues heures dans son atelier. L'utilisation de tons sombres et l'environnement d\u00e9sordonn\u00e9 refl\u00e8tent le chaos qui r\u00e8gne dans son esprit, tandis que les \u0153uvres d'art accroch\u00e9es aux murs symbolisent le poids de la cr\u00e9ativit\u00e9 et la pression incessante exerc\u00e9e sur lui pour qu'il cr\u00e9e.<\/p>\n<p>&nbsp;<\/p>\n<p class=\"\" data-start=\"830\" data-end=\"1147\">Au fond, l'art est une forme de th\u00e9rapie, un moyen d'ext\u00e9rioriser ses \u00e9motions, d'affronter ses luttes personnelles et, en fin de compte, de trouver la gu\u00e9rison par l'expression de soi. Cette peinture illustre le lien profond entre la cr\u00e9ativit\u00e9 et la r\u00e9silience \u00e9motionnelle, et montre comment l'acte de peindre peut devenir un chemin vers la paix int\u00e9rieure.<\/p>","protected":false},"excerpt":{"rendered":"<h6><strong>Artiste : <span style=\"color: #0000ff;\"><a style=\"color: #0000ff;\" href=\"https:\/\/mawuartgallery.com\/fr\/portfolio-item\/king-ngabonziza\/\">KING NGABONZIZA<\/a><\/span><\/strong><\/h6>\n<p>Acrylique<span class=\"NormalTextRun SCXW146048154 BCX0\">\u00a0sur toile<\/span><br \/>\n(120 x 100 cm \/ 47 x 39 po)<br \/>\nCr\u00e9\u00e9e en 2023<\/p>\n<p>&nbsp;<\/p>\n<p><em>Cet article est soigneusement enroul\u00e9 et exp\u00e9di\u00e9 dans un tube d'exp\u00e9dition afin de garantir une livraison en toute s\u00e9curit\u00e9.<\/em><\/p>\n<p>&nbsp;<\/p>\n<p><strong><em>Pour nous assurer que l'\u0153uvre r\u00e9pond \u00e0 vos attentes, nous serions ravis de vous en fournir une vid\u00e9o en haute d\u00e9finition accompagn\u00e9e des commentaires de l'artiste, avant que vous ne proc\u00e9diez \u00e0 l'achat. Pour ce faire, il vous suffit de communiquer avec nous par courriel \u00e0\u00a0<a rel=\"noopener\">mawuartgallery@gmail.com<\/a>\u00a0D\u00e8s r\u00e9ception de votre demande, nous vous ferons parvenir une ou plusieurs vid\u00e9os\/photos selon votre choix.\u00a0<\/em><\/strong><\/p>\n<p>&nbsp;<\/p>\n<p><strong>LIVRAISON GRATUITE POUR TOUTES LES COMMANDES<\/strong><\/p>","protected":false},"featured_media":14141,"comment_status":"open","ping_status":"closed","template":"","meta":{"nf_dc_page":""},"product_brand":[],"product_cat":[112,43],"product_tag":[32,34,42],"class_list":{"0":"post-14138","1":"product","2":"type-product","3":"status-publish","4":"has-post-thumbnail","6":"product_cat-acrylic","7":"product_cat-paintings","8":"product_tag-art","9":"product_tag-color","10":"product_tag-painting","11":"product_shipping_class-mailing-tube","13":"first","14":"instock","15":"sold-individually","16":"shipping-taxable","17":"purchasable","18":"product-type-simple"},"_links":{"self":[{"href":"https:\/\/mawuartgallery.com\/fr\/wp-json\/wp\/v2\/product\/14138","targetHints":{"allow":["GET"]}}],"collection":[{"href":"https:\/\/mawuartgallery.com\/fr\/wp-json\/wp\/v2\/product"}],"about":[{"href":"https:\/\/mawuartgallery.com\/fr\/wp-json\/wp\/v2\/types\/product"}],"replies":[{"embeddable":true,"href":"https:\/\/mawuartgallery.com\/fr\/wp-json\/wp\/v2\/comments?post=14138"}],"version-history":[{"count":2,"href":"https:\/\/mawuartgallery.com\/fr\/wp-json\/wp\/v2\/product\/14138\/revisions"}],"predecessor-version":[{"id":16454,"href":"https:\/\/mawuartgallery.com\/fr\/wp-json\/wp\/v2\/product\/14138\/revisions\/16454"}],"wp:featuredmedia":[{"embeddable":true,"href":"https:\/\/mawuartgallery.com\/fr\/wp-json\/wp\/v2\/media\/14141"}],"wp:attachment":[{"href":"https:\/\/mawuartgallery.com\/fr\/wp-json\/wp\/v2\/media?parent=14138"}],"wp:term":[{"taxonomy":"product_brand","embeddable":true,"href":"https:\/\/mawuartgallery.com\/fr\/wp-json\/wp\/v2\/product_brand?post=14138"},{"taxonomy":"product_cat","embeddable":true,"href":"https:\/\/mawuartgallery.com\/fr\/wp-json\/wp\/v2\/product_cat?post=14138"},{"taxonomy":"product_tag","embeddable":true,"href":"https:\/\/mawuartgallery.com\/fr\/wp-json\/wp\/v2\/product_tag?post=14138"}],"curies":[{"name":"wp","href":"https:\/\/api.w.org\/{rel}","templated":true}]}}