{"id":14073,"date":"2025-05-09T09:42:34","date_gmt":"2025-05-09T13:42:34","guid":{"rendered":"https:\/\/mawuartgallery.com\/?post_type=product&#038;p=14073"},"modified":"2026-01-22T13:13:08","modified_gmt":"2026-01-22T17:13:08","slug":"apeke-born-to-cared-for-pampered-by-all","status":"publish","type":"product","link":"https:\/\/mawuartgallery.com\/fr\/produit\/apeke-born-to-cared-for-pampered-by-all\/","title":{"rendered":"\u00c0p\u00e8k\u1eb9 (N\u00e9e pour \u00eatre choy\u00e9e et dorlot\u00e9e par tous)"},"content":{"rendered":"<p class=\"\" data-start=\"136\" data-end=\"533\">En Afrique, o\u00f9 culture et patrimoine sont intimement li\u00e9s, la coiffure d'une femme est \u00e9troitement li\u00e9e \u00e0 son identit\u00e9. Les coiffures africaines, diverses et complexes, telles que l'Afro, les n\u0153uds Bantu, le \u1e62\u00f9k\u00fa, le P\u00e0t\u1eb9\u0300w\u1ecd, l'\u00ccp\u00e0k\u1ecd\u0301 \u1eb8\u0300l\u1eb9\u0301d\u1eb9\u0300 et le Korob\u00e1, entre autres, ont non seulement embelli la t\u00eate des femmes africaines, mais sont \u00e9galement devenues de puissants symboles de fiert\u00e9, de r\u00e9silience et d'h\u00e9ritage culturel.<\/p>\n<p>&nbsp;<\/p>\n<p class=\"\" data-start=\"535\" data-end=\"698\">Cette s\u00e9rie d'\u0153uvres, intitul\u00e9e <strong data-start=\"561\" data-end=\"591\">\u00ab Notre couronne, notre identit\u00e9 \u00bb,<\/strong> c\u00e9l\u00e8bre la beaut\u00e9 et la signification de ces coiffures \u00e0 travers une s\u00e9rie de portraits de femmes africaines.<\/p>\n<p>&nbsp;<\/p>\n<p class=\"\" data-start=\"700\" data-end=\"981\">Les coiffures \u1e62\u00f9k\u00fa, r\u00e9put\u00e9es pour leur \u00e9l\u00e9gance et leur sophistication, ornent la t\u00eate des femmes africaines depuis des g\u00e9n\u00e9rations. Cette peinture capture la beaut\u00e9 du style \u1e62\u00f9k\u00fa et la fiert\u00e9 royale qu'il \u00e9voque. Le portrait met en valeur la gr\u00e2ce et l'assurance qu'il conf\u00e8re \u00e0 celles qui le portent, montrant que le \u1e62\u00f9k\u00fa est plus qu'une simple coiffure : c'est une couronne d'\u00e9l\u00e9gance intemporelle et de fiert\u00e9 culturelle.<\/p>\n<p>&nbsp;<\/p>\n<p data-start=\"700\" data-end=\"981\"><strong data-start=\"131\" data-end=\"160\">\u00ab Notre couronne, notre identit\u00e9 \u00bb<\/strong> est une exploration visuelle du lien profond qui unit les femmes africaines \u00e0 leurs coiffures. Elle nous rappelle avec force que nos couronnes, au sens propre comme au sens figur\u00e9, sont depuis longtemps une source de fiert\u00e9 et une expression essentielle de notre identit\u00e9. Ces femmes portent leurs couronnes avec fiert\u00e9, affirmant non seulement leur place dans l'histoire, mais aussi leur r\u00f4le dans la construction de l'avenir.<\/p>","protected":false},"excerpt":{"rendered":"<h6><strong>Artiste : <\/strong><a href=\"https:\/\/mawuartgallery.com\/fr\/portfolio-item\/naomi-oyeniyi\/\"><strong><span style=\"color: #0000ff;\">NAOMI OYENIYI<\/span><\/strong><\/a><\/h6>\n<p><em>S\u00e9rie \u00ab Notre Couronne, notre identit\u00e9 \u00bb<\/em><br \/>\n<span class=\"NormalTextRun SCXW146048154 BCX0\">Huile sur toile<\/span><br \/>\n(48 x 40 in. \/ 121 x 101 cm)<br \/>\nCr\u00e9\u00e9e en 2023<\/p>\n<p>&nbsp;<\/p>\n<h6>\ud83d\udd04Dans cette ench\u00e8re invers\u00e9e, le prix baisse quotidiennement\ud83d\udcc9. SOYEZ LE 1er ou la 1re \u00e0 atteindre le myst\u00e9rieux prix minimum de l'artiste\ud83c\udfafet l'\u0153uvre\ud83d\uddbc\ufe0f est \u00e0 vous! Ench\u00e9rissez avec audace!<\/h6>\n<p>&nbsp;<\/p>\n<p><strong>LIVRAISON GRATUITE POUR TOUTES LES COMMANDES<\/strong><\/p>","protected":false},"featured_media":14076,"comment_status":"open","ping_status":"closed","template":"","meta":{"nf_dc_page":""},"product_brand":[],"product_cat":[70,43],"product_tag":[32,34,42],"class_list":{"0":"post-14073","1":"product","2":"type-product","3":"status-publish","4":"has-post-thumbnail","6":"product_cat-oil-painting","7":"product_cat-paintings","8":"product_tag-art","9":"product_tag-color","10":"product_tag-painting","11":"product_shipping_class-mailing-tube","13":"first","14":"instock","15":"sold-individually","16":"shipping-taxable","17":"purchasable","18":"product-type-auction"},"_links":{"self":[{"href":"https:\/\/mawuartgallery.com\/fr\/wp-json\/wp\/v2\/product\/14073","targetHints":{"allow":["GET"]}}],"collection":[{"href":"https:\/\/mawuartgallery.com\/fr\/wp-json\/wp\/v2\/product"}],"about":[{"href":"https:\/\/mawuartgallery.com\/fr\/wp-json\/wp\/v2\/types\/product"}],"replies":[{"embeddable":true,"href":"https:\/\/mawuartgallery.com\/fr\/wp-json\/wp\/v2\/comments?post=14073"}],"version-history":[{"count":1,"href":"https:\/\/mawuartgallery.com\/fr\/wp-json\/wp\/v2\/product\/14073\/revisions"}],"predecessor-version":[{"id":17447,"href":"https:\/\/mawuartgallery.com\/fr\/wp-json\/wp\/v2\/product\/14073\/revisions\/17447"}],"wp:featuredmedia":[{"embeddable":true,"href":"https:\/\/mawuartgallery.com\/fr\/wp-json\/wp\/v2\/media\/14076"}],"wp:attachment":[{"href":"https:\/\/mawuartgallery.com\/fr\/wp-json\/wp\/v2\/media?parent=14073"}],"wp:term":[{"taxonomy":"product_brand","embeddable":true,"href":"https:\/\/mawuartgallery.com\/fr\/wp-json\/wp\/v2\/product_brand?post=14073"},{"taxonomy":"product_cat","embeddable":true,"href":"https:\/\/mawuartgallery.com\/fr\/wp-json\/wp\/v2\/product_cat?post=14073"},{"taxonomy":"product_tag","embeddable":true,"href":"https:\/\/mawuartgallery.com\/fr\/wp-json\/wp\/v2\/product_tag?post=14073"}],"curies":[{"name":"wp","href":"https:\/\/api.w.org\/{rel}","templated":true}]}}