{"id":14054,"date":"2025-05-08T16:42:38","date_gmt":"2025-05-08T20:42:38","guid":{"rendered":"https:\/\/mawuartgallery.com\/?post_type=product&#038;p=14054"},"modified":"2026-01-22T13:06:18","modified_gmt":"2026-01-22T17:06:18","slug":"breaking-barriers","status":"publish","type":"product","link":"https:\/\/mawuartgallery.com\/fr\/produit\/breaking-barriers\/","title":{"rendered":"Briser les barri\u00e8res"},"content":{"rendered":"<p class=\"\" data-start=\"130\" data-end=\"462\"><em>Briser les barri\u00e8res<\/em>\u00a0est un hommage visuel puissant \u00e0 la r\u00e9silience et \u00e0 la force des femmes nig\u00e9rianes face aux d\u00e9fis soci\u00e9taux. Dans cette peinture, une femme nig\u00e9riane se tient debout, fi\u00e8re et d\u00e9termin\u00e9e, alors qu'elle se lib\u00e8re des cha\u00eenes de l'oppression, symbolisant ainsi sa lib\u00e9ration des id\u00e9ologies restrictives qui l'ont longtemps frein\u00e9e.<\/p>\n<p>&nbsp;<\/p>\n<p class=\"\" data-start=\"464\" data-end=\"771\">Derri\u00e8re elle, le drapeau nig\u00e9rian, symbole d'espoir, d'unit\u00e9 et de progr\u00e8s, flotte fi\u00e8rement, signe d'un mouvement collectif en faveur de l'inclusion des femmes dans la gouvernance. Il \u00e9voque un avenir o\u00f9 les femmes ne sont plus mises \u00e0 l'\u00e9cart, mais habilit\u00e9es \u00e0 diriger, \u00e0 fa\u00e7onner les politiques et \u00e0 contribuer de mani\u00e8re significative au d\u00e9veloppement de la nation.<\/p>\n<p>&nbsp;<\/p>\n<p class=\"\" data-start=\"773\" data-end=\"1030\">Cette \u0153uvre souligne l'urgence de d\u00e9manteler les barri\u00e8res afin de construire une soci\u00e9t\u00e9 plus inclusive et plus \u00e9quitable. Elle refl\u00e8te la lutte permanente pour l'\u00e9galit\u00e9 des sexes dans le paysage politique nig\u00e9rian, tout en rendant hommage au courage des femmes qui sont les moteurs de ce changement.<\/p>","protected":false},"excerpt":{"rendered":"<h6><strong>Artiste : <\/strong><a href=\"https:\/\/mawuartgallery.com\/fr\/portfolio-item\/naomi-oyeniyi\/\"><strong><span style=\"color: #0000ff;\">NAOMI OYENIYI<\/span><\/strong><\/a><\/h6>\n<p><span class=\"NormalTextRun SCXW146048154 BCX0\">Huile sur toile<\/span><br \/>\n(48 x 40 in. \/ 121 x 101 cm)<br \/>\nCr\u00e9\u00e9e en 2025<\/p>\n<p>&nbsp;<\/p>\n<h6>\ud83d\udd04Dans cette ench\u00e8re invers\u00e9e, le prix baisse quotidiennement\ud83d\udcc9. SOYEZ LE 1er ou la 1re \u00e0 atteindre le myst\u00e9rieux prix minimum de l'artiste\ud83c\udfafet l'\u0153uvre\ud83d\uddbc\ufe0f est \u00e0 vous! Ench\u00e9rissez avec audace!<\/h6>\n<p>&nbsp;<\/p>\n<p><strong>LIVRAISON GRATUITE POUR TOUTES LES COMMANDES<\/strong><\/p>","protected":false},"featured_media":14058,"comment_status":"open","ping_status":"closed","template":"","meta":{"nf_dc_page":""},"product_brand":[],"product_cat":[70,43],"product_tag":[32,34,42],"class_list":{"0":"post-14054","1":"product","2":"type-product","3":"status-publish","4":"has-post-thumbnail","6":"product_cat-oil-painting","7":"product_cat-paintings","8":"product_tag-art","9":"product_tag-color","10":"product_tag-painting","11":"product_shipping_class-mailing-tube","13":"first","14":"instock","15":"sold-individually","16":"shipping-taxable","17":"purchasable","18":"product-type-auction"},"_links":{"self":[{"href":"https:\/\/mawuartgallery.com\/fr\/wp-json\/wp\/v2\/product\/14054","targetHints":{"allow":["GET"]}}],"collection":[{"href":"https:\/\/mawuartgallery.com\/fr\/wp-json\/wp\/v2\/product"}],"about":[{"href":"https:\/\/mawuartgallery.com\/fr\/wp-json\/wp\/v2\/types\/product"}],"replies":[{"embeddable":true,"href":"https:\/\/mawuartgallery.com\/fr\/wp-json\/wp\/v2\/comments?post=14054"}],"version-history":[{"count":1,"href":"https:\/\/mawuartgallery.com\/fr\/wp-json\/wp\/v2\/product\/14054\/revisions"}],"predecessor-version":[{"id":17441,"href":"https:\/\/mawuartgallery.com\/fr\/wp-json\/wp\/v2\/product\/14054\/revisions\/17441"}],"wp:featuredmedia":[{"embeddable":true,"href":"https:\/\/mawuartgallery.com\/fr\/wp-json\/wp\/v2\/media\/14058"}],"wp:attachment":[{"href":"https:\/\/mawuartgallery.com\/fr\/wp-json\/wp\/v2\/media?parent=14054"}],"wp:term":[{"taxonomy":"product_brand","embeddable":true,"href":"https:\/\/mawuartgallery.com\/fr\/wp-json\/wp\/v2\/product_brand?post=14054"},{"taxonomy":"product_cat","embeddable":true,"href":"https:\/\/mawuartgallery.com\/fr\/wp-json\/wp\/v2\/product_cat?post=14054"},{"taxonomy":"product_tag","embeddable":true,"href":"https:\/\/mawuartgallery.com\/fr\/wp-json\/wp\/v2\/product_tag?post=14054"}],"curies":[{"name":"wp","href":"https:\/\/api.w.org\/{rel}","templated":true}]}}