{"id":14048,"date":"2025-05-08T14:49:19","date_gmt":"2025-05-08T18:49:19","guid":{"rendered":"https:\/\/mawuartgallery.com\/?post_type=product&#038;p=14048"},"modified":"2026-01-22T13:07:25","modified_gmt":"2026-01-22T17:07:25","slug":"radiance-in-bloom","status":"publish","type":"product","link":"https:\/\/mawuartgallery.com\/fr\/produit\/radiance-in-bloom\/","title":{"rendered":"\u00c9clat en fleur"},"content":{"rendered":"<p class=\"\" data-start=\"151\" data-end=\"548\"><em>\u00c9clat en fleur<\/em>\u00a0est une c\u00e9l\u00e9bration de l'expression de soi, de l'individualit\u00e9, du dynamisme et de la confiance en soi. Elle n'est pas seulement un personnage, mais un t\u00e9moignage vivant de la r\u00e9silience, surmontant ses difficult\u00e9s et ses \u00e9checs avec une force tranquille. Elle se rel\u00e8ve et brille, envelopp\u00e9e dans la riche tapisserie de la culture africaine, arborant son sourire comme une couronne, quoi que la vie lui r\u00e9serve.<\/p>\n<p>&nbsp;<\/p>\n<p class=\"\" data-start=\"550\" data-end=\"986\">Sa tenue soigneusement con\u00e7ue \u00e9pouse ses formes, avec des manches structur\u00e9es et audacieuses qui encadrent sa silhouette comme les ailes d'une reine. Le jeu saisissant entre les tons chauds et froids cr\u00e9e un contraste captivant, rendant sa pr\u00e9sence presque lumineuse sur le fond sombre. Ses mains reposent d\u00e9licatement contre son corps, et ses mouvements pos\u00e9s d\u00e9gagent une force tranquille, l'ancrant dans le pr\u00e9sent tout en honorant la puissance de son h\u00e9ritage.<\/p>\n<p>&nbsp;<\/p>\n<p class=\"\" data-start=\"988\" data-end=\"1131\">En cet instant, elle est \u00e0 la fois intemporelle et contemporaine, incarnant la gr\u00e2ce et la force, tiss\u00e9es dans chaque maille, chaque posture, chaque sourire.<\/p>","protected":false},"excerpt":{"rendered":"<h6><strong>Artiste : <\/strong><a href=\"https:\/\/mawuartgallery.com\/fr\/portfolio-item\/naomi-oyeniyi\/\"><strong><span style=\"color: #0000ff;\">NAOMI OYENIYI<\/span><\/strong><\/a><\/h6>\n<p><span class=\"NormalTextRun SCXW146048154 BCX0\">Huile sur toile<\/span><br \/>\n(36 x 30 in. \/ 91 x 76 cm)<br \/>\nCr\u00e9\u00e9e en 2025<\/p>\n<p>&nbsp;<\/p>\n<h6>\ud83d\udd04Dans cette ench\u00e8re invers\u00e9e, le prix baisse quotidiennement\ud83d\udcc9. SOYEZ LE 1er ou la 1re \u00e0 atteindre le myst\u00e9rieux prix minimum de l'artiste\ud83c\udfafet l'\u0153uvre\ud83d\uddbc\ufe0f est \u00e0 vous! Ench\u00e9rissez avec audace!<\/h6>\n<p>&nbsp;<\/p>\n<p><strong>LIVRAISON GRATUITE POUR TOUTES LES COMMANDES<\/strong><\/p>","protected":false},"featured_media":14052,"comment_status":"open","ping_status":"closed","template":"","meta":{"nf_dc_page":""},"product_brand":[],"product_cat":[70,43],"product_tag":[32,34,42],"class_list":{"0":"post-14048","1":"product","2":"type-product","3":"status-publish","4":"has-post-thumbnail","6":"product_cat-oil-painting","7":"product_cat-paintings","8":"product_tag-art","9":"product_tag-color","10":"product_tag-painting","11":"product_shipping_class-mailing-tube","13":"first","14":"instock","15":"sold-individually","16":"shipping-taxable","17":"purchasable","18":"product-type-auction"},"_links":{"self":[{"href":"https:\/\/mawuartgallery.com\/fr\/wp-json\/wp\/v2\/product\/14048","targetHints":{"allow":["GET"]}}],"collection":[{"href":"https:\/\/mawuartgallery.com\/fr\/wp-json\/wp\/v2\/product"}],"about":[{"href":"https:\/\/mawuartgallery.com\/fr\/wp-json\/wp\/v2\/types\/product"}],"replies":[{"embeddable":true,"href":"https:\/\/mawuartgallery.com\/fr\/wp-json\/wp\/v2\/comments?post=14048"}],"version-history":[{"count":1,"href":"https:\/\/mawuartgallery.com\/fr\/wp-json\/wp\/v2\/product\/14048\/revisions"}],"predecessor-version":[{"id":17443,"href":"https:\/\/mawuartgallery.com\/fr\/wp-json\/wp\/v2\/product\/14048\/revisions\/17443"}],"wp:featuredmedia":[{"embeddable":true,"href":"https:\/\/mawuartgallery.com\/fr\/wp-json\/wp\/v2\/media\/14052"}],"wp:attachment":[{"href":"https:\/\/mawuartgallery.com\/fr\/wp-json\/wp\/v2\/media?parent=14048"}],"wp:term":[{"taxonomy":"product_brand","embeddable":true,"href":"https:\/\/mawuartgallery.com\/fr\/wp-json\/wp\/v2\/product_brand?post=14048"},{"taxonomy":"product_cat","embeddable":true,"href":"https:\/\/mawuartgallery.com\/fr\/wp-json\/wp\/v2\/product_cat?post=14048"},{"taxonomy":"product_tag","embeddable":true,"href":"https:\/\/mawuartgallery.com\/fr\/wp-json\/wp\/v2\/product_tag?post=14048"}],"curies":[{"name":"wp","href":"https:\/\/api.w.org\/{rel}","templated":true}]}}