{"id":14040,"date":"2025-05-08T14:22:26","date_gmt":"2025-05-08T18:22:26","guid":{"rendered":"https:\/\/mawuartgallery.com\/?post_type=product&#038;p=14040"},"modified":"2026-01-22T13:09:25","modified_gmt":"2026-01-22T17:09:25","slug":"regal-echoes","status":"publish","type":"product","link":"https:\/\/mawuartgallery.com\/fr\/produit\/regal-echoes\/","title":{"rendered":"\u00c9chos royaux"},"content":{"rendered":"<p><em>\u00c9chos royaux<\/em> capture l'\u00e9l\u00e9gance intemporelle de l'h\u00e9ritage africain \u00e0 travers la pr\u00e9sence imposante d'une femme couronn\u00e9e d'un g\u00e8l\u00e8 saisissant (un foulard traditionnel originaire du peuple Yoruba du Nigeria). Son regard per\u00e7ant transcende les g\u00e9n\u00e9rations, refl\u00e9tant \u00e0 la fois la sagesse du pass\u00e9 et la promesse de l'avenir. Le g\u00e8l\u00e8, tiss\u00e9 avec les fils de l'histoire, repose comme une couronne, affirmant son identit\u00e9, sa dignit\u00e9 et son pouvoir.<\/p>\n<p>&nbsp;<\/p>\n<p>Derri\u00e8re elle, un fond bleu serein s'\u00e9tend \u00e0 l'infini, symbolisant l'influence vaste et durable de l'h\u00e9ritage culturel dans la formation de notre identit\u00e9. Gr\u00e2ce \u00e0 des coups de pinceau textur\u00e9s et expressifs, cette \u0153uvre transcende le portrait : elle devient un hymne visuel \u00e0 la fiert\u00e9, \u00e0 la r\u00e9silience et \u00e0 la beaut\u00e9 intemporelle de la f\u00e9minit\u00e9 africaine, o\u00f9 tradition et modernit\u00e9 s'harmonisent \u00e0 la perfection.<\/p>","protected":false},"excerpt":{"rendered":"<h6><strong>Artiste : <\/strong><a href=\"https:\/\/mawuartgallery.com\/fr\/portfolio-item\/naomi-oyeniyi\/\"><strong><span style=\"color: #0000ff;\">NAOMI OYENIYI<\/span><\/strong><\/a><\/h6>\n<p><span class=\"NormalTextRun SCXW146048154 BCX0\">Huile sur toile<\/span><br \/>\n(36 x 30 in. \/ 91 x 76 cm)<br \/>\nCr\u00e9\u00e9e en 2025<\/p>\n<p>&nbsp;<\/p>\n<h6>\ud83d\udd04Dans cette ench\u00e8re invers\u00e9e, le prix baisse quotidiennement\ud83d\udcc9. SOYEZ LE 1er ou la 1re \u00e0 atteindre le myst\u00e9rieux prix minimum de l'artiste\ud83c\udfafet l'\u0153uvre\ud83d\uddbc\ufe0f est \u00e0 vous! Ench\u00e9rissez avec audace!<\/h6>\n<p>&nbsp;<\/p>\n<p><strong>LIVRAISON GRATUITE POUR TOUTES LES COMMANDES<\/strong><\/p>","protected":false},"featured_media":14044,"comment_status":"open","ping_status":"closed","template":"","meta":{"nf_dc_page":""},"product_brand":[],"product_cat":[70,43],"product_tag":[32,34,42],"class_list":{"0":"post-14040","1":"product","2":"type-product","3":"status-publish","4":"has-post-thumbnail","6":"product_cat-oil-painting","7":"product_cat-paintings","8":"product_tag-art","9":"product_tag-color","10":"product_tag-painting","11":"product_shipping_class-mailing-tube","13":"first","14":"instock","15":"sold-individually","16":"shipping-taxable","17":"purchasable","18":"product-type-auction"},"_links":{"self":[{"href":"https:\/\/mawuartgallery.com\/fr\/wp-json\/wp\/v2\/product\/14040","targetHints":{"allow":["GET"]}}],"collection":[{"href":"https:\/\/mawuartgallery.com\/fr\/wp-json\/wp\/v2\/product"}],"about":[{"href":"https:\/\/mawuartgallery.com\/fr\/wp-json\/wp\/v2\/types\/product"}],"replies":[{"embeddable":true,"href":"https:\/\/mawuartgallery.com\/fr\/wp-json\/wp\/v2\/comments?post=14040"}],"version-history":[{"count":1,"href":"https:\/\/mawuartgallery.com\/fr\/wp-json\/wp\/v2\/product\/14040\/revisions"}],"predecessor-version":[{"id":17444,"href":"https:\/\/mawuartgallery.com\/fr\/wp-json\/wp\/v2\/product\/14040\/revisions\/17444"}],"wp:featuredmedia":[{"embeddable":true,"href":"https:\/\/mawuartgallery.com\/fr\/wp-json\/wp\/v2\/media\/14044"}],"wp:attachment":[{"href":"https:\/\/mawuartgallery.com\/fr\/wp-json\/wp\/v2\/media?parent=14040"}],"wp:term":[{"taxonomy":"product_brand","embeddable":true,"href":"https:\/\/mawuartgallery.com\/fr\/wp-json\/wp\/v2\/product_brand?post=14040"},{"taxonomy":"product_cat","embeddable":true,"href":"https:\/\/mawuartgallery.com\/fr\/wp-json\/wp\/v2\/product_cat?post=14040"},{"taxonomy":"product_tag","embeddable":true,"href":"https:\/\/mawuartgallery.com\/fr\/wp-json\/wp\/v2\/product_tag?post=14040"}],"curies":[{"name":"wp","href":"https:\/\/api.w.org\/{rel}","templated":true}]}}