{"id":14034,"date":"2025-05-08T12:27:42","date_gmt":"2025-05-08T16:27:42","guid":{"rendered":"https:\/\/mawuartgallery.com\/?post_type=product&#038;p=14034"},"modified":"2026-01-22T13:12:04","modified_gmt":"2026-01-22T17:12:04","slug":"stardust-and-sovereignty","status":"publish","type":"product","link":"https:\/\/mawuartgallery.com\/fr\/produit\/stardust-and-sovereignty\/","title":{"rendered":"Poussi\u00e8re d'\u00e9toiles et souverainet\u00e9"},"content":{"rendered":"<p class=\"\" data-start=\"133\" data-end=\"369\"><em>Poussi\u00e8re d'\u00e9toiles et souverainet\u00e9<\/em>\u00a0canalise la force c\u00e9leste de l'individualit\u00e9 et de la confiance en soi. Le sujet rayonne d'une assurance naturelle, qui transcende le style et renvoie \u00e0 quelque chose de plus profond : un sentiment d'identit\u00e9 ancr\u00e9 et in\u00e9branlable.<\/p>\n<p>&nbsp;<\/p>\n<p class=\"\" data-start=\"371\" data-end=\"675\">Sa chevelure naturelle volumineuse, rendue par des coups de pinceau audacieux et \u00e9pais, refl\u00e8te non seulement la richesse de son h\u00e9ritage, mais aussi la libert\u00e9 illimit\u00e9e de son expression. Sur un fond rose lumineux, sa pr\u00e9sence est \u00e0 la fois terre-\u00e0-terre et \u00e9th\u00e9r\u00e9e, amplifiant son dynamisme en tant que symbole \u00e0 la fois de la mode et de l'identit\u00e9.<\/p>\n<p>&nbsp;<\/p>\n<p class=\"\" data-start=\"677\" data-end=\"959\">V\u00eatue de bleus profonds orn\u00e9s d'\u00e9toiles dor\u00e9es, elle \u00e9voque une \u00e9nergie cosmique, comme si elle portait en elle tout un univers. Cette peinture invite \u00e0 r\u00e9fl\u00e9chir sur la force tranquille des femmes, leur r\u00e9silience et le pouvoir subtil, mais profond, qu'elles d\u00e9tiennent dans les moments de calme.<\/p>","protected":false},"excerpt":{"rendered":"<h6><strong>Artiste : <\/strong><a href=\"https:\/\/mawuartgallery.com\/fr\/portfolio-item\/naomi-oyeniyi\/\"><strong><span style=\"color: #0000ff;\">NAOMI OYENIYI<\/span><\/strong><\/a><\/h6>\n<p><span class=\"NormalTextRun SCXW146048154 BCX0\">Huile sur toile<\/span><br \/>\n(36 x 30 in. \/ 91 x 76 cm)<br \/>\nCr\u00e9\u00e9e en 2025<\/p>\n<p>&nbsp;<\/p>\n<h6>\ud83d\udd04Dans cette ench\u00e8re invers\u00e9e, le prix baisse quotidiennement\ud83d\udcc9. SOYEZ LE 1er ou la 1re \u00e0 atteindre le myst\u00e9rieux prix minimum de l'artiste\ud83c\udfafet l'\u0153uvre\ud83d\uddbc\ufe0f est \u00e0 vous! Ench\u00e9rissez avec audace!<\/h6>\n<p>&nbsp;<\/p>\n<p><strong>LIVRAISON GRATUITE POUR TOUTES LES COMMANDES<\/strong><\/p>","protected":false},"featured_media":14037,"comment_status":"open","ping_status":"closed","template":"","meta":{"nf_dc_page":""},"product_brand":[],"product_cat":[70,43],"product_tag":[32,34,42],"class_list":{"0":"post-14034","1":"product","2":"type-product","3":"status-publish","4":"has-post-thumbnail","6":"product_cat-oil-painting","7":"product_cat-paintings","8":"product_tag-art","9":"product_tag-color","10":"product_tag-painting","11":"product_shipping_class-mailing-tube","13":"first","14":"instock","15":"sold-individually","16":"shipping-taxable","17":"purchasable","18":"product-type-auction"},"_links":{"self":[{"href":"https:\/\/mawuartgallery.com\/fr\/wp-json\/wp\/v2\/product\/14034","targetHints":{"allow":["GET"]}}],"collection":[{"href":"https:\/\/mawuartgallery.com\/fr\/wp-json\/wp\/v2\/product"}],"about":[{"href":"https:\/\/mawuartgallery.com\/fr\/wp-json\/wp\/v2\/types\/product"}],"replies":[{"embeddable":true,"href":"https:\/\/mawuartgallery.com\/fr\/wp-json\/wp\/v2\/comments?post=14034"}],"version-history":[{"count":1,"href":"https:\/\/mawuartgallery.com\/fr\/wp-json\/wp\/v2\/product\/14034\/revisions"}],"predecessor-version":[{"id":17446,"href":"https:\/\/mawuartgallery.com\/fr\/wp-json\/wp\/v2\/product\/14034\/revisions\/17446"}],"wp:featuredmedia":[{"embeddable":true,"href":"https:\/\/mawuartgallery.com\/fr\/wp-json\/wp\/v2\/media\/14037"}],"wp:attachment":[{"href":"https:\/\/mawuartgallery.com\/fr\/wp-json\/wp\/v2\/media?parent=14034"}],"wp:term":[{"taxonomy":"product_brand","embeddable":true,"href":"https:\/\/mawuartgallery.com\/fr\/wp-json\/wp\/v2\/product_brand?post=14034"},{"taxonomy":"product_cat","embeddable":true,"href":"https:\/\/mawuartgallery.com\/fr\/wp-json\/wp\/v2\/product_cat?post=14034"},{"taxonomy":"product_tag","embeddable":true,"href":"https:\/\/mawuartgallery.com\/fr\/wp-json\/wp\/v2\/product_tag?post=14034"}],"curies":[{"name":"wp","href":"https:\/\/api.w.org\/{rel}","templated":true}]}}