{"id":14025,"date":"2025-05-08T11:41:59","date_gmt":"2025-05-08T15:41:59","guid":{"rendered":"https:\/\/mawuartgallery.com\/?post_type=product&#038;p=14025"},"modified":"2026-01-22T13:10:43","modified_gmt":"2026-01-22T17:10:43","slug":"be-still","status":"publish","type":"product","link":"https:\/\/mawuartgallery.com\/fr\/produit\/be-still\/","title":{"rendered":"Reste calme"},"content":{"rendered":"<p class=\"\" data-start=\"124\" data-end=\"414\">L'\u00e9pid\u00e9mie de COVID-19 a provoqu\u00e9 une pand\u00e9mie mondiale qui a \u00e9branl\u00e9 les fondements m\u00eames de la vie humaine, laissant notre avenir dans l'incertitude. Les activit\u00e9s humaines ont \u00e9t\u00e9 pratiquement paralys\u00e9es lorsque le monde s'est confin\u00e9, nous obligeant \u00e0 nous interroger sur ce qui nous attend et sur ce \u00e0 quoi nous devons nous pr\u00e9parer.<\/p>\n<p>&nbsp;<\/p>\n<p class=\"\" data-start=\"416\" data-end=\"918\">Cette peinture repr\u00e9sente une femme enceinte tenant un masque facial, symbole de protection. Le masque, qui recouvre les narines qui apportent l'oxyg\u00e8ne \u00e0 l'\u00e2me et la bouche qui nourrit le corps, symbolise l'\u00e9quilibre fragile entre la vie et la survie. La femme prot\u00e8ge l'un de ses seins avec sa main, soulignant l'importance de nourrir et de soutenir son enfant \u00e0 na\u00eetre, tandis que son autre main repose doucement sur son ventre, envoyant un message silencieux et sinc\u00e8re \u00e0 son b\u00e9b\u00e9 : <em data-start=\"889\" data-end=\"918\">\u00ab Ne t'inqui\u00e8te pas, il y a de l'espoir \u00bb.<\/em><\/p>\n<p>&nbsp;<\/p>\n<p class=\"\" data-start=\"920\" data-end=\"1564\">La femme repr\u00e9sente le pr\u00e9sent, tandis que l'enfant \u00e0 na\u00eetre incarne l'avenir. L'avenir d\u00e9pend des choix que nous faisons aujourd'hui : il est fa\u00e7onn\u00e9 par nos actions, notre r\u00e9silience et notre attention. La femme \u00e0 la peau brune, avec sa coiffure africaine tress\u00e9e de mani\u00e8re complexe et sa boucle d'oreille verte, met en valeur la beaut\u00e9 et la richesse de la culture africaine.<\/p>\n<p>En arri\u00e8re-plan, des ic\u00f4nes repr\u00e9sentant le virus COVID-19 l'entourent, sur fond sombre symbolisant \u00e0 quel point le virus a profond\u00e9ment impr\u00e9gn\u00e9 notre monde. Pourtant, \u00e0 travers cette image, un appel \u00e0 l'action est lanc\u00e9 : nous devons faire tout ce qui est en notre pouvoir pour garantir que la prochaine g\u00e9n\u00e9ration h\u00e9rite d'un monde plus propre et plus s\u00fbr.<\/p>","protected":false},"excerpt":{"rendered":"<h6><strong>Artiste : <\/strong><a href=\"https:\/\/mawuartgallery.com\/fr\/portfolio-item\/naomi-oyeniyi\/\"><strong><span style=\"color: #0000ff;\">NAOMI OYENIYI<\/span><\/strong><\/a><\/h6>\n<p><span class=\"NormalTextRun SCXW146048154 BCX0\">Huile sur toile<\/span><br \/>\n(48 x 36 in. \/ 121 x 91 cm)<br \/>\nCr\u00e9\u00e9e en 2020<\/p>\n<p>&nbsp;<\/p>\n<h6>\ud83d\udd04Dans cette ench\u00e8re invers\u00e9e, le prix baisse quotidiennement\ud83d\udcc9. SOYEZ LE 1er ou la 1re \u00e0 atteindre le myst\u00e9rieux prix minimum de l'artiste\ud83c\udfafet l'\u0153uvre\ud83d\uddbc\ufe0f est \u00e0 vous! Ench\u00e9rissez avec audace!<\/h6>\n<p>&nbsp;<\/p>\n<p><strong>LIVRAISON GRATUITE POUR TOUTES LES COMMANDES<\/strong><\/p>","protected":false},"featured_media":14027,"comment_status":"open","ping_status":"closed","template":"","meta":{"nf_dc_page":""},"product_brand":[],"product_cat":[70,43],"product_tag":[32,34,42],"class_list":{"0":"post-14025","1":"product","2":"type-product","3":"status-publish","4":"has-post-thumbnail","6":"product_cat-oil-painting","7":"product_cat-paintings","8":"product_tag-art","9":"product_tag-color","10":"product_tag-painting","11":"product_shipping_class-mailing-tube","13":"first","14":"instock","15":"sold-individually","16":"shipping-taxable","17":"purchasable","18":"product-type-auction"},"_links":{"self":[{"href":"https:\/\/mawuartgallery.com\/fr\/wp-json\/wp\/v2\/product\/14025","targetHints":{"allow":["GET"]}}],"collection":[{"href":"https:\/\/mawuartgallery.com\/fr\/wp-json\/wp\/v2\/product"}],"about":[{"href":"https:\/\/mawuartgallery.com\/fr\/wp-json\/wp\/v2\/types\/product"}],"replies":[{"embeddable":true,"href":"https:\/\/mawuartgallery.com\/fr\/wp-json\/wp\/v2\/comments?post=14025"}],"version-history":[{"count":1,"href":"https:\/\/mawuartgallery.com\/fr\/wp-json\/wp\/v2\/product\/14025\/revisions"}],"predecessor-version":[{"id":17445,"href":"https:\/\/mawuartgallery.com\/fr\/wp-json\/wp\/v2\/product\/14025\/revisions\/17445"}],"wp:featuredmedia":[{"embeddable":true,"href":"https:\/\/mawuartgallery.com\/fr\/wp-json\/wp\/v2\/media\/14027"}],"wp:attachment":[{"href":"https:\/\/mawuartgallery.com\/fr\/wp-json\/wp\/v2\/media?parent=14025"}],"wp:term":[{"taxonomy":"product_brand","embeddable":true,"href":"https:\/\/mawuartgallery.com\/fr\/wp-json\/wp\/v2\/product_brand?post=14025"},{"taxonomy":"product_cat","embeddable":true,"href":"https:\/\/mawuartgallery.com\/fr\/wp-json\/wp\/v2\/product_cat?post=14025"},{"taxonomy":"product_tag","embeddable":true,"href":"https:\/\/mawuartgallery.com\/fr\/wp-json\/wp\/v2\/product_tag?post=14025"}],"curies":[{"name":"wp","href":"https:\/\/api.w.org\/{rel}","templated":true}]}}