{"id":13980,"date":"2025-05-03T15:03:40","date_gmt":"2025-05-03T19:03:40","guid":{"rendered":"https:\/\/mawuartgallery.com\/?post_type=product&#038;p=13980"},"modified":"2025-10-14T08:24:46","modified_gmt":"2025-10-14T12:24:46","slug":"sustenance","status":"publish","type":"product","link":"https:\/\/mawuartgallery.com\/fr\/produit\/sustenance\/","title":{"rendered":"Subsistance"},"content":{"rendered":"<p class=\"\" data-start=\"207\" data-end=\"849\"><em data-start=\"207\" data-end=\"219\">Subsistance<\/em> est une c\u00e9l\u00e9bration visuelle de la vie quotidienne et de la r\u00e9silience qui s'y trouve. Inspir\u00e9 par la riche tapisserie d'exp\u00e9riences personnelles et collectives, le tableau tisse ensemble des sc\u00e8nes provenant de diff\u00e9rents coins du monde, repr\u00e9sentant des personnes dans les lieux qu'elles consid\u00e8rent comme leur foyer.<\/p>\n<p>&nbsp;<br \/>\nSur fond de ciel bleu outremer, des couleurs vives et des images superpos\u00e9es invitent les spectateurs \u00e0 entrer dans un monde o\u00f9 se croisent identit\u00e9 culturelle, migration et sentiment d'appartenance. Des jeunes Africains rassembl\u00e9s sous un acacia aux passants emmitoufl\u00e9s dans les rues enneig\u00e9es de Qu\u00e9bec, chaque vignette \u00e9voque la qu\u00eate universelle de stabilit\u00e9, de liens et de sens.<\/p>\n<p>&nbsp;<\/p>\n<p class=\"\" data-start=\"851\" data-end=\"1458\">Au c\u0153ur du tableau se trouve une r\u00e9flexion sur l'interd\u00e9pendance et les \u00e9changes culturels. Une tige de ma\u00efs imposante divise la toile, rappelant notre besoin commun de nourriture, tant physique qu'\u00e9motionnelle.<\/p>\n<p>&nbsp;<br \/>\nFigures journey across the scene: a man stepping from a <em data-start=\"1112\" data-end=\"1120\">matatu<\/em> Des personnages traversent la sc\u00e8ne : un homme descendant d'un matatu dans les rues froides de Qu\u00e9bec, une femme offrant un cadeau au-del\u00e0 des fronti\u00e8res culturelles, et des nomades transportant du bois de chauffage au bord de la toile. Au-dessus d'eux, un soleil abstrait rayonne de chaleur et d'espoir.<\/p>\n<p>&nbsp;<br \/>\n<em data-start=\"1305\" data-end=\"1317\">Subsistance<\/em> invite \u00e0 r\u00e9fl\u00e9chir sur la mani\u00e8re dont les parcours individuels fa\u00e7onnent \u2013 et sont fa\u00e7onn\u00e9s par \u2013 des r\u00e9cits plus vastes de d\u00e9placement, d'adaptation et de liens humains durables.<\/p>","protected":false},"excerpt":{"rendered":"<h6><strong>Artiste : <span style=\"color: #0000ff;\"><a style=\"color: #0000ff;\" href=\"https:\/\/mawuartgallery.com\/fr\/portfolio-item\/ngendo-kinyanjui\/\">NGENDO KINYANJUI<\/a><\/span><\/strong><\/h6>\n<p>Acrylique et <span class=\"NormalTextRun SCXW146048154 BCX0\">m\u00e9dias mixtes sur toile<\/span><br \/>\n(101 x 60 cm \/ 40 x 24 po)<br \/>\nCr\u00e9\u00e9e en 2023<\/p>\n<p>&nbsp;<\/p>\n<p><em>Cet article est soigneusement enroul\u00e9 et exp\u00e9di\u00e9 dans un tube d'exp\u00e9dition afin de garantir une livraison en toute s\u00e9curit\u00e9.<\/em><\/p>\n<p>&nbsp;<\/p>\n<p><strong><em>Pour nous assurer que l'\u0153uvre r\u00e9pond \u00e0 vos attentes, nous serions ravis de vous en fournir une vid\u00e9o en haute d\u00e9finition accompagn\u00e9e des commentaires de l'artiste, avant que vous ne proc\u00e9diez \u00e0 l'achat. Pour ce faire, il vous suffit de communiquer avec nous par courriel \u00e0\u00a0<a rel=\"noopener\">mawuartgallery@gmail.com<\/a>\u00a0D\u00e8s r\u00e9ception de votre demande, nous vous ferons parvenir une ou plusieurs vid\u00e9os\/photos selon votre choix.\u00a0<\/em><\/strong><\/p>\n<p>&nbsp;<\/p>\n<p><strong>LIVRAISON GRATUITE POUR TOUTES LES COMMANDES<\/strong><\/p>","protected":false},"featured_media":13993,"comment_status":"open","ping_status":"closed","template":"","meta":{"nf_dc_page":""},"product_brand":[],"product_cat":[112,113,43],"product_tag":[32,34,42],"class_list":{"0":"post-13980","1":"product","2":"type-product","3":"status-publish","4":"has-post-thumbnail","6":"product_cat-acrylic","7":"product_cat-mixed-media","8":"product_cat-paintings","9":"product_tag-art","10":"product_tag-color","11":"product_tag-painting","12":"product_shipping_class-mailing-tube","14":"first","15":"instock","16":"sold-individually","17":"shipping-taxable","18":"purchasable","19":"product-type-simple"},"_links":{"self":[{"href":"https:\/\/mawuartgallery.com\/fr\/wp-json\/wp\/v2\/product\/13980","targetHints":{"allow":["GET"]}}],"collection":[{"href":"https:\/\/mawuartgallery.com\/fr\/wp-json\/wp\/v2\/product"}],"about":[{"href":"https:\/\/mawuartgallery.com\/fr\/wp-json\/wp\/v2\/types\/product"}],"replies":[{"embeddable":true,"href":"https:\/\/mawuartgallery.com\/fr\/wp-json\/wp\/v2\/comments?post=13980"}],"version-history":[{"count":4,"href":"https:\/\/mawuartgallery.com\/fr\/wp-json\/wp\/v2\/product\/13980\/revisions"}],"predecessor-version":[{"id":16110,"href":"https:\/\/mawuartgallery.com\/fr\/wp-json\/wp\/v2\/product\/13980\/revisions\/16110"}],"wp:featuredmedia":[{"embeddable":true,"href":"https:\/\/mawuartgallery.com\/fr\/wp-json\/wp\/v2\/media\/13993"}],"wp:attachment":[{"href":"https:\/\/mawuartgallery.com\/fr\/wp-json\/wp\/v2\/media?parent=13980"}],"wp:term":[{"taxonomy":"product_brand","embeddable":true,"href":"https:\/\/mawuartgallery.com\/fr\/wp-json\/wp\/v2\/product_brand?post=13980"},{"taxonomy":"product_cat","embeddable":true,"href":"https:\/\/mawuartgallery.com\/fr\/wp-json\/wp\/v2\/product_cat?post=13980"},{"taxonomy":"product_tag","embeddable":true,"href":"https:\/\/mawuartgallery.com\/fr\/wp-json\/wp\/v2\/product_tag?post=13980"}],"curies":[{"name":"wp","href":"https:\/\/api.w.org\/{rel}","templated":true}]}}