{"id":13975,"date":"2025-05-03T15:03:05","date_gmt":"2025-05-03T19:03:05","guid":{"rendered":"https:\/\/mawuartgallery.com\/?post_type=product&#038;p=13975"},"modified":"2025-10-14T08:25:49","modified_gmt":"2025-10-14T12:25:49","slug":"home-is-a-feeling","status":"publish","type":"product","link":"https:\/\/mawuartgallery.com\/fr\/produit\/home-is-a-feeling\/","title":{"rendered":"La maison, c'est un sentiment"},"content":{"rendered":"<p class=\"\" data-start=\"176\" data-end=\"532\"><em data-start=\"176\" data-end=\"195\">La maison, c'est un sentiment<\/em> explore la nature complexe et profond\u00e9ment personnelle du sentiment d'appartenance. Le concept de <em data-start=\"287\" data-end=\"293\">maison<\/em> est une mosa\u00efque de souvenirs, de relations, d'histoires et d'environnements qui nous fa\u00e7onnent. Cette peinture cherche \u00e0 capturer l'essence du foyer comme \u00e9tant plus qu'un simple lieu physique : c'est un \u00e9tat d'\u00eatre en constante \u00e9volution, \u00e0 la fois intime et collectif.<\/p>\n<p>&nbsp;<\/p>\n<p class=\"\" data-start=\"534\" data-end=\"881\">L'\u0153uvre tisse ensemble divers fils qui \u00e9voquent le sentiment d'appartenance \u00e0 un lieu : les souvenirs, les \u00eatres chers, les nouvelles relations, le climat et le poids de l'histoire. Chaque \u00e9l\u00e9ment \u00e9voque les forces complexes et souvent intangibles qui cr\u00e9ent le sentiment d'appartenance \u00e0 un lieu.<br data-start=\"772\" data-end=\"775\" \/>C'est une c\u00e9l\u00e9bration de l'interd\u00e9pendance de l'exp\u00e9rience humaine et du d\u00e9sir universel d'appartenance.<\/p>\n<p>&nbsp;<\/p>\n<p class=\"\" data-start=\"883\" data-end=\"1067\">En fin de compte, <em data-start=\"895\" data-end=\"901\">maison<\/em> transcende les fronti\u00e8res, qu'elles soient culturelles, g\u00e9ographiques ou autres. Elle refl\u00e8te les liens qui nous unissent tous et le d\u00e9sir constant d'un lieu, d'un sentiment.<\/p>","protected":false},"excerpt":{"rendered":"<h6><strong>Artiste : <span style=\"color: #0000ff;\"><a style=\"color: #0000ff;\" href=\"https:\/\/mawuartgallery.com\/fr\/portfolio-item\/ngendo-kinyanjui\/\">NGENDO KINYANJUI<\/a><\/span><\/strong><\/h6>\n<p>Acrylique et <span class=\"NormalTextRun SCXW146048154 BCX0\">m\u00e9dias mixtes sur toile<\/span><br \/>\n(26 x 26 in. \/ 66 x 66 cm)<br \/>\nCr\u00e9\u00e9e en 2023<\/p>\n<p>&nbsp;<\/p>\n<p><em>Cet article est soigneusement enroul\u00e9 et exp\u00e9di\u00e9 dans un tube d'exp\u00e9dition afin de garantir une livraison en toute s\u00e9curit\u00e9.<\/em><\/p>\n<p>&nbsp;<\/p>\n<p><strong><em>Pour nous assurer que l'\u0153uvre r\u00e9pond \u00e0 vos attentes, nous serions ravis de vous en fournir une vid\u00e9o en haute d\u00e9finition accompagn\u00e9e des commentaires de l'artiste, avant que vous ne proc\u00e9diez \u00e0 l'achat. Pour ce faire, il vous suffit de communiquer avec nous par courriel \u00e0\u00a0<a rel=\"noopener\">mawuartgallery@gmail.com<\/a>\u00a0D\u00e8s r\u00e9ception de votre demande, nous vous ferons parvenir une ou plusieurs vid\u00e9os\/photos selon votre choix.\u00a0<\/em><\/strong><\/p>\n<p>&nbsp;<\/p>\n<p><strong>LIVRAISON GRATUITE POUR TOUTES LES COMMANDES<\/strong><\/p>","protected":false},"featured_media":13978,"comment_status":"open","ping_status":"closed","template":"","meta":{"nf_dc_page":""},"product_brand":[],"product_cat":[112,113,43],"product_tag":[32,34,42],"class_list":{"0":"post-13975","1":"product","2":"type-product","3":"status-publish","4":"has-post-thumbnail","6":"product_cat-acrylic","7":"product_cat-mixed-media","8":"product_cat-paintings","9":"product_tag-art","10":"product_tag-color","11":"product_tag-painting","12":"product_shipping_class-mailing-tube","14":"first","15":"instock","16":"sold-individually","17":"shipping-taxable","18":"purchasable","19":"product-type-simple"},"_links":{"self":[{"href":"https:\/\/mawuartgallery.com\/fr\/wp-json\/wp\/v2\/product\/13975","targetHints":{"allow":["GET"]}}],"collection":[{"href":"https:\/\/mawuartgallery.com\/fr\/wp-json\/wp\/v2\/product"}],"about":[{"href":"https:\/\/mawuartgallery.com\/fr\/wp-json\/wp\/v2\/types\/product"}],"replies":[{"embeddable":true,"href":"https:\/\/mawuartgallery.com\/fr\/wp-json\/wp\/v2\/comments?post=13975"}],"version-history":[{"count":3,"href":"https:\/\/mawuartgallery.com\/fr\/wp-json\/wp\/v2\/product\/13975\/revisions"}],"predecessor-version":[{"id":16113,"href":"https:\/\/mawuartgallery.com\/fr\/wp-json\/wp\/v2\/product\/13975\/revisions\/16113"}],"wp:featuredmedia":[{"embeddable":true,"href":"https:\/\/mawuartgallery.com\/fr\/wp-json\/wp\/v2\/media\/13978"}],"wp:attachment":[{"href":"https:\/\/mawuartgallery.com\/fr\/wp-json\/wp\/v2\/media?parent=13975"}],"wp:term":[{"taxonomy":"product_brand","embeddable":true,"href":"https:\/\/mawuartgallery.com\/fr\/wp-json\/wp\/v2\/product_brand?post=13975"},{"taxonomy":"product_cat","embeddable":true,"href":"https:\/\/mawuartgallery.com\/fr\/wp-json\/wp\/v2\/product_cat?post=13975"},{"taxonomy":"product_tag","embeddable":true,"href":"https:\/\/mawuartgallery.com\/fr\/wp-json\/wp\/v2\/product_tag?post=13975"}],"curies":[{"name":"wp","href":"https:\/\/api.w.org\/{rel}","templated":true}]}}