{"id":13970,"date":"2025-05-03T15:02:36","date_gmt":"2025-05-03T19:02:36","guid":{"rendered":"https:\/\/mawuartgallery.com\/?post_type=product&#038;p=13970"},"modified":"2025-10-14T08:40:52","modified_gmt":"2025-10-14T12:40:52","slug":"sense-of-place","status":"publish","type":"product","link":"https:\/\/mawuartgallery.com\/fr\/produit\/sense-of-place\/","title":{"rendered":"Sentiment d'appartenance"},"content":{"rendered":"<p class=\"\" data-start=\"174\" data-end=\"1123\"><em data-start=\"174\" data-end=\"190\">Sentiment d'appartenance<\/em> se d\u00e9ploie comme une mosa\u00efque visuelle \u2013 fragment\u00e9e mais profond\u00e9ment interconnect\u00e9e \u2013 invitant \u00e0 r\u00e9fl\u00e9chir sur les r\u00e9alit\u00e9s multiples, parfois contradictoires, qui fa\u00e7onnent l'identit\u00e9 de la diaspora africaine. \u00c0 travers des sc\u00e8nes et des g\u00e9ographies changeantes, l'\u0153uvre r\u00e9siste \u00e0 toute narration unique.<\/p>\n<p>&nbsp;<\/p>\n<p class=\"\" data-start=\"174\" data-end=\"1123\">D'un jeune Suri en tenue de c\u00e9r\u00e9monie \u00e0 un parcours de golf PGA sur la c\u00f4te kenyane, d'un village flottant en Afrique de l'Ouest \u00e0 une boutique d'objets artisanaux masa\u00ef \u00e0 c\u00f4t\u00e9 du Mus\u00e9e de l'histoire afro-am\u00e9ricaine, chaque vignette r\u00e9v\u00e8le la pluralit\u00e9 de la vie noire.<\/p>\n<p>&nbsp;<br \/>\nUne faille tectonique traverse le tableau en diagonale, faisant r\u00e9f\u00e9rence \u00e0 la fois \u00e0 une rupture g\u00e9ologique et \u00e0 un bouleversement culturel, avant de se dissoudre dans l'eau, emportant avec elle les symboles de la continuit\u00e9 et de la transformation. Des grains de ma\u00efs souffl\u00e9 recouverts de feuilles d'or, des apparitions masqu\u00e9es et une forme animale indiscernable (r\u00e9alis\u00e9e en <em data-start=\"979\" data-end=\"986\">tissu kanga)<\/em> \u00e9voquent l'\u00e9tranget\u00e9, la richesse et l'inconnaissabilit\u00e9 de la culture : une force fa\u00e7onn\u00e9e autant par la rupture que par le rituel et l'adaptation.<br \/>\n&nbsp;<\/p>\n<p class=\"\" data-start=\"1125\" data-end=\"1897\">Au centre, une sc\u00e8ne du mariage de l'artiste, o\u00f9 le rituel traditionnel kenyan a rencontr\u00e9 les coutumes modernes dans l'union d'une famille africaine et d'une famille blanche, ancrent l'\u0153uvre dans l'exp\u00e9rience v\u00e9cue. Encadr\u00e9 par des pyramides, ce moment place le personnel dans l'historique, refl\u00e9tant des th\u00e8mes plus profonds tels que l'hybridit\u00e9, la connexion et la nature \u00e9volutive de l'identit\u00e9.<\/p>\n<p>&nbsp;<\/p>\n<p class=\"\" data-start=\"1125\" data-end=\"1897\"><em data-start=\"1475\" data-end=\"1491\">Sentiment d'appartenance<\/em> invite les spectateurs \u00e0 r\u00e9sister aux cat\u00e9gories fig\u00e9es et \u00e0 rester ouverts, afin de voir comment la culture voyage, s'adapte et r\u00e9appara\u00eet \u00e0 la fois dans des gestes discrets et des expressions audacieuses. Elle propose des contre-r\u00e9cits sur la r\u00e9silience, les traditions multiples, les coutumes adopt\u00e9es et les r\u00e9alit\u00e9s contemporaines. Il ne s'agit pas d'un portrait statique, mais d'archives vivantes, o\u00f9 le sens se fa\u00e7onne continuellement \u00e0 travers le temps, les g\u00e9n\u00e9rations, la g\u00e9ographie et l'exp\u00e9rience.<\/p>","protected":false},"excerpt":{"rendered":"<h6><strong>Artiste : <span style=\"color: #0000ff;\"><a style=\"color: #0000ff;\" href=\"https:\/\/mawuartgallery.com\/fr\/portfolio-item\/ngendo-kinyanjui\/\">NGENDO KINYANJUI<\/a><\/span><\/strong><\/h6>\n<p>Acrylique et <span class=\"NormalTextRun SCXW146048154 BCX0\">m\u00e9dias mixtes sur toile<\/span><br \/>\n(48 x 40 in. \/ 121 x 101 cm)<br \/>\nCr\u00e9\u00e9e en 2024<\/p>\n<p>&nbsp;<\/p>\n<p><em>Cet article est exp\u00e9di\u00e9 dans une bo\u00eete en carton.<\/em><\/p>\n<p>&nbsp;<\/p>\n<p><strong><em>Pour nous assurer que l'\u0153uvre r\u00e9pond \u00e0 vos attentes, nous serions ravis de vous en fournir une vid\u00e9o en haute d\u00e9finition accompagn\u00e9e des commentaires de l'artiste, avant que vous ne proc\u00e9diez \u00e0 l'achat. Pour ce faire, il vous suffit de communiquer avec nous par courriel \u00e0\u00a0<a rel=\"noopener\">mawuartgallery@gmail.com<\/a>\u00a0D\u00e8s r\u00e9ception de votre demande, nous vous ferons parvenir une ou plusieurs vid\u00e9os\/photos selon votre choix.\u00a0<\/em><\/strong><\/p>\n<p>&nbsp;<\/p>\n<p><strong>LIVRAISON GRATUITE POUR TOUTES LES COMMANDES<\/strong><\/p>","protected":false},"featured_media":13973,"comment_status":"open","ping_status":"closed","template":"","meta":{"nf_dc_page":""},"product_brand":[],"product_cat":[112,113,43],"product_tag":[32,34,42],"class_list":{"0":"post-13970","1":"product","2":"type-product","3":"status-publish","4":"has-post-thumbnail","6":"product_cat-acrylic","7":"product_cat-mixed-media","8":"product_cat-paintings","9":"product_tag-art","10":"product_tag-color","11":"product_tag-painting","12":"product_shipping_class-mailing-tube","14":"first","15":"instock","16":"sold-individually","17":"shipping-taxable","18":"purchasable","19":"product-type-simple"},"_links":{"self":[{"href":"https:\/\/mawuartgallery.com\/fr\/wp-json\/wp\/v2\/product\/13970","targetHints":{"allow":["GET"]}}],"collection":[{"href":"https:\/\/mawuartgallery.com\/fr\/wp-json\/wp\/v2\/product"}],"about":[{"href":"https:\/\/mawuartgallery.com\/fr\/wp-json\/wp\/v2\/types\/product"}],"replies":[{"embeddable":true,"href":"https:\/\/mawuartgallery.com\/fr\/wp-json\/wp\/v2\/comments?post=13970"}],"version-history":[{"count":5,"href":"https:\/\/mawuartgallery.com\/fr\/wp-json\/wp\/v2\/product\/13970\/revisions"}],"predecessor-version":[{"id":16119,"href":"https:\/\/mawuartgallery.com\/fr\/wp-json\/wp\/v2\/product\/13970\/revisions\/16119"}],"wp:featuredmedia":[{"embeddable":true,"href":"https:\/\/mawuartgallery.com\/fr\/wp-json\/wp\/v2\/media\/13973"}],"wp:attachment":[{"href":"https:\/\/mawuartgallery.com\/fr\/wp-json\/wp\/v2\/media?parent=13970"}],"wp:term":[{"taxonomy":"product_brand","embeddable":true,"href":"https:\/\/mawuartgallery.com\/fr\/wp-json\/wp\/v2\/product_brand?post=13970"},{"taxonomy":"product_cat","embeddable":true,"href":"https:\/\/mawuartgallery.com\/fr\/wp-json\/wp\/v2\/product_cat?post=13970"},{"taxonomy":"product_tag","embeddable":true,"href":"https:\/\/mawuartgallery.com\/fr\/wp-json\/wp\/v2\/product_tag?post=13970"}],"curies":[{"name":"wp","href":"https:\/\/api.w.org\/{rel}","templated":true}]}}