{"id":13964,"date":"2025-05-03T08:58:27","date_gmt":"2025-05-03T12:58:27","guid":{"rendered":"https:\/\/mawuartgallery.com\/?post_type=product&#038;p=13964"},"modified":"2025-10-14T08:27:51","modified_gmt":"2025-10-14T12:27:51","slug":"ice-cream-man-sells-happiness","status":"publish","type":"product","link":"https:\/\/mawuartgallery.com\/fr\/produit\/ice-cream-man-sells-happiness\/","title":{"rendered":"Le marchand de glaces vend du bonheur"},"content":{"rendered":"<p class=\"\" data-start=\"136\" data-end=\"780\"><em data-start=\"136\" data-end=\"167\">Le marchand de glaces vend du bonheur<\/em> est une r\u00e9flexion sur la multiplicit\u00e9 des \u00e9l\u00e9ments qui constituent une \u00ab bonne vie \u00bb et sur la mani\u00e8re dont cette notion est profond\u00e9ment influenc\u00e9e par la g\u00e9ographie, les circonstances, la m\u00e9moire et les aspirations. Au c\u0153ur de cette r\u00e9flexion se trouve la po\u00e9sie tranquille du contraste : un homme vendant des glaces dans le d\u00e9sert du Soudan du Sud coexiste avec une femme faisant une randonn\u00e9e dans les for\u00eats enneig\u00e9es d'Am\u00e9rique du Nord.<\/p>\n<p>&nbsp;<br \/>\nCes moments, bien que tr\u00e8s diff\u00e9rents dans leur contexte, sont similaires dans leur qu\u00eate silencieuse de joie, de stabilit\u00e9 et de sens. \u00c0 l'aide d'un collage de tissu, de fil de cuivre, d'aluminium et d'images trouv\u00e9es, la peinture navigue entre ces r\u00e9alit\u00e9s v\u00e9cues, laissant place \u00e0 la fois \u00e0 la difficult\u00e9 et \u00e0 l'espoir.<\/p>\n<p>&nbsp;<\/p>\n<p class=\"\" data-start=\"782\" data-end=\"1607\">Des phrases obscures<em data-start=\"799\" data-end=\"832\">\u00ab Les r\u00eaves sont-ils ce que nous en faisons ? \u00bb<\/em> et <em data-start=\"837\" data-end=\"865\">\u00ab Ou la r\u00e9alit\u00e9 ce que vous voyez ? \u00bb<\/em>\u2014 deviennent des pivots philosophiques dans l'\u0153uvre, incitant le spectateur \u00e0 reconsid\u00e9rer la nature de l'aspiration, de la croyance et de la perception. Les personnages transportant du bois de chauffage font \u00e9cho aux th\u00e8mes de la subsistance et de la migration, tandis que les symboles de l'abondance des f\u00eates \u2014 guirlandes et dentelles \u2014 \u00e9voquent le confort et les rituels de consommation.<\/p>\n<p>&nbsp;<br \/>\nLa statue de la Libert\u00e9, ab\u00eem\u00e9e et d\u00e9fra\u00eechie, se dresse devant des pyramides et sous des montagnes russes en fil de cuivre, \u00e9voquant la volatilit\u00e9 des id\u00e9aux et les illusions de libert\u00e9 ou de r\u00e9ussite. Les champignons et les spores nous rappellent nos liens invisibles : comment les personnes, les id\u00e9es et les histoires d\u00e9rivent, s'enracinent et s'\u00e9panouissent au-del\u00e0 des fronti\u00e8res. Sous un ciel faussement doux, cette \u0153uvre pose la question suivante : dans un monde o\u00f9 les r\u00eaves sont in\u00e9gaux et les besoins communs, comment d\u00e9finissons-nous le bonheur et qui peut le revendiquer ?<\/p>","protected":false},"excerpt":{"rendered":"<h6><strong>Artiste : <span style=\"color: #0000ff;\"><a style=\"color: #0000ff;\" href=\"https:\/\/mawuartgallery.com\/fr\/portfolio-item\/ngendo-kinyanjui\/\">NGENDO KINYANJUI<\/a><\/span><\/strong><\/h6>\n<p>Acrylique et <span class=\"NormalTextRun SCXW146048154 BCX0\">m\u00e9dias mixtes sur panneau de bois<\/span><br \/>\n(101 x 76 cm \/ 40 x 30 po)<br \/>\nCr\u00e9\u00e9e en 2025<\/p>\n<p>&nbsp;<\/p>\n<p><em>Cet article est exp\u00e9di\u00e9 dans une bo\u00eete en carton.<\/em><\/p>\n<p>&nbsp;<\/p>\n<p><strong><em>Pour nous assurer que l'\u0153uvre r\u00e9pond \u00e0 vos attentes, nous serions ravis de vous en fournir une vid\u00e9o en haute d\u00e9finition accompagn\u00e9e des commentaires de l'artiste, avant que vous ne proc\u00e9diez \u00e0 l'achat. Pour ce faire, il vous suffit de communiquer avec nous par courriel \u00e0\u00a0<a rel=\"noopener\">mawuartgallery@gmail.com<\/a>\u00a0D\u00e8s r\u00e9ception de votre demande, nous vous ferons parvenir une ou plusieurs vid\u00e9os\/photos selon votre choix.\u00a0<\/em><\/strong><\/p>\n<p>&nbsp;<\/p>\n<p><strong>LIVRAISON GRATUITE POUR TOUTES LES COMMANDES<\/strong><\/p>","protected":false},"featured_media":13966,"comment_status":"open","ping_status":"closed","template":"","meta":{"nf_dc_page":""},"product_brand":[],"product_cat":[112,113,43],"product_tag":[32,34,42],"class_list":{"0":"post-13964","1":"product","2":"type-product","3":"status-publish","4":"has-post-thumbnail","6":"product_cat-acrylic","7":"product_cat-mixed-media","8":"product_cat-paintings","9":"product_tag-art","10":"product_tag-color","11":"product_tag-painting","12":"product_shipping_class-mailing-tube","14":"first","15":"instock","16":"sold-individually","17":"shipping-taxable","18":"purchasable","19":"product-type-simple"},"_links":{"self":[{"href":"https:\/\/mawuartgallery.com\/fr\/wp-json\/wp\/v2\/product\/13964","targetHints":{"allow":["GET"]}}],"collection":[{"href":"https:\/\/mawuartgallery.com\/fr\/wp-json\/wp\/v2\/product"}],"about":[{"href":"https:\/\/mawuartgallery.com\/fr\/wp-json\/wp\/v2\/types\/product"}],"replies":[{"embeddable":true,"href":"https:\/\/mawuartgallery.com\/fr\/wp-json\/wp\/v2\/comments?post=13964"}],"version-history":[{"count":3,"href":"https:\/\/mawuartgallery.com\/fr\/wp-json\/wp\/v2\/product\/13964\/revisions"}],"predecessor-version":[{"id":15759,"href":"https:\/\/mawuartgallery.com\/fr\/wp-json\/wp\/v2\/product\/13964\/revisions\/15759"}],"wp:featuredmedia":[{"embeddable":true,"href":"https:\/\/mawuartgallery.com\/fr\/wp-json\/wp\/v2\/media\/13966"}],"wp:attachment":[{"href":"https:\/\/mawuartgallery.com\/fr\/wp-json\/wp\/v2\/media?parent=13964"}],"wp:term":[{"taxonomy":"product_brand","embeddable":true,"href":"https:\/\/mawuartgallery.com\/fr\/wp-json\/wp\/v2\/product_brand?post=13964"},{"taxonomy":"product_cat","embeddable":true,"href":"https:\/\/mawuartgallery.com\/fr\/wp-json\/wp\/v2\/product_cat?post=13964"},{"taxonomy":"product_tag","embeddable":true,"href":"https:\/\/mawuartgallery.com\/fr\/wp-json\/wp\/v2\/product_tag?post=13964"}],"curies":[{"name":"wp","href":"https:\/\/api.w.org\/{rel}","templated":true}]}}