{"id":13957,"date":"2025-05-03T15:01:15","date_gmt":"2025-05-03T19:01:15","guid":{"rendered":"https:\/\/mawuartgallery.com\/?post_type=product&#038;p=13957"},"modified":"2025-10-14T08:26:43","modified_gmt":"2025-10-14T12:26:43","slug":"magic-is-the-unknown","status":"publish","type":"product","link":"https:\/\/mawuartgallery.com\/fr\/produit\/magic-is-the-unknown\/","title":{"rendered":"La magie, c'est l'inconnu"},"content":{"rendered":"<p class=\"\" data-start=\"153\" data-end=\"498\"><em data-start=\"153\" data-end=\"177\">\u00ab La magie, c'est l'inconnu \u00bb<\/em> explore notre relation avec l'incertitude et l'inconnu. Si nous craignons souvent ce que nous ne comprenons pas, c'est pourtant dans l'inconnu que l'imagination, la perspicacit\u00e9 et la profondeur \u00e9motionnelle sont les plus vivantes. Cette \u0153uvre invite les spectateurs \u00e0 reconsid\u00e9rer les espaces, tant externes qu'internes, qui d\u00e9passent leur compr\u00e9hension actuelle.<\/p>\n<p>&nbsp;<\/p>\n<p class=\"\" data-start=\"500\" data-end=\"907\">La notion <em data-start=\"512\" data-end=\"519\">de lieu<\/em> dans la peinture ne renvoie pas seulement \u00e0 des espaces physiques ou \u00e0 des emplacements g\u00e9ographiques, mais aussi aux paysages du subconscient.<\/p>\n<p>En nous engageant avec ce qui est <em data-start=\"670\" data-end=\"677\">diff\u00e9rent<\/em>\u2013 qu'il s'agisse d'une autre culture ou d'une partie cach\u00e9e de nous-m\u00eames \u2013 nous ouvrons la porte \u00e0 la croissance, \u00e0 l'empathie et \u00e0 une exp\u00e9rience plus riche de la vie. Cet article est une r\u00e9flexion sur la curiosit\u00e9, la transformation et le pouvoir discret d'accepter l'inconnu.<\/p>","protected":false},"excerpt":{"rendered":"<h6><strong>Artiste : <span style=\"color: #0000ff;\"><a style=\"color: #0000ff;\" href=\"https:\/\/mawuartgallery.com\/fr\/portfolio-item\/ngendo-kinyanjui\/\">NGENDO KINYANJUI<\/a><\/span><\/strong><\/h6>\n<p>Acrylique et <span class=\"NormalTextRun SCXW146048154 BCX0\">m\u00e9dias mixtes sur toile<\/span><br \/>\n(32 x 26 in. \/ 81 x 66 cm)<br \/>\nCr\u00e9\u00e9e en 2023<\/p>\n<p><em>Cet article est soigneusement enroul\u00e9 et exp\u00e9di\u00e9 dans un tube d'exp\u00e9dition afin de garantir une livraison en toute s\u00e9curit\u00e9.<\/em><\/p>\n<p>&nbsp;<\/p>\n<p><strong><em>Pour nous assurer que l'\u0153uvre r\u00e9pond \u00e0 vos attentes, nous serions ravis de vous en fournir une vid\u00e9o en haute d\u00e9finition accompagn\u00e9e des commentaires de l'artiste, avant que vous ne proc\u00e9diez \u00e0 l'achat. Pour ce faire, il vous suffit de communiquer avec nous par courriel \u00e0 <a rel=\"noopener\">mawuartgallery@gmail.com<\/a> D\u00e8s r\u00e9ception de votre demande, nous vous ferons parvenir une ou plusieurs vid\u00e9os\/photos selon votre choix.\u00a0<\/em><\/strong><\/p>\n<p>&nbsp;<\/p>\n<p><strong>LIVRAISON GRATUITE POUR TOUTES LES COMMANDES<\/strong><\/p>","protected":false},"featured_media":13959,"comment_status":"open","ping_status":"closed","template":"","meta":{"nf_dc_page":""},"product_brand":[],"product_cat":[112,113,43],"product_tag":[32,34,42],"class_list":{"0":"post-13957","1":"product","2":"type-product","3":"status-publish","4":"has-post-thumbnail","6":"product_cat-acrylic","7":"product_cat-mixed-media","8":"product_cat-paintings","9":"product_tag-art","10":"product_tag-color","11":"product_tag-painting","12":"product_shipping_class-mailing-tube","14":"first","15":"instock","16":"sold-individually","17":"shipping-taxable","18":"purchasable","19":"product-type-simple"},"_links":{"self":[{"href":"https:\/\/mawuartgallery.com\/fr\/wp-json\/wp\/v2\/product\/13957","targetHints":{"allow":["GET"]}}],"collection":[{"href":"https:\/\/mawuartgallery.com\/fr\/wp-json\/wp\/v2\/product"}],"about":[{"href":"https:\/\/mawuartgallery.com\/fr\/wp-json\/wp\/v2\/types\/product"}],"replies":[{"embeddable":true,"href":"https:\/\/mawuartgallery.com\/fr\/wp-json\/wp\/v2\/comments?post=13957"}],"version-history":[{"count":3,"href":"https:\/\/mawuartgallery.com\/fr\/wp-json\/wp\/v2\/product\/13957\/revisions"}],"predecessor-version":[{"id":15743,"href":"https:\/\/mawuartgallery.com\/fr\/wp-json\/wp\/v2\/product\/13957\/revisions\/15743"}],"wp:featuredmedia":[{"embeddable":true,"href":"https:\/\/mawuartgallery.com\/fr\/wp-json\/wp\/v2\/media\/13959"}],"wp:attachment":[{"href":"https:\/\/mawuartgallery.com\/fr\/wp-json\/wp\/v2\/media?parent=13957"}],"wp:term":[{"taxonomy":"product_brand","embeddable":true,"href":"https:\/\/mawuartgallery.com\/fr\/wp-json\/wp\/v2\/product_brand?post=13957"},{"taxonomy":"product_cat","embeddable":true,"href":"https:\/\/mawuartgallery.com\/fr\/wp-json\/wp\/v2\/product_cat?post=13957"},{"taxonomy":"product_tag","embeddable":true,"href":"https:\/\/mawuartgallery.com\/fr\/wp-json\/wp\/v2\/product_tag?post=13957"}],"curies":[{"name":"wp","href":"https:\/\/api.w.org\/{rel}","templated":true}]}}