{"id":13946,"date":"2025-05-03T15:00:37","date_gmt":"2025-05-03T19:00:37","guid":{"rendered":"https:\/\/mawuartgallery.com\/?post_type=product&#038;p=13946"},"modified":"2025-10-14T08:45:21","modified_gmt":"2025-10-14T12:45:21","slug":"hidden-pathways","status":"publish","type":"product","link":"https:\/\/mawuartgallery.com\/fr\/produit\/hidden-pathways\/","title":{"rendered":"Sentiers secrets"},"content":{"rendered":"<p>Sentiers secrets s'inspire du frisson de l'exploration, tant \u00e0 l'\u00e9chelle personnelle qu'\u00e0 l'\u00e9chelle mondiale, \u00e0 travers la vaste mosa\u00efque des cultures d'Afrique et d'ailleurs.<\/p>","protected":false},"excerpt":{"rendered":"<h6><strong>Artiste : <span style=\"color: #0000ff;\"><a style=\"color: #0000ff;\" href=\"https:\/\/mawuartgallery.com\/fr\/portfolio-item\/ngendo-kinyanjui\/\">NGENDO KINYANJUI<\/a><\/span><\/strong><\/h6>\n<p class=\"translation-block\">Acrylique et <span class=\"NormalTextRun SCXW146048154 BCX0\">m\u00e9dias mixtes <\/span><span class=\"SpellingError SCXW146048154 BCX0\"><\/span><span class=\"NormalTextRun SCXW146048154 BCX0\"> sur <\/span><span class=\"SpellingError SCXW146048154 BCX0\">panneau<\/span><span class=\"NormalTextRun SCXW146048154 BCX0\"> de bois<\/span><span class=\"NormalTextRun SCXW146048154 BCX0\"><\/span><br>\n( 81 x 71 cm \/ 32 x 28 po)<br>\nCr\u00e9\u00e9e en 2023<\/p>\n<p>&nbsp;<\/p>\n<p><em>Cet article est exp\u00e9di\u00e9 dans une bo\u00eete en carton.<\/em><\/p>\n<p>&nbsp;<\/p>\n<p><strong><em>Pour nous assurer que l'\u0153uvre r\u00e9pond \u00e0 vos attentes, nous serions ravis de vous en fournir une vid\u00e9o en haute d\u00e9finition accompagn\u00e9e des commentaires de l'artiste, avant que vous ne proc\u00e9diez \u00e0 l'achat. Pour ce faire, il vous suffit de communiquer avec nous par courriel \u00e0 <a rel=\"noopener\">mawuartgallery@gmail.com<\/a> D\u00e8s r\u00e9ception de votre demande, nous vous ferons parvenir une ou plusieurs vid\u00e9os\/photos selon votre choix.\u00a0<\/em><\/strong><\/p>\n<p>&nbsp;<\/p>\n<p><strong>LIVRAISON GRATUITE POUR TOUTES LES COMMANDES<\/strong><\/p>","protected":false},"featured_media":13949,"comment_status":"open","ping_status":"closed","template":"","meta":{"nf_dc_page":""},"product_brand":[],"product_cat":[112,113,43],"product_tag":[32,34,42],"class_list":{"0":"post-13946","1":"product","2":"type-product","3":"status-publish","4":"has-post-thumbnail","6":"product_cat-acrylic","7":"product_cat-mixed-media","8":"product_cat-paintings","9":"product_tag-art","10":"product_tag-color","11":"product_tag-painting","12":"product_shipping_class-mailing-tube","14":"first","15":"instock","16":"sold-individually","17":"shipping-taxable","18":"purchasable","19":"product-type-simple"},"_links":{"self":[{"href":"https:\/\/mawuartgallery.com\/fr\/wp-json\/wp\/v2\/product\/13946","targetHints":{"allow":["GET"]}}],"collection":[{"href":"https:\/\/mawuartgallery.com\/fr\/wp-json\/wp\/v2\/product"}],"about":[{"href":"https:\/\/mawuartgallery.com\/fr\/wp-json\/wp\/v2\/types\/product"}],"replies":[{"embeddable":true,"href":"https:\/\/mawuartgallery.com\/fr\/wp-json\/wp\/v2\/comments?post=13946"}],"version-history":[{"count":3,"href":"https:\/\/mawuartgallery.com\/fr\/wp-json\/wp\/v2\/product\/13946\/revisions"}],"predecessor-version":[{"id":15747,"href":"https:\/\/mawuartgallery.com\/fr\/wp-json\/wp\/v2\/product\/13946\/revisions\/15747"}],"wp:featuredmedia":[{"embeddable":true,"href":"https:\/\/mawuartgallery.com\/fr\/wp-json\/wp\/v2\/media\/13949"}],"wp:attachment":[{"href":"https:\/\/mawuartgallery.com\/fr\/wp-json\/wp\/v2\/media?parent=13946"}],"wp:term":[{"taxonomy":"product_brand","embeddable":true,"href":"https:\/\/mawuartgallery.com\/fr\/wp-json\/wp\/v2\/product_brand?post=13946"},{"taxonomy":"product_cat","embeddable":true,"href":"https:\/\/mawuartgallery.com\/fr\/wp-json\/wp\/v2\/product_cat?post=13946"},{"taxonomy":"product_tag","embeddable":true,"href":"https:\/\/mawuartgallery.com\/fr\/wp-json\/wp\/v2\/product_tag?post=13946"}],"curies":[{"name":"wp","href":"https:\/\/api.w.org\/{rel}","templated":true}]}}