{"id":13938,"date":"2025-05-03T15:00:01","date_gmt":"2025-05-03T19:00:01","guid":{"rendered":"https:\/\/mawuartgallery.com\/?post_type=product&#038;p=13938"},"modified":"2025-10-14T08:46:12","modified_gmt":"2025-10-14T12:46:12","slug":"the-big-picture-is-the-small","status":"publish","type":"product","link":"https:\/\/mawuartgallery.com\/fr\/produit\/the-big-picture-is-the-small\/","title":{"rendered":"L\u2019infime contient le tout"},"content":{"rendered":"<div><span style=\"color: #444444;\">L'<em>\u00ab infime contient le tout \u00bb<\/em>explore l'interaction profonde entre l'immensit\u00e9 et l'infime, illustrant comment notre interconnexion transcende l'\u00e9chelle.\u00a0<\/span><\/div>\n<p>&nbsp;<\/p>\n<div><span style=\"color: #444444;\">Des \u00e9cosyst\u00e8mes aux interactions humaines, ce qui se passe \u00e0 un endroit peut avoir des r\u00e9percussions \u00e0 travers l'espace et le temps, affectant la vie ailleurs d'une mani\u00e8re que nous ne voyons pas toujours. En jouant avec les \u00e9chelles, cette \u0153uvre r\u00e9fl\u00e9chit \u00e0 la mani\u00e8re dont la perspective fa\u00e7onne notre compr\u00e9hension du monde, nous encourageant \u00e0 regarder de plus pr\u00e8s et \u00e0 voir plus grand en m\u00eame temps.<\/span><\/div>","protected":false},"excerpt":{"rendered":"<h6><strong>Artiste : <span style=\"color: #0000ff;\"><a style=\"color: #0000ff;\" href=\"https:\/\/mawuartgallery.com\/fr\/portfolio-item\/ngendo-kinyanjui\/\">NGENDO KINYANJUI<\/a><\/span><\/strong><\/h6>\n<p>Acylique et m\u00e9dias mixtes sur toile<br \/>\n(26 x 26 in. \/ 66 x 66 cm)<br \/>\nCr\u00e9\u00e9e en 2024<\/p>\n<p>&nbsp;<\/p>\n<p><em>Cet article est soigneusement enroul\u00e9 et exp\u00e9di\u00e9 dans un tube d'exp\u00e9dition afin de garantir une livraison en toute s\u00e9curit\u00e9.<\/em><\/p>\n<p>&nbsp;<\/p>\n<p><strong><em>Pour nous assurer que l'\u0153uvre r\u00e9pond \u00e0 vos attentes, nous serions ravis de vous en fournir une vid\u00e9o en haute d\u00e9finition accompagn\u00e9e des commentaires de l'artiste, avant que vous ne proc\u00e9diez \u00e0 l'achat. Pour ce faire, il vous suffit de communiquer avec nous par courriel \u00e0 <a rel=\"noopener\">mawuartgallery@gmail.com<\/a> D\u00e8s r\u00e9ception de votre demande, nous vous ferons parvenir une ou plusieurs vid\u00e9os\/photos selon votre choix.\u00a0<\/em><\/strong><\/p>\n<p>&nbsp;<\/p>\n<p><strong>LIVRAISON GRATUITE POUR TOUTES LES COMMANDES<\/strong><\/p>","protected":false},"featured_media":13943,"comment_status":"open","ping_status":"closed","template":"","meta":{"nf_dc_page":""},"product_brand":[],"product_cat":[112,113,43],"product_tag":[32,34,42],"class_list":{"0":"post-13938","1":"product","2":"type-product","3":"status-publish","4":"has-post-thumbnail","6":"product_cat-acrylic","7":"product_cat-mixed-media","8":"product_cat-paintings","9":"product_tag-art","10":"product_tag-color","11":"product_tag-painting","12":"product_shipping_class-mailing-tube","14":"first","15":"instock","16":"sold-individually","17":"shipping-taxable","18":"purchasable","19":"product-type-simple"},"_links":{"self":[{"href":"https:\/\/mawuartgallery.com\/fr\/wp-json\/wp\/v2\/product\/13938","targetHints":{"allow":["GET"]}}],"collection":[{"href":"https:\/\/mawuartgallery.com\/fr\/wp-json\/wp\/v2\/product"}],"about":[{"href":"https:\/\/mawuartgallery.com\/fr\/wp-json\/wp\/v2\/types\/product"}],"replies":[{"embeddable":true,"href":"https:\/\/mawuartgallery.com\/fr\/wp-json\/wp\/v2\/comments?post=13938"}],"version-history":[{"count":3,"href":"https:\/\/mawuartgallery.com\/fr\/wp-json\/wp\/v2\/product\/13938\/revisions"}],"predecessor-version":[{"id":16122,"href":"https:\/\/mawuartgallery.com\/fr\/wp-json\/wp\/v2\/product\/13938\/revisions\/16122"}],"wp:featuredmedia":[{"embeddable":true,"href":"https:\/\/mawuartgallery.com\/fr\/wp-json\/wp\/v2\/media\/13943"}],"wp:attachment":[{"href":"https:\/\/mawuartgallery.com\/fr\/wp-json\/wp\/v2\/media?parent=13938"}],"wp:term":[{"taxonomy":"product_brand","embeddable":true,"href":"https:\/\/mawuartgallery.com\/fr\/wp-json\/wp\/v2\/product_brand?post=13938"},{"taxonomy":"product_cat","embeddable":true,"href":"https:\/\/mawuartgallery.com\/fr\/wp-json\/wp\/v2\/product_cat?post=13938"},{"taxonomy":"product_tag","embeddable":true,"href":"https:\/\/mawuartgallery.com\/fr\/wp-json\/wp\/v2\/product_tag?post=13938"}],"curies":[{"name":"wp","href":"https:\/\/api.w.org\/{rel}","templated":true}]}}