{"id":13932,"date":"2025-05-03T14:59:06","date_gmt":"2025-05-03T18:59:06","guid":{"rendered":"https:\/\/mawuartgallery.com\/?post_type=product&#038;p=13932"},"modified":"2025-10-14T08:47:08","modified_gmt":"2025-10-14T12:47:08","slug":"nourish","status":"publish","type":"product","link":"https:\/\/mawuartgallery.com\/fr\/produit\/nourish\/","title":{"rendered":"Nourrir"},"content":{"rendered":"<p class=\"\" data-start=\"159\" data-end=\"437\">En r\u00e9ponse \u00e0 l'intensit\u00e9 de la vie moderne, <em>Nourrir<\/em> offre un moment de retraite et de renouveau. La silhouette allong\u00e9e, les yeux ferm\u00e9s et entour\u00e9e d'une v\u00e9g\u00e9tation luxuriante, se fond dans la nature, sugg\u00e9rant un lien profond et r\u00e9parateur entre le corps, l'esprit et l'environnement.<\/p>\n<p>&nbsp;<\/p>\n<p class=\"\" data-start=\"439\" data-end=\"696\">Rendu dans des tons jaunes chauds, le paysage rayonne de la douce \u00e9nergie du soleil, \u00e9voquant le confort et la s\u00e9r\u00e9nit\u00e9. Des feuilles de ginkgo s'entrem\u00ealent dans la composition, symbolisant la gu\u00e9rison et la r\u00e9silience, et nous rappelant le pouvoir durable de la nature \u00e0 r\u00e9tablir l'\u00e9quilibre.<\/p>","protected":false},"excerpt":{"rendered":"<h6><strong>Artiste : <span style=\"color: #0000ff;\"><a style=\"color: #0000ff;\" href=\"https:\/\/mawuartgallery.com\/fr\/portfolio-item\/ngendo-kinyanjui\/\">NGENDO KINYANJUI<\/a><\/span><\/strong><\/h6>\n<p>Acrylic and gold leaf on canvas<br \/>\n(30 x 26 in. \/ 76 x 66 cm)<br \/>\nCr\u00e9\u00e9e en 2024<\/p>\n<p>&nbsp;<\/p>\n<p><em>Cet article est soigneusement enroul\u00e9 et exp\u00e9di\u00e9 dans un tube d'exp\u00e9dition afin de garantir une livraison en toute s\u00e9curit\u00e9.<\/em><\/p>\n<p>&nbsp;<\/p>\n<p><strong><em>Pour nous assurer que l'\u0153uvre r\u00e9pond \u00e0 vos attentes, nous serions ravis de vous en fournir une vid\u00e9o en haute d\u00e9finition accompagn\u00e9e des commentaires de l'artiste, avant que vous ne proc\u00e9diez \u00e0 l'achat. Pour ce faire, il vous suffit de communiquer avec nous par courriel \u00e0 <a rel=\"noopener\">mawuartgallery@gmail.com<\/a> D\u00e8s r\u00e9ception de votre demande, nous vous ferons parvenir une ou plusieurs vid\u00e9os\/photos selon votre choix.\u00a0<\/em><\/strong><\/p>\n<p>&nbsp;<\/p>\n<p><strong>LIVRAISON GRATUITE POUR TOUTES LES COMMANDES<\/strong><\/p>","protected":false},"featured_media":13935,"comment_status":"open","ping_status":"closed","template":"","meta":{"nf_dc_page":""},"product_brand":[],"product_cat":[112,135,113,43],"product_tag":[32,34,42],"class_list":{"0":"post-13932","1":"product","2":"type-product","3":"status-publish","4":"has-post-thumbnail","6":"product_cat-acrylic","7":"product_cat-gold-leaf","8":"product_cat-mixed-media","9":"product_cat-paintings","10":"product_tag-art","11":"product_tag-color","12":"product_tag-painting","13":"product_shipping_class-mailing-tube","15":"first","16":"instock","17":"sold-individually","18":"shipping-taxable","19":"purchasable","20":"product-type-simple"},"_links":{"self":[{"href":"https:\/\/mawuartgallery.com\/fr\/wp-json\/wp\/v2\/product\/13932","targetHints":{"allow":["GET"]}}],"collection":[{"href":"https:\/\/mawuartgallery.com\/fr\/wp-json\/wp\/v2\/product"}],"about":[{"href":"https:\/\/mawuartgallery.com\/fr\/wp-json\/wp\/v2\/types\/product"}],"replies":[{"embeddable":true,"href":"https:\/\/mawuartgallery.com\/fr\/wp-json\/wp\/v2\/comments?post=13932"}],"version-history":[{"count":2,"href":"https:\/\/mawuartgallery.com\/fr\/wp-json\/wp\/v2\/product\/13932\/revisions"}],"predecessor-version":[{"id":16123,"href":"https:\/\/mawuartgallery.com\/fr\/wp-json\/wp\/v2\/product\/13932\/revisions\/16123"}],"wp:featuredmedia":[{"embeddable":true,"href":"https:\/\/mawuartgallery.com\/fr\/wp-json\/wp\/v2\/media\/13935"}],"wp:attachment":[{"href":"https:\/\/mawuartgallery.com\/fr\/wp-json\/wp\/v2\/media?parent=13932"}],"wp:term":[{"taxonomy":"product_brand","embeddable":true,"href":"https:\/\/mawuartgallery.com\/fr\/wp-json\/wp\/v2\/product_brand?post=13932"},{"taxonomy":"product_cat","embeddable":true,"href":"https:\/\/mawuartgallery.com\/fr\/wp-json\/wp\/v2\/product_cat?post=13932"},{"taxonomy":"product_tag","embeddable":true,"href":"https:\/\/mawuartgallery.com\/fr\/wp-json\/wp\/v2\/product_tag?post=13932"}],"curies":[{"name":"wp","href":"https:\/\/api.w.org\/{rel}","templated":true}]}}