{"id":13924,"date":"2025-05-03T14:57:56","date_gmt":"2025-05-03T18:57:56","guid":{"rendered":"https:\/\/mawuartgallery.com\/?post_type=product&#038;p=13924"},"modified":"2025-10-14T08:51:31","modified_gmt":"2025-10-14T12:51:31","slug":"sussin","status":"publish","type":"product","link":"https:\/\/mawuartgallery.com\/fr\/produit\/sussin\/","title":{"rendered":"Petits potins"},"content":{"rendered":"<p class=\"\" data-start=\"171\" data-end=\"510\"><em>Petits potins<\/em> trouve ses racines dans l'alchimie douce mais puissante des liens qui nous unissent, ces \u00e9changes intimes et \u00e9ph\u00e9m\u00e8res que nous partageons avec d'autres dans des lieux \u00e9loign\u00e9s de nos origines. Le titre vient du patois jama\u00efcain et signifie \u00ab comm\u00e9rer \u00bb ou \u00ab partager des secrets \u00bb, une sorte d'\u00e9change l\u00e9ger et complice d'histoires, de rires et de d\u00e9tails du quotidien.<\/p>\n<p>&nbsp;<\/p>\n<p class=\"\" data-start=\"512\" data-end=\"810\">Cette peinture se situe entre le souvenir et le r\u00eave, inspir\u00e9e par des moments \u00e0 la fois familiers et \u00e9trangers. Elle s'inspire de la chaleur \u00e9touffante et du calme des apr\u00e8s-midis de mon enfance pass\u00e9s sur la pelouse de la maison familiale, du rythme des journ\u00e9es d'\u00e9t\u00e9 sur l'\u00eele de Toronto et de l'\u00e9nergie kal\u00e9idoscopique des nuits de la f\u00eate nationale du Canada.<\/p>\n<p>&nbsp;<\/p>\n<p class=\"\" data-start=\"812\" data-end=\"1138\"><em><strong data-start=\"812\" data-end=\"822\">Petits potins<\/strong><\/em> refl\u00e8te la mani\u00e8re dont chaque rencontre, en particulier celles qui ont lieu dans des lieux inconnus, s'int\u00e8gre dans le tissu de notre identit\u00e9. Ces moments interculturels profond\u00e9ment humains nous enrichissent. Gr\u00e2ce \u00e0 la chaleur humaine, aux conversations et \u00e0 la pr\u00e9sence, nous emportons avec nous des fragments d'autres personnes et d'autres lieux, tissant ainsi une tapisserie d'exp\u00e9riences riche et en constante \u00e9volution.<\/p>","protected":false},"excerpt":{"rendered":"<h6><strong>Artiste : <span style=\"color: #0000ff;\"><a style=\"color: #0000ff;\" href=\"https:\/\/mawuartgallery.com\/fr\/portfolio-item\/ngendo-kinyanjui\/\">NGENDO KINYANJUI<\/a><\/span><\/strong><\/h6>\n<p>Acylique et m\u00e9dias mixtes sur toile<br \/>\n(35 x 35 in. \/ 88 x 88 cm)<br \/>\nCr\u00e9\u00e9e en 2025<\/p>\n<p>&nbsp;<\/p>\n<p><em>Cet article est soigneusement enroul\u00e9 et exp\u00e9di\u00e9 dans un tube d'exp\u00e9dition afin de garantir une livraison en toute s\u00e9curit\u00e9.<\/em><\/p>\n<p>&nbsp;<\/p>\n<p><strong><em>Pour nous assurer que l'\u0153uvre r\u00e9pond \u00e0 vos attentes, nous serions ravis de vous en fournir une vid\u00e9o en haute d\u00e9finition accompagn\u00e9e des commentaires de l'artiste, avant que vous ne proc\u00e9diez \u00e0 l'achat. Pour ce faire, il vous suffit de communiquer avec nous par courriel \u00e0 <a rel=\"noopener\">mawuartgallery@gmail.com<\/a> D\u00e8s r\u00e9ception de votre demande, nous vous ferons parvenir une ou plusieurs vid\u00e9os\/photos selon votre choix.\u00a0<\/em><\/strong><\/p>\n<p>&nbsp;<\/p>\n<p><strong>LIVRAISON GRATUITE POUR TOUTES LES COMMANDES<\/strong><\/p>","protected":false},"featured_media":13931,"comment_status":"open","ping_status":"closed","template":"","meta":{"nf_dc_page":""},"product_brand":[],"product_cat":[112,113,43],"product_tag":[32,34,42],"class_list":{"0":"post-13924","1":"product","2":"type-product","3":"status-publish","4":"has-post-thumbnail","6":"product_cat-acrylic","7":"product_cat-mixed-media","8":"product_cat-paintings","9":"product_tag-art","10":"product_tag-color","11":"product_tag-painting","12":"product_shipping_class-mailing-tube","14":"first","15":"instock","16":"sold-individually","17":"shipping-taxable","18":"purchasable","19":"product-type-simple"},"_links":{"self":[{"href":"https:\/\/mawuartgallery.com\/fr\/wp-json\/wp\/v2\/product\/13924","targetHints":{"allow":["GET"]}}],"collection":[{"href":"https:\/\/mawuartgallery.com\/fr\/wp-json\/wp\/v2\/product"}],"about":[{"href":"https:\/\/mawuartgallery.com\/fr\/wp-json\/wp\/v2\/types\/product"}],"replies":[{"embeddable":true,"href":"https:\/\/mawuartgallery.com\/fr\/wp-json\/wp\/v2\/comments?post=13924"}],"version-history":[{"count":3,"href":"https:\/\/mawuartgallery.com\/fr\/wp-json\/wp\/v2\/product\/13924\/revisions"}],"predecessor-version":[{"id":16124,"href":"https:\/\/mawuartgallery.com\/fr\/wp-json\/wp\/v2\/product\/13924\/revisions\/16124"}],"wp:featuredmedia":[{"embeddable":true,"href":"https:\/\/mawuartgallery.com\/fr\/wp-json\/wp\/v2\/media\/13931"}],"wp:attachment":[{"href":"https:\/\/mawuartgallery.com\/fr\/wp-json\/wp\/v2\/media?parent=13924"}],"wp:term":[{"taxonomy":"product_brand","embeddable":true,"href":"https:\/\/mawuartgallery.com\/fr\/wp-json\/wp\/v2\/product_brand?post=13924"},{"taxonomy":"product_cat","embeddable":true,"href":"https:\/\/mawuartgallery.com\/fr\/wp-json\/wp\/v2\/product_cat?post=13924"},{"taxonomy":"product_tag","embeddable":true,"href":"https:\/\/mawuartgallery.com\/fr\/wp-json\/wp\/v2\/product_tag?post=13924"}],"curies":[{"name":"wp","href":"https:\/\/api.w.org\/{rel}","templated":true}]}}