{"id":13915,"date":"2025-05-03T14:57:20","date_gmt":"2025-05-03T18:57:20","guid":{"rendered":"https:\/\/mawuartgallery.com\/?post_type=product&#038;p=13915"},"modified":"2025-10-14T08:52:23","modified_gmt":"2025-10-14T12:52:23","slug":"first-supper","status":"publish","type":"product","link":"https:\/\/mawuartgallery.com\/fr\/produit\/first-supper\/","title":{"rendered":"Premier repas"},"content":{"rendered":"<p class=\"\" data-start=\"189\" data-end=\"604\"><em>Premier repas<\/em> revient \u00e0 la forme famili\u00e8re d'une image bien connue pour sugg\u00e9rer un autre type de commencement, qui ne cherche pas \u00e0 remplacer, mais \u00e0 \u00e9largir le cadre de la perception.<\/p>\n<p class=\"\" data-start=\"189\" data-end=\"604\"><br data-start=\"372\" data-end=\"375\" \/>S'inspirant librement d'un r\u00e9cit cr\u00e9ateur kikuyu, l'\u0153uvre m\u00eale mythe, m\u00e9moire personnelle et mati\u00e8re pour r\u00e9fl\u00e9chir \u00e0 la mani\u00e8re dont la culture est en perp\u00e9tuel mouvement, fa\u00e7onn\u00e9e par ce dont nous h\u00e9ritons, ce que nous rencontrons et ce que nous imaginons.<\/p>\n<p>&nbsp;<\/p>\n<p class=\"\" data-start=\"606\" data-end=\"1141\">Situ\u00e9e dans un espace liminal et c\u00e9leste o\u00f9 le terrestre et le divin se croisent, elle r\u00e9siste \u00e0 une narration statique. Au contraire, elle offre un tableau vivant, une sc\u00e8ne familiale dynamique centr\u00e9e sur les femmes, avec Agikuyu et Mumbi (le patriarche et la matriarche) et leurs neuf filles qui ne pr\u00e9sident pas en tant qu'ic\u00f4nes, mais en tant que personnalit\u00e9s vibrantes et riches. Le b\u00e9b\u00e9 qui tire joyeusement sur la nappe nous invite \u00e0 voir le sacr\u00e9 \u00e0 travers le prisme du quotidien : plein d'humour, de chaleur et de mouvement. La sc\u00e8ne illustre un rite vivant d'inscription culturelle.<\/p>\n<p>&nbsp;<\/p>\n<p class=\"\" data-start=\"1143\" data-end=\"1690\">Au c\u0153ur de la composition, la table \u00e0 manger sert de surface commune de convergence culturelle, charg\u00e9e d'aliments \u00e0 la fois ancestraux et internationaux, o\u00f9 le chevreau r\u00f4ti c\u00f4toie tranquillement la restauration rapide. Il n'y a pas ici de hi\u00e9rarchie, seulement une simultan\u00e9it\u00e9 stratifi\u00e9e o\u00f9 coexistent traditions, rituels emprunt\u00e9s, go\u00fbts modernes et produits commerciaux (comme CorningWare). Les mat\u00e9riaux r\u00e9els et peints \u2013 dentelle, Ankara, lampes \u00e0 huile de l'\u00e9poque coloniale et lanternes arabes \u2013 \u00e9voquent les fa\u00e7ons plurielles, souvent contradictoires, dont la culture est absorb\u00e9e, h\u00e9rit\u00e9e ou imagin\u00e9e.<\/p>\n<p>&nbsp;<\/p>\n<p class=\"\" data-start=\"1692\" data-end=\"2074\">Les \u00e9l\u00e9ments surnaturels \u2013 tels que les champignons g\u00e9ants, les monticules \u00e9tranges et les effigies masqu\u00e9es \u2013 \u00e9voquent m\u00e9taphoriquement des racines invisibles et des transmissions silencieuses : des liens connectifs. En embrassant ces multiplicit\u00e9s, <em data-start=\"1899\" data-end=\"1913\">Premier repas<\/em> offre une vision de la culture non pas comme un point fixe, mais comme une archive vivante et en constante \u00e9volution, profond\u00e9ment personnelle, mais inextricablement li\u00e9e au monde et \u00e0 l'invisible.<\/p>\n<p>&nbsp;<\/p>\n<p class=\"\" data-start=\"2076\" data-end=\"2181\">Dans cette simultan\u00e9it\u00e9 de contradictions, nous trouvons quelque chose qui se rapproche d'un point de vue qui nous semble plus familier.<\/p>","protected":false},"excerpt":{"rendered":"<h6><strong>Artiste : <span style=\"color: #0000ff;\"><a style=\"color: #0000ff;\" href=\"https:\/\/mawuartgallery.com\/fr\/portfolio-item\/ngendo-kinyanjui\/\">NGENDO KINYANJUI<\/a><\/span><\/strong><\/h6>\n<p>Acylique et m\u00e9dias mixtes sur toile<br \/>\n(182 x 121 cm \/ 72 x 48 po)<br \/>\nCr\u00e9\u00e9e en 2025<\/p>\n<p>&nbsp;<\/p>\n<p><em>Cet article est soigneusement enroul\u00e9 et exp\u00e9di\u00e9 dans un tube d'exp\u00e9dition afin de garantir une livraison en toute s\u00e9curit\u00e9.<\/em><\/p>\n<p>&nbsp;<\/p>\n<p><strong><em>Pour nous assurer que l'\u0153uvre r\u00e9pond \u00e0 vos attentes, nous serions ravis de vous en fournir une vid\u00e9o en haute d\u00e9finition accompagn\u00e9e des commentaires de l'artiste, avant que vous ne proc\u00e9diez \u00e0 l'achat. Pour ce faire, il vous suffit de communiquer avec nous par courriel \u00e0 <a rel=\"noopener\">mawuartgallery@gmail.com<\/a> D\u00e8s r\u00e9ception de votre demande, nous vous ferons parvenir une ou plusieurs vid\u00e9os\/photos selon votre choix.\u00a0<\/em><\/strong><\/p>\n<p>&nbsp;<\/p>\n<p><strong>LIVRAISON GRATUITE POUR TOUTES LES COMMANDES<\/strong><\/p>","protected":false},"featured_media":13918,"comment_status":"open","ping_status":"closed","template":"","meta":{"nf_dc_page":""},"product_brand":[],"product_cat":[112,113,43],"product_tag":[32,34,42],"class_list":{"0":"post-13915","1":"product","2":"type-product","3":"status-publish","4":"has-post-thumbnail","6":"product_cat-acrylic","7":"product_cat-mixed-media","8":"product_cat-paintings","9":"product_tag-art","10":"product_tag-color","11":"product_tag-painting","12":"product_shipping_class-mailing-tube","14":"first","15":"instock","16":"sold-individually","17":"shipping-taxable","18":"purchasable","19":"product-type-simple"},"_links":{"self":[{"href":"https:\/\/mawuartgallery.com\/fr\/wp-json\/wp\/v2\/product\/13915","targetHints":{"allow":["GET"]}}],"collection":[{"href":"https:\/\/mawuartgallery.com\/fr\/wp-json\/wp\/v2\/product"}],"about":[{"href":"https:\/\/mawuartgallery.com\/fr\/wp-json\/wp\/v2\/types\/product"}],"replies":[{"embeddable":true,"href":"https:\/\/mawuartgallery.com\/fr\/wp-json\/wp\/v2\/comments?post=13915"}],"version-history":[{"count":3,"href":"https:\/\/mawuartgallery.com\/fr\/wp-json\/wp\/v2\/product\/13915\/revisions"}],"predecessor-version":[{"id":16126,"href":"https:\/\/mawuartgallery.com\/fr\/wp-json\/wp\/v2\/product\/13915\/revisions\/16126"}],"wp:featuredmedia":[{"embeddable":true,"href":"https:\/\/mawuartgallery.com\/fr\/wp-json\/wp\/v2\/media\/13918"}],"wp:attachment":[{"href":"https:\/\/mawuartgallery.com\/fr\/wp-json\/wp\/v2\/media?parent=13915"}],"wp:term":[{"taxonomy":"product_brand","embeddable":true,"href":"https:\/\/mawuartgallery.com\/fr\/wp-json\/wp\/v2\/product_brand?post=13915"},{"taxonomy":"product_cat","embeddable":true,"href":"https:\/\/mawuartgallery.com\/fr\/wp-json\/wp\/v2\/product_cat?post=13915"},{"taxonomy":"product_tag","embeddable":true,"href":"https:\/\/mawuartgallery.com\/fr\/wp-json\/wp\/v2\/product_tag?post=13915"}],"curies":[{"name":"wp","href":"https:\/\/api.w.org\/{rel}","templated":true}]}}