{"id":13905,"date":"2025-05-03T14:56:05","date_gmt":"2025-05-03T18:56:05","guid":{"rendered":"https:\/\/mawuartgallery.com\/?post_type=product&#038;p=13905"},"modified":"2025-10-14T09:04:29","modified_gmt":"2025-10-14T13:04:29","slug":"maitu-every-shade-under-the-sun","status":"publish","type":"product","link":"https:\/\/mawuartgallery.com\/fr\/produit\/maitu-every-shade-under-the-sun\/","title":{"rendered":"Maitu, toutes les nuances sous le soleil"},"content":{"rendered":"<p class=\"\" data-start=\"186\" data-end=\"496\">Ce portrait refl\u00e8te la nature en constante \u00e9volution de l'identit\u00e9. La personnalit\u00e9 n'est pas fig\u00e9e ; elle existe dans un \u00e9tat de formation et de dissolution permanentes, fa\u00e7onn\u00e9e par la m\u00e9moire, l'environnement et les \u00e9motions. L'\u0153uvre capture ce dynamisme \u00e0 travers l'imagerie et la mat\u00e9rialit\u00e9, m\u00ealant le physique \u00e0 l'\u00e9ph\u00e9m\u00e8re.<\/p>\n<p>&nbsp;<\/p>\n<p class=\"\" data-start=\"498\" data-end=\"1065\">\u00c0 sa base, de v\u00e9ritables pelures d'oignon forment des fleurs appliqu\u00e9es, terreuses, tactiles et organiques. Au-dessus, la silhouette d'une femme, peinte \u00e0 l'acrylique, commence \u00e0 se dissoudre sur les bords, son profil se fragmentant en touches picturales de couleur, comme des pixels num\u00e9riques qui se d\u00e9sagr\u00e8gent.<\/p>\n<p>&nbsp;<br \/>\nSon arri\u00e8re-plan est totalement abstrait : une cascade de gestes chromatiques qui sugg\u00e8re non seulement une perte de forme, mais aussi une transformation en quelque chose de nouveau. Dans cette interaction entre r\u00e9alisme et abstraction, le tableau explore la mani\u00e8re dont nous nous maintenons en \u00e9quilibre et, tout aussi souvent, nous laissons devenir autre chose.<\/p>","protected":false},"excerpt":{"rendered":"<h6><strong>Artiste : <span style=\"color: #0000ff;\"><a style=\"color: #0000ff;\" href=\"https:\/\/mawuartgallery.com\/fr\/portfolio-item\/ngendo-kinyanjui\/\">NGENDO KINYANJUI<\/a><\/span><\/strong><\/h6>\n<p>Acylique et m\u00e9dias mixtes sur toile<br \/>\n(60 x 40 in. \/ 152 x 101 cm)<br \/>\nCr\u00e9\u00e9e en 2024<\/p>\n<p>&nbsp;<\/p>\n<p><em>Cet article est soigneusement enroul\u00e9 et exp\u00e9di\u00e9 dans un tube d'exp\u00e9dition afin de garantir une livraison en toute s\u00e9curit\u00e9.<\/em><\/p>\n<p>&nbsp;<\/p>\n<p><strong><em>Pour nous assurer que l'\u0153uvre r\u00e9pond \u00e0 vos attentes, nous serions ravis de vous en fournir une vid\u00e9o en haute d\u00e9finition accompagn\u00e9e des commentaires de l'artiste, avant que vous ne proc\u00e9diez \u00e0 l'achat. Pour ce faire, il vous suffit de communiquer avec nous par courriel \u00e0 <a rel=\"noopener\">mawuartgallery@gmail.com<\/a> D\u00e8s r\u00e9ception de votre demande, nous vous ferons parvenir une ou plusieurs vid\u00e9os\/photos selon votre choix.\u00a0<\/em><\/strong><\/p>\n<p>&nbsp;<\/p>\n<p><strong>LIVRAISON GRATUITE POUR TOUTES LES COMMANDES<\/strong><\/p>","protected":false},"featured_media":13908,"comment_status":"open","ping_status":"closed","template":"","meta":{"nf_dc_page":""},"product_brand":[],"product_cat":[112,113,43],"product_tag":[32,34,42],"class_list":{"0":"post-13905","1":"product","2":"type-product","3":"status-publish","4":"has-post-thumbnail","6":"product_cat-acrylic","7":"product_cat-mixed-media","8":"product_cat-paintings","9":"product_tag-art","10":"product_tag-color","11":"product_tag-painting","12":"product_shipping_class-mailing-tube","14":"first","15":"instock","16":"sold-individually","17":"shipping-taxable","18":"purchasable","19":"product-type-simple"},"_links":{"self":[{"href":"https:\/\/mawuartgallery.com\/fr\/wp-json\/wp\/v2\/product\/13905","targetHints":{"allow":["GET"]}}],"collection":[{"href":"https:\/\/mawuartgallery.com\/fr\/wp-json\/wp\/v2\/product"}],"about":[{"href":"https:\/\/mawuartgallery.com\/fr\/wp-json\/wp\/v2\/types\/product"}],"replies":[{"embeddable":true,"href":"https:\/\/mawuartgallery.com\/fr\/wp-json\/wp\/v2\/comments?post=13905"}],"version-history":[{"count":5,"href":"https:\/\/mawuartgallery.com\/fr\/wp-json\/wp\/v2\/product\/13905\/revisions"}],"predecessor-version":[{"id":16128,"href":"https:\/\/mawuartgallery.com\/fr\/wp-json\/wp\/v2\/product\/13905\/revisions\/16128"}],"wp:featuredmedia":[{"embeddable":true,"href":"https:\/\/mawuartgallery.com\/fr\/wp-json\/wp\/v2\/media\/13908"}],"wp:attachment":[{"href":"https:\/\/mawuartgallery.com\/fr\/wp-json\/wp\/v2\/media?parent=13905"}],"wp:term":[{"taxonomy":"product_brand","embeddable":true,"href":"https:\/\/mawuartgallery.com\/fr\/wp-json\/wp\/v2\/product_brand?post=13905"},{"taxonomy":"product_cat","embeddable":true,"href":"https:\/\/mawuartgallery.com\/fr\/wp-json\/wp\/v2\/product_cat?post=13905"},{"taxonomy":"product_tag","embeddable":true,"href":"https:\/\/mawuartgallery.com\/fr\/wp-json\/wp\/v2\/product_tag?post=13905"}],"curies":[{"name":"wp","href":"https:\/\/api.w.org\/{rel}","templated":true}]}}