{"id":13816,"date":"2025-04-20T12:00:14","date_gmt":"2025-04-20T16:00:14","guid":{"rendered":"https:\/\/mawuartgallery.com\/?post_type=product&#038;p=13816"},"modified":"2026-02-02T10:49:55","modified_gmt":"2026-02-02T14:49:55","slug":"lasgidi-blues","status":"publish","type":"product","link":"https:\/\/mawuartgallery.com\/fr\/produit\/lasgidi-blues\/","title":{"rendered":"Le blues de Lasgidi"},"content":{"rendered":"<p class=\"\" data-start=\"170\" data-end=\"549\">Cette \u0153uvre capture l'essence d'une soir\u00e9e pluvieuse \u00e0 Lagos, affectueusement surnomm\u00e9e \u00ab Lasgidi \u00bb par ses habitants. Avec en toile de fond des immeubles imposants, les c\u00e9l\u00e8bres bus jaunes <em data-start=\"399\" data-end=\"406\">danfo<\/em> glissent sur les routes glissantes et mouill\u00e9es, leurs phares se refl\u00e9tant sur l'asphalte brillant. Des nuances de bleu apaisantes dominent la sc\u00e8ne, symbolisant la s\u00e9r\u00e9nit\u00e9 souvent n\u00e9glig\u00e9e dans le chaos anim\u00e9 de Lagos. Malgr\u00e9 la pluie, la vie dans la ville continue, illustrant la r\u00e9silience et l'esprit de ses habitants.<\/p>","protected":false},"excerpt":{"rendered":"<h6><strong>Artiste : <\/strong><strong><span style=\"color: #0000ff;\"><a style=\"color: #0000ff;\" href=\"https:\/\/mawuartgallery.com\/fr\/portfolio-item\/olaonipekun-samuel-onafuye\/\">OLAONIPEKUN SAMUEL ONAFUYE<\/a><\/span><\/strong><\/h6>\n<p>Acrylique sur toile<br \/>\n(35 x 23 in. \/ 88 x 58 cm)<br \/>\nCr\u00e9\u00e9e en 2024<\/p>\n<p>&nbsp;<\/p>\n<h6>\ud83d\udd04Dans cette ench\u00e8re invers\u00e9e, le prix baisse quotidiennement\ud83d\udcc9. SOYEZ LE 1er ou la 1re \u00e0 atteindre le myst\u00e9rieux prix minimum de l'artiste\ud83c\udfafet l'\u0153uvre\ud83d\uddbc\ufe0f est \u00e0 vous! Ench\u00e9rissez avec audace!<\/h6>\n<p>&nbsp;<\/p>\n<p><strong>LIVRAISON GRATUITE POUR TOUTES LES COMMANDES<\/strong><\/p>","protected":false},"featured_media":13819,"comment_status":"open","ping_status":"closed","template":"","meta":{"nf_dc_page":""},"product_brand":[],"product_cat":[112,43],"product_tag":[32,34,42],"class_list":{"0":"post-13816","1":"product","2":"type-product","3":"status-publish","4":"has-post-thumbnail","6":"product_cat-acrylic","7":"product_cat-paintings","8":"product_tag-art","9":"product_tag-color","10":"product_tag-painting","11":"product_shipping_class-mailing-tube","13":"first","14":"instock","15":"sold-individually","16":"shipping-taxable","17":"purchasable","18":"product-type-auction"},"_links":{"self":[{"href":"https:\/\/mawuartgallery.com\/fr\/wp-json\/wp\/v2\/product\/13816","targetHints":{"allow":["GET"]}}],"collection":[{"href":"https:\/\/mawuartgallery.com\/fr\/wp-json\/wp\/v2\/product"}],"about":[{"href":"https:\/\/mawuartgallery.com\/fr\/wp-json\/wp\/v2\/types\/product"}],"replies":[{"embeddable":true,"href":"https:\/\/mawuartgallery.com\/fr\/wp-json\/wp\/v2\/comments?post=13816"}],"version-history":[{"count":1,"href":"https:\/\/mawuartgallery.com\/fr\/wp-json\/wp\/v2\/product\/13816\/revisions"}],"predecessor-version":[{"id":17546,"href":"https:\/\/mawuartgallery.com\/fr\/wp-json\/wp\/v2\/product\/13816\/revisions\/17546"}],"wp:featuredmedia":[{"embeddable":true,"href":"https:\/\/mawuartgallery.com\/fr\/wp-json\/wp\/v2\/media\/13819"}],"wp:attachment":[{"href":"https:\/\/mawuartgallery.com\/fr\/wp-json\/wp\/v2\/media?parent=13816"}],"wp:term":[{"taxonomy":"product_brand","embeddable":true,"href":"https:\/\/mawuartgallery.com\/fr\/wp-json\/wp\/v2\/product_brand?post=13816"},{"taxonomy":"product_cat","embeddable":true,"href":"https:\/\/mawuartgallery.com\/fr\/wp-json\/wp\/v2\/product_cat?post=13816"},{"taxonomy":"product_tag","embeddable":true,"href":"https:\/\/mawuartgallery.com\/fr\/wp-json\/wp\/v2\/product_tag?post=13816"}],"curies":[{"name":"wp","href":"https:\/\/api.w.org\/{rel}","templated":true}]}}