{"id":13811,"date":"2025-04-20T12:03:07","date_gmt":"2025-04-20T16:03:07","guid":{"rendered":"https:\/\/mawuartgallery.com\/?post_type=product&#038;p=13811"},"modified":"2026-02-02T10:47:37","modified_gmt":"2026-02-02T14:47:37","slug":"ethereal-serenity-a-portrait-of-grace","status":"publish","type":"product","link":"https:\/\/mawuartgallery.com\/fr\/produit\/ethereal-serenity-a-portrait-of-grace\/","title":{"rendered":"S\u00e9r\u00e9nit\u00e9 \u00e9th\u00e9r\u00e9e : un portrait de Gr\u00e2ce"},"content":{"rendered":"<p class=\"\" data-start=\"170\" data-end=\"549\">Dans <em data-start=\"173\" data-end=\"213\">S\u00e9r\u00e9nit\u00e9 \u00e9th\u00e9r\u00e9e : un portrait de Gr\u00e2ce<\/em>, l'artiste capture un moment suspendu entre le physique et le spirituel. Ce portrait transcende la ressemblance : il ne s'agit pas simplement d'une repr\u00e9sentation d'une personne, mais d'un reflet de l'aura intangible qui l'entoure. Gr\u00e2ce \u00e0 des teintes douces, des contours fluides et une lumi\u00e8re d\u00e9licate, le sujet rayonne de calme, de force int\u00e9rieure et d'une divinit\u00e9 tranquille.<\/p>\n<p>&nbsp;<\/p>\n<p class=\"\" data-start=\"551\" data-end=\"801\">Olaonipekun d\u00e9peint Grace non seulement comme une muse, mais aussi comme l'incarnation de la paix dans un monde chaotique. La composition respire le calme et la l\u00e9g\u00e8ret\u00e9, tout en v\u00e9hiculant une profondeur \u00e9motionnelle, rendant hommage \u00e0 ceux dont la pr\u00e9sence apaise, \u00e9l\u00e8ve et inspire sans paroles.<\/p>","protected":false},"excerpt":{"rendered":"<h6><strong>Artiste : <\/strong><strong><span style=\"color: #0000ff;\"><a style=\"color: #0000ff;\" href=\"https:\/\/mawuartgallery.com\/fr\/portfolio-item\/olaonipekun-samuel-onafuye\/\">OLAONIPEKUN SAMUEL ONAFUYE<\/a><\/span><\/strong><\/h6>\n<p>Acrylique sur toile<br \/>\n(35 x 23 in. \/ 88 x 58 cm)<br \/>\nCr\u00e9\u00e9e en 2024<\/p>\n<p>&nbsp;<\/p>\n<h6>\ud83d\udd04Dans cette ench\u00e8re invers\u00e9e, le prix baisse quotidiennement\ud83d\udcc9. SOYEZ LE 1er ou la 1re \u00e0 atteindre le myst\u00e9rieux prix minimum de l'artiste\ud83c\udfafet l'\u0153uvre\ud83d\uddbc\ufe0f est \u00e0 vous! Ench\u00e9rissez avec audace!<\/h6>\n<p>&nbsp;<\/p>\n<p><strong>LIVRAISON GRATUITE POUR TOUTES LES COMMANDES<\/strong><\/p>","protected":false},"featured_media":13814,"comment_status":"open","ping_status":"closed","template":"","meta":{"nf_dc_page":""},"product_brand":[],"product_cat":[112,43],"product_tag":[32,34,42],"class_list":{"0":"post-13811","1":"product","2":"type-product","3":"status-publish","4":"has-post-thumbnail","6":"product_cat-acrylic","7":"product_cat-paintings","8":"product_tag-art","9":"product_tag-color","10":"product_tag-painting","11":"product_shipping_class-mailing-tube","13":"first","14":"instock","15":"sold-individually","16":"shipping-taxable","17":"purchasable","18":"product-type-auction"},"_links":{"self":[{"href":"https:\/\/mawuartgallery.com\/fr\/wp-json\/wp\/v2\/product\/13811","targetHints":{"allow":["GET"]}}],"collection":[{"href":"https:\/\/mawuartgallery.com\/fr\/wp-json\/wp\/v2\/product"}],"about":[{"href":"https:\/\/mawuartgallery.com\/fr\/wp-json\/wp\/v2\/types\/product"}],"replies":[{"embeddable":true,"href":"https:\/\/mawuartgallery.com\/fr\/wp-json\/wp\/v2\/comments?post=13811"}],"version-history":[{"count":1,"href":"https:\/\/mawuartgallery.com\/fr\/wp-json\/wp\/v2\/product\/13811\/revisions"}],"predecessor-version":[{"id":17545,"href":"https:\/\/mawuartgallery.com\/fr\/wp-json\/wp\/v2\/product\/13811\/revisions\/17545"}],"wp:featuredmedia":[{"embeddable":true,"href":"https:\/\/mawuartgallery.com\/fr\/wp-json\/wp\/v2\/media\/13814"}],"wp:attachment":[{"href":"https:\/\/mawuartgallery.com\/fr\/wp-json\/wp\/v2\/media?parent=13811"}],"wp:term":[{"taxonomy":"product_brand","embeddable":true,"href":"https:\/\/mawuartgallery.com\/fr\/wp-json\/wp\/v2\/product_brand?post=13811"},{"taxonomy":"product_cat","embeddable":true,"href":"https:\/\/mawuartgallery.com\/fr\/wp-json\/wp\/v2\/product_cat?post=13811"},{"taxonomy":"product_tag","embeddable":true,"href":"https:\/\/mawuartgallery.com\/fr\/wp-json\/wp\/v2\/product_tag?post=13811"}],"curies":[{"name":"wp","href":"https:\/\/api.w.org\/{rel}","templated":true}]}}